{"id":10013,"date":"2023-06-17T12:31:40","date_gmt":"2023-06-17T04:31:40","guid":{"rendered":"https:\/\/www.everbeauting.com\/?post_type=product&#038;p=10013"},"modified":"2023-06-17T12:36:45","modified_gmt":"2023-06-17T04:36:45","slug":"blonde-mono-top-pieces1","status":"publish","type":"product","link":"https:\/\/www.everbeauting.com\/es\/product\/rubia-mono-top-piezas1","title":{"rendered":"Blonde Mono Top Piece(S1)"},"content":{"rendered":"<p><strong>Rubio MONO Toppers Para Mujeres Sistema de reemplazo de cabello\u00a0<\/strong><\/p>\n<p><strong>El postizo MONO es una opci\u00f3n excelente para las personas que desean aumentar el volumen de su cabello, cubrir zonas con poco volumen o solucionar problemas de p\u00e9rdida de cabello. Su aspecto natural, transpirabilidad, versatilidad y f\u00e1cil mantenimiento la convierten en una opci\u00f3n popular y fiable para conseguir un peinado impecable y de aspecto natural.<\/strong><\/p>\n<p>Nombre del producto\uff1a Pieza superior de base mono rubia<\/p>\n<p>N\u00ba de art\u00edculo: MN-LX20239<\/p>\n<p>Tama\u00f1o de la base: 5.5\u2033 * 6\u2033<\/p>\n<p>Material base: MONO + Premiter de revestimiento de polietileno<\/p>\n<p>Material del cabello: cabello humano remy 100%<\/p>\n<p>Longitud del cabello: 16 pulgadas<\/p>\n<p>Densidad : Media 130%<\/p>\n<p>Peso : 85g<\/p>\n<p>Color : S 1 #<\/p>\n<p>Onda del cabello: Recto<\/p>\n<p>Estilo de pelo: Estilo libre<\/p>\n<p>MOQ: 5 piezas\/color\/longitud<\/p>","protected":false},"excerpt":{"rendered":"<p>Rubio MONO Toppers Para Mujeres Sistema de reemplazo de cabello La pieza superior MONO es una excelente opci\u00f3n para las personas que buscan<\/p>","protected":false},"featured_media":10014,"template":"","meta":[],"product_cat":[53,80],"product_tag":[],"class_list":{"0":"post-10013","1":"product","2":"type-product","3":"status-publish","4":"has-post-thumbnail","6":"product_cat-hair-toppers","7":"product_cat-mono-base-topper","9":"first","10":"instock","11":"shipping-taxable","12":"purchasable","13":"product-type-simple"},"_links":{"self":[{"href":"https:\/\/www.everbeauting.com\/es\/wp-json\/wp\/v2\/product\/10013","targetHints":{"allow":["GET"]}}],"collection":[{"href":"https:\/\/www.everbeauting.com\/es\/wp-json\/wp\/v2\/product"}],"about":[{"href":"https:\/\/www.everbeauting.com\/es\/wp-json\/wp\/v2\/types\/product"}],"version-history":[{"count":1,"href":"https:\/\/www.everbeauting.com\/es\/wp-json\/wp\/v2\/product\/10013\/revisions"}],"predecessor-version":[{"id":10017,"href":"https:\/\/www.everbeauting.com\/es\/wp-json\/wp\/v2\/product\/10013\/revisions\/10017"}],"wp:featuredmedia":[{"embeddable":true,"href":"https:\/\/www.everbeauting.com\/es\/wp-json\/wp\/v2\/media\/10014"}],"wp:attachment":[{"href":"https:\/\/www.everbeauting.com\/es\/wp-json\/wp\/v2\/media?parent=10013"}],"wp:term":[{"taxonomy":"product_cat","embeddable":true,"href":"https:\/\/www.everbeauting.com\/es\/wp-json\/wp\/v2\/product_cat?post=10013"},{"taxonomy":"product_tag","embeddable":true,"href":"https:\/\/www.everbeauting.com\/es\/wp-json\/wp\/v2\/product_tag?post=10013"}],"curies":[{"name":"wp","href":"https:\/\/api.w.org\/{rel}","templated":true}]}}