{"id":10018,"date":"2023-06-17T12:37:21","date_gmt":"2023-06-17T04:37:21","guid":{"rendered":"https:\/\/www.everbeauting.com\/?post_type=product&#038;p=10018"},"modified":"2023-06-17T12:40:29","modified_gmt":"2023-06-17T04:40:29","slug":"brown-mono-top-piece-s8","status":"publish","type":"product","link":"https:\/\/www.everbeauting.com\/es\/product\/marron-mono-top-pieza-s8","title":{"rendered":"Pieza superior mono marr\u00f3n (S8)"},"content":{"rendered":"<p><strong>Marr\u00f3n MONO Toppers Para Mujeres Sistema de reemplazo de cabello\u00a0<\/strong><\/p>\n<p><strong>La pieza superior MONO requiere un mantenimiento m\u00ednimo. Puede lavarse, peinarse y cuidarse igual que su cabello natural. Esto hace que su incorporaci\u00f3n a la rutina diaria sea c\u00f3moda y sin complicaciones.<\/strong><\/p>\n<p>Nombre del producto\uff1a Pieza superior monobase marr\u00f3n<\/p>\n<p>N\u00ba de art\u00edculo: MN-LX20234<\/p>\n<p>Tama\u00f1o de la base: 5.5\u2033 * 6\u2033<\/p>\n<p>Material base: MONO + Premiter de revestimiento de polietileno<\/p>\n<p>Material del cabello: cabello humano remy 100%<\/p>\n<p>Longitud del cabello: 16 pulgadas<\/p>\n<p>Densidad : Media 130%<\/p>\n<p>Peso : 85g<\/p>\n<p>Color : S 8 #<\/p>\n<p>Onda del cabello: Recto<\/p>\n<p>Estilo de pelo: Estilo libre<\/p>\n<p>MOQ: 5 piezas\/color\/longitud<\/p>","protected":false},"excerpt":{"rendered":"<p>Pieza superior MONO marr\u00f3n para mujeres Sistema de sustituci\u00f3n del cabello La pieza superior MONO requiere un mantenimiento m\u00ednimo. Se puede lavar, peinar,<\/p>","protected":false},"featured_media":10019,"template":"","meta":[],"product_cat":[53,80],"product_tag":[],"class_list":{"0":"post-10018","1":"product","2":"type-product","3":"status-publish","4":"has-post-thumbnail","6":"product_cat-hair-toppers","7":"product_cat-mono-base-topper","9":"first","10":"instock","11":"shipping-taxable","12":"purchasable","13":"product-type-simple"},"_links":{"self":[{"href":"https:\/\/www.everbeauting.com\/es\/wp-json\/wp\/v2\/product\/10018","targetHints":{"allow":["GET"]}}],"collection":[{"href":"https:\/\/www.everbeauting.com\/es\/wp-json\/wp\/v2\/product"}],"about":[{"href":"https:\/\/www.everbeauting.com\/es\/wp-json\/wp\/v2\/types\/product"}],"version-history":[{"count":1,"href":"https:\/\/www.everbeauting.com\/es\/wp-json\/wp\/v2\/product\/10018\/revisions"}],"predecessor-version":[{"id":10022,"href":"https:\/\/www.everbeauting.com\/es\/wp-json\/wp\/v2\/product\/10018\/revisions\/10022"}],"wp:featuredmedia":[{"embeddable":true,"href":"https:\/\/www.everbeauting.com\/es\/wp-json\/wp\/v2\/media\/10019"}],"wp:attachment":[{"href":"https:\/\/www.everbeauting.com\/es\/wp-json\/wp\/v2\/media?parent=10018"}],"wp:term":[{"taxonomy":"product_cat","embeddable":true,"href":"https:\/\/www.everbeauting.com\/es\/wp-json\/wp\/v2\/product_cat?post=10018"},{"taxonomy":"product_tag","embeddable":true,"href":"https:\/\/www.everbeauting.com\/es\/wp-json\/wp\/v2\/product_tag?post=10018"}],"curies":[{"name":"wp","href":"https:\/\/api.w.org\/{rel}","templated":true}]}}