{"id":10023,"date":"2023-06-17T16:51:42","date_gmt":"2023-06-17T08:51:42","guid":{"rendered":"https:\/\/www.everbeauting.com\/?post_type=product&#038;p=10023"},"modified":"2023-06-17T16:55:00","modified_gmt":"2023-06-17T08:55:00","slug":"dark-brown-mono-toppers","status":"publish","type":"product","link":"https:\/\/www.everbeauting.com\/es\/product\/marron-oscuro-mono-toppers","title":{"rendered":"Topper MONO marr\u00f3n oscuro"},"content":{"rendered":"<p><strong>Toppers Marr\u00f3n Oscuro Para Mujeres Sistema de reemplazo de cabello\u00a0<\/strong><\/p>\n<p><strong>La pieza superior MONO requiere un mantenimiento m\u00ednimo. Puede lavarse, peinarse y cuidarse igual que su cabello natural. Esto hace que su incorporaci\u00f3n a la rutina diaria sea c\u00f3moda y sin complicaciones.<\/strong><\/p>\n<p>Nombre del producto\uff1aPieza superior monobase marr\u00f3n oscuro<\/p>\n<p>N\u00ba de art\u00edculo: MN-LX20233<\/p>\n<p>Tama\u00f1o de la base: 5.5\u2033 * 6\u2033<\/p>\n<p>Material base: MONO + Premiter de revestimiento de polietileno<\/p>\n<p>Material del cabello: cabello humano remy 100%<\/p>\n<p>Longitud del cabello: 16 pulgadas<\/p>\n<p>Densidad : Media 130%<\/p>\n<p>Peso : 85g<\/p>\n<p>Color : 4 #<\/p>\n<p>Onda del cabello: Recto<\/p>\n<p>Estilo de pelo: Estilo libre<\/p>\n<p>MOQ: 5 piezas\/color\/longitud<\/p>","protected":false},"excerpt":{"rendered":"<p>Toppers Marr\u00f3n Oscuro Para Mujeres Sistema de reemplazo de cabello La pieza superior MONO requiere un mantenimiento m\u00ednimo. Se puede lavar, peinar,<\/p>","protected":false},"featured_media":10024,"template":"","meta":[],"product_cat":[53,80],"product_tag":[],"class_list":{"0":"post-10023","1":"product","2":"type-product","3":"status-publish","4":"has-post-thumbnail","6":"product_cat-hair-toppers","7":"product_cat-mono-base-topper","9":"first","10":"instock","11":"shipping-taxable","12":"purchasable","13":"product-type-simple"},"_links":{"self":[{"href":"https:\/\/www.everbeauting.com\/es\/wp-json\/wp\/v2\/product\/10023","targetHints":{"allow":["GET"]}}],"collection":[{"href":"https:\/\/www.everbeauting.com\/es\/wp-json\/wp\/v2\/product"}],"about":[{"href":"https:\/\/www.everbeauting.com\/es\/wp-json\/wp\/v2\/types\/product"}],"version-history":[{"count":2,"href":"https:\/\/www.everbeauting.com\/es\/wp-json\/wp\/v2\/product\/10023\/revisions"}],"predecessor-version":[{"id":10029,"href":"https:\/\/www.everbeauting.com\/es\/wp-json\/wp\/v2\/product\/10023\/revisions\/10029"}],"wp:featuredmedia":[{"embeddable":true,"href":"https:\/\/www.everbeauting.com\/es\/wp-json\/wp\/v2\/media\/10024"}],"wp:attachment":[{"href":"https:\/\/www.everbeauting.com\/es\/wp-json\/wp\/v2\/media?parent=10023"}],"wp:term":[{"taxonomy":"product_cat","embeddable":true,"href":"https:\/\/www.everbeauting.com\/es\/wp-json\/wp\/v2\/product_cat?post=10023"},{"taxonomy":"product_tag","embeddable":true,"href":"https:\/\/www.everbeauting.com\/es\/wp-json\/wp\/v2\/product_tag?post=10023"}],"curies":[{"name":"wp","href":"https:\/\/api.w.org\/{rel}","templated":true}]}}