{"id":10036,"date":"2023-06-18T11:38:40","date_gmt":"2023-06-18T03:38:40","guid":{"rendered":"https:\/\/www.everbeauting.com\/?post_type=product&#038;p=10036"},"modified":"2023-06-18T11:46:24","modified_gmt":"2023-06-18T03:46:24","slug":"mono-top-piece-s1","status":"publish","type":"product","link":"https:\/\/www.everbeauting.com\/es\/product\/monopieza-s1","title":{"rendered":"MONO Pieza superior ( S1)"},"content":{"rendered":"<p><strong>Peque\u00f1os MONO Toppers Para Mujeres Sistema de reemplazo de cabello\u00a0<\/strong><\/p>\n<p><strong>Los peque\u00f1os toppers mono est\u00e1n dise\u00f1ados con una base de monofilamento, que crea la ilusi\u00f3n de crecimiento natural del cabello. El material fino y transparente permite una apariencia realista similar a la del cuero cabelludo, por lo que es dif\u00edcil detectar que lleva un postizo.<\/strong><\/p>\n<p>Nombre del Producto\uff1a Color Rubio peque\u00f1a base MONO pieza superior<\/p>\n<p>N\u00ba de art\u00edculo: MN-LX20261<\/p>\n<p>Tama\u00f1o de la base : 3\u2033 * 5\u2033<\/p>\n<p>Material base: MONO + Premiter de revestimiento de polietileno<\/p>\n<p>Material del cabello: cabello humano remy 100%<\/p>\n<p>Longitud del cabello: 16 pulgadas<\/p>\n<p>Densidad : Media 130%<\/p>\n<p>Peso : 45 g<\/p>\n<p>Color : S 1 #<\/p>\n<p>Onda del cabello: Recto<\/p>\n<p>Estilo de pelo: Estilo libre<\/p>\n<p>MOQ: 5 piezas\/color\/longitud<\/p>","protected":false},"excerpt":{"rendered":"<p>Peque\u00f1os MONO Toppers Para Mujeres Sistema de reemplazo de cabello Peque\u00f1os mono toppers est\u00e1n dise\u00f1ados con una base de monofilamento, que crea la<\/p>","protected":false},"featured_media":10037,"template":"","meta":[],"product_cat":[53,80],"product_tag":[],"class_list":{"0":"post-10036","1":"product","2":"type-product","3":"status-publish","4":"has-post-thumbnail","6":"product_cat-hair-toppers","7":"product_cat-mono-base-topper","9":"first","10":"instock","11":"shipping-taxable","12":"purchasable","13":"product-type-simple"},"_links":{"self":[{"href":"https:\/\/www.everbeauting.com\/es\/wp-json\/wp\/v2\/product\/10036","targetHints":{"allow":["GET"]}}],"collection":[{"href":"https:\/\/www.everbeauting.com\/es\/wp-json\/wp\/v2\/product"}],"about":[{"href":"https:\/\/www.everbeauting.com\/es\/wp-json\/wp\/v2\/types\/product"}],"version-history":[{"count":2,"href":"https:\/\/www.everbeauting.com\/es\/wp-json\/wp\/v2\/product\/10036\/revisions"}],"predecessor-version":[{"id":10041,"href":"https:\/\/www.everbeauting.com\/es\/wp-json\/wp\/v2\/product\/10036\/revisions\/10041"}],"wp:featuredmedia":[{"embeddable":true,"href":"https:\/\/www.everbeauting.com\/es\/wp-json\/wp\/v2\/media\/10037"}],"wp:attachment":[{"href":"https:\/\/www.everbeauting.com\/es\/wp-json\/wp\/v2\/media?parent=10036"}],"wp:term":[{"taxonomy":"product_cat","embeddable":true,"href":"https:\/\/www.everbeauting.com\/es\/wp-json\/wp\/v2\/product_cat?post=10036"},{"taxonomy":"product_tag","embeddable":true,"href":"https:\/\/www.everbeauting.com\/es\/wp-json\/wp\/v2\/product_tag?post=10036"}],"curies":[{"name":"wp","href":"https:\/\/api.w.org\/{rel}","templated":true}]}}