{"id":10167,"date":"2023-07-21T17:17:43","date_gmt":"2023-07-21T09:17:43","guid":{"rendered":"https:\/\/www.everbeauting.com\/?post_type=product&#038;p=10167"},"modified":"2023-07-21T17:35:40","modified_gmt":"2023-07-21T09:35:40","slug":"keratin-hair-heat-shield","status":"publish","type":"product","link":"https:\/\/www.everbeauting.com\/es\/product\/keratin-hair-heat-shield","title":{"rendered":"Protectores t\u00e9rmicos de queratina"},"content":{"rendered":"<p><strong>Keratin Hair heat Shield Scalp, protector t\u00e9rmico para extensiones de queratina, protector t\u00e9rmico para el cabello con punta en U, protector t\u00e9rmico de PVC<\/strong><\/p>\n<p><strong>Los protectores t\u00e9rmicos de queratina son productos o tratamientos que utilizan la queratina, una prote\u00edna que se encuentra en el cabello, para protegerlo de los da\u00f1os causados por el calor de herramientas de peinado como planchas, rizadores y secadores. <\/strong><\/p>\n<p>Tipo: Protector t\u00e9rmico para extensiones de queratina<\/p>\n<p>Materiales:  PVC<\/p>\n<p>Forma: Redonda y rectangular<\/p>\n<p>Tama\u00f1o: 2 Pulgadas \/ hoja<\/p>\n<p>Paquete: 50 unidades \/ bolsa<\/p>\n<p>Otras herramientas de extensi\u00f3n:     Protector de dedos, Protector de PVC, Organizador de PVC, Hotpot de pegamento; Granos de pegamento, Barra de pegamento, Pistola de pegamento, Peine para extensiones de cabello, Enhebrador para tejer el cabello, Bond para tejer el cabello, Removedor de Bond para cabello, Removedor de queratina para cabello.<\/p>","protected":false},"excerpt":{"rendered":"<p>Keratin Hair heat Shield Scalp, protector t\u00e9rmico para extensiones de queratina, protector t\u00e9rmico para el cabello con punta en U, protector t\u00e9rmico de PVC Protectores t\u00e9rmicos de queratina<\/p>","protected":false},"featured_media":10174,"template":"","meta":[],"product_cat":[42,91],"product_tag":[124,126,125],"class_list":{"0":"post-10167","1":"product","2":"type-product","3":"status-publish","4":"has-post-thumbnail","6":"product_cat-tools-accessories","7":"product_cat-prebond-hair-tools","8":"product_tag-keratin-hair-heat-shields","9":"product_tag-keratin-hair-installing-tools","10":"product_tag-keratin-hair-protector","12":"first","13":"instock","14":"shipping-taxable","15":"purchasable","16":"product-type-simple"},"_links":{"self":[{"href":"https:\/\/www.everbeauting.com\/es\/wp-json\/wp\/v2\/product\/10167","targetHints":{"allow":["GET"]}}],"collection":[{"href":"https:\/\/www.everbeauting.com\/es\/wp-json\/wp\/v2\/product"}],"about":[{"href":"https:\/\/www.everbeauting.com\/es\/wp-json\/wp\/v2\/types\/product"}],"version-history":[{"count":4,"href":"https:\/\/www.everbeauting.com\/es\/wp-json\/wp\/v2\/product\/10167\/revisions"}],"predecessor-version":[{"id":10176,"href":"https:\/\/www.everbeauting.com\/es\/wp-json\/wp\/v2\/product\/10167\/revisions\/10176"}],"wp:featuredmedia":[{"embeddable":true,"href":"https:\/\/www.everbeauting.com\/es\/wp-json\/wp\/v2\/media\/10174"}],"wp:attachment":[{"href":"https:\/\/www.everbeauting.com\/es\/wp-json\/wp\/v2\/media?parent=10167"}],"wp:term":[{"taxonomy":"product_cat","embeddable":true,"href":"https:\/\/www.everbeauting.com\/es\/wp-json\/wp\/v2\/product_cat?post=10167"},{"taxonomy":"product_tag","embeddable":true,"href":"https:\/\/www.everbeauting.com\/es\/wp-json\/wp\/v2\/product_tag?post=10167"}],"curies":[{"name":"wp","href":"https:\/\/api.w.org\/{rel}","templated":true}]}}