{"id":10178,"date":"2023-07-21T18:28:38","date_gmt":"2023-07-21T10:28:38","guid":{"rendered":"https:\/\/www.everbeauting.com\/?post_type=product&#038;p=10178"},"modified":"2023-07-21T18:28:40","modified_gmt":"2023-07-21T10:28:40","slug":"air-cushion-hair-brush-combs","status":"publish","type":"product","link":"https:\/\/www.everbeauting.com\/es\/product\/air-cushion-hair-brush-combs","title":{"rendered":"Cepillo de pelo Air Cushion Peines"},"content":{"rendered":"<p><strong>Peines de Masaje, Cepillo de Masaje con Bolsa de Aire, Cepillo Desenredante y Set de Peine para el Cabello, Cepillo de Masaje con Alfileres de Nylon<\/strong><\/p>\n<p><strong>La amortiguaci\u00f3n flexible del cepillo permite que las cerdas se deslicen por el cabello con un m\u00ednimo de tirones. Esta suave funci\u00f3n desenredante ayuda a minimizar la rotura y a reducir la tensi\u00f3n en las hebras capilares, por lo que es adecuado para todo tipo de cabellos, incluidos los delicados o da\u00f1ados.<\/strong><\/p>\n<p>Nombre del producto: Set de cepillo desenredante y peine<\/p>\n<p>Materiales:  PP+TPR+Nylon + pintura de caucho<\/p>\n<p>Dise\u00f1o:  M\u00e1s suave, c\u00f3modo y antideslizante<\/p>\n<p>Color: Verde oscuro, Negro<\/p>\n<p>Peso: 351 g\/unidad<\/p>\n<p>Embalaje: bolsa opp<\/p>\n<p>Funci\u00f3n: Alisado+Masaje<\/p>\n<p>Uso:  Salon,Hogar,Peluqueria<\/p>\n<p>MOQ: 100 juegos<\/p>\n<p>&nbsp;<\/p>\n<p>&nbsp;<\/p>\n<h1 data-spm-anchor-id=\"a2700.wholesale.0.i27.b4b2680fIf6iwl\"><\/h1>","protected":false},"excerpt":{"rendered":"<p>Peines de masaje, Airbag peine de masaje cepillo para el cabello, cepillo desenredante y peine del pelo Set, pasadores de nylon masaje Paddle cepillo El flexible<\/p>","protected":false},"featured_media":10179,"template":"","meta":[],"product_cat":[42,93],"product_tag":[128,129,127],"class_list":{"0":"post-10178","1":"product","2":"type-product","3":"status-publish","4":"has-post-thumbnail","6":"product_cat-tools-accessories","7":"product_cat-other-tools","8":"product_tag-air-cushion-hair-brush","9":"product_tag-hair-comb","10":"product_tag-massage-hair-brush","12":"first","13":"instock","14":"shipping-taxable","15":"purchasable","16":"product-type-simple"},"_links":{"self":[{"href":"https:\/\/www.everbeauting.com\/es\/wp-json\/wp\/v2\/product\/10178","targetHints":{"allow":["GET"]}}],"collection":[{"href":"https:\/\/www.everbeauting.com\/es\/wp-json\/wp\/v2\/product"}],"about":[{"href":"https:\/\/www.everbeauting.com\/es\/wp-json\/wp\/v2\/types\/product"}],"version-history":[{"count":1,"href":"https:\/\/www.everbeauting.com\/es\/wp-json\/wp\/v2\/product\/10178\/revisions"}],"predecessor-version":[{"id":10183,"href":"https:\/\/www.everbeauting.com\/es\/wp-json\/wp\/v2\/product\/10178\/revisions\/10183"}],"wp:featuredmedia":[{"embeddable":true,"href":"https:\/\/www.everbeauting.com\/es\/wp-json\/wp\/v2\/media\/10179"}],"wp:attachment":[{"href":"https:\/\/www.everbeauting.com\/es\/wp-json\/wp\/v2\/media?parent=10178"}],"wp:term":[{"taxonomy":"product_cat","embeddable":true,"href":"https:\/\/www.everbeauting.com\/es\/wp-json\/wp\/v2\/product_cat?post=10178"},{"taxonomy":"product_tag","embeddable":true,"href":"https:\/\/www.everbeauting.com\/es\/wp-json\/wp\/v2\/product_tag?post=10178"}],"curies":[{"name":"wp","href":"https:\/\/api.w.org\/{rel}","templated":true}]}}