{"id":10224,"date":"2023-10-27T14:41:57","date_gmt":"2023-10-27T06:41:57","guid":{"rendered":"https:\/\/www.everbeauting.com\/?post_type=product&#038;p=10224"},"modified":"2023-10-27T14:41:59","modified_gmt":"2023-10-27T06:41:59","slug":"2nd-generation-6d-hair-extensions","status":"publish","type":"product","link":"https:\/\/www.everbeauting.com\/es\/product\/extensiones-de-pelo-6d-de-2a-generacion","title":{"rendered":"Extensiones de pelo 6D de 2\u00aa generaci\u00f3n"},"content":{"rendered":"<p>Las extensiones de cabello 6D est\u00e1n dise\u00f1adas para imitar el cabello natural, proporcionando una mezcla perfecta con su propio cabello. La t\u00e9cnica de colocaci\u00f3n en seis dimensiones ayuda a crear un aspecto m\u00e1s realista y con m\u00e1s volumen.Estas extensiones ofrecen versatilidad en cuanto a peinados. Puede peinarlas igual que su cabello natural, incluso rizarlas, alisarlas o a\u00f1adirles diferentes accesorios.<\/p>\n<p>Nombre del producto\uff1a Remy Human Hair 2nd Generation 6D Hair Extensions<\/p>\n<p>Materias primas: cabello humano natural<\/p>\n<p>Longitud del pelo: de 14 a 28 pulgadas<\/p>\n<p>Color de pelo: 30 colores s\u00f3lidos, 15 colores ombre , 15 colores piano y 15 colores balayage<\/p>\n<p>Peinado: liso u ondulado<\/p>\n<p>Peso del pelo: 5 g\/unidad y 25 g\/atado<\/p>\n<p>Caracter\u00edstica del pelo: no se enreda ni se desprende<\/p>\n<p>Vida del cabello: 12-15 meses con un mantenimiento adecuado<\/p>\n<p>Tipo de cabello: Cabello natural de primera calidad<\/p>\n<p>Proporci\u00f3n de pelo: Doble dibujado (30% pelo m\u00e1s largo de todo el haz)<\/p>\n<p>Embalaje:  Paquete de f\u00e1brica o paquete de marca personalizada<\/p>\n<p>Plazo de entrega: 10 d\u00edas para muestras y 25 d\u00edas para pedidos oficiales<\/p>\n<p>&nbsp;<\/p>","protected":false},"excerpt":{"rendered":"<p>6D hair extensions are designed to mimic natural hair, providing a seamless blend with your own hair. The six-dimensional placement<\/p>","protected":false},"featured_media":10225,"template":"","meta":[],"product_cat":[20,133],"product_tag":[137,134,136,135],"class_list":{"0":"post-10224","1":"product","2":"type-product","3":"status-publish","4":"has-post-thumbnail","6":"product_cat-hair-extensions","7":"product_cat-6d-hair-series","8":"product_tag-2nd-6d-hair","9":"product_tag-6d-hair","10":"product_tag-6d-hair-extensions","11":"product_tag-human-hair","13":"first","14":"instock","15":"shipping-taxable","16":"purchasable","17":"product-type-simple"},"_links":{"self":[{"href":"https:\/\/www.everbeauting.com\/es\/wp-json\/wp\/v2\/product\/10224","targetHints":{"allow":["GET"]}}],"collection":[{"href":"https:\/\/www.everbeauting.com\/es\/wp-json\/wp\/v2\/product"}],"about":[{"href":"https:\/\/www.everbeauting.com\/es\/wp-json\/wp\/v2\/types\/product"}],"version-history":[{"count":1,"href":"https:\/\/www.everbeauting.com\/es\/wp-json\/wp\/v2\/product\/10224\/revisions"}],"predecessor-version":[{"id":10229,"href":"https:\/\/www.everbeauting.com\/es\/wp-json\/wp\/v2\/product\/10224\/revisions\/10229"}],"wp:featuredmedia":[{"embeddable":true,"href":"https:\/\/www.everbeauting.com\/es\/wp-json\/wp\/v2\/media\/10225"}],"wp:attachment":[{"href":"https:\/\/www.everbeauting.com\/es\/wp-json\/wp\/v2\/media?parent=10224"}],"wp:term":[{"taxonomy":"product_cat","embeddable":true,"href":"https:\/\/www.everbeauting.com\/es\/wp-json\/wp\/v2\/product_cat?post=10224"},{"taxonomy":"product_tag","embeddable":true,"href":"https:\/\/www.everbeauting.com\/es\/wp-json\/wp\/v2\/product_tag?post=10224"}],"curies":[{"name":"wp","href":"https:\/\/api.w.org\/{rel}","templated":true}]}}