{"id":10230,"date":"2023-10-27T15:11:35","date_gmt":"2023-10-27T07:11:35","guid":{"rendered":"https:\/\/www.everbeauting.com\/?post_type=product&#038;p=10230"},"modified":"2023-10-27T15:11:37","modified_gmt":"2023-10-27T07:11:37","slug":"6d-hair-extensions-russian-human-hair","status":"publish","type":"product","link":"https:\/\/www.everbeauting.com\/es\/product\/6d-pelo-extensiones-pelo-humano-ruso","title":{"rendered":"Extensiones 6D Cabello Humano Ruso"},"content":{"rendered":"<p>Las extensiones de cabello 6D est\u00e1n dise\u00f1adas para imitar el cabello natural, proporcionando una mezcla perfecta con su propio cabello. Esta t\u00e9cnica ayuda a crear un aspecto m\u00e1s realista y con m\u00e1s volumen.Estas extensiones ofrecen versatilidad en cuanto a peinados. Puede peinarlas igual que su cabello natural, rizarlas, alisarlas o a\u00f1adirles diferentes accesorios.<\/p>\n<p>Nombre del producto\uff1a Remy Human Hair 2nd Generation 6D Hair Extensions<\/p>\n<p>Materias primas: cabello humano natural<\/p>\n<p>Longitud del pelo: de 14 a 28 pulgadas<\/p>\n<p>Color de pelo: casta\u00f1o medio 4#<\/p>\n<p>Peinado: liso u ondulado<\/p>\n<p>Peso del pelo: 5 g\/unidad y 25 g\/atado<\/p>\n<p>Caracter\u00edstica del pelo: no se enreda ni se desprende<\/p>\n<p>Vida del cabello: 12-15 meses con un mantenimiento adecuado<\/p>\n<p>Tipo de cabello: Cabello natural de primera calidad<\/p>\n<p>Proporci\u00f3n de pelo: Doble dibujado (30% pelo m\u00e1s largo de todo el haz)<\/p>\n<p>Embalaje:  Paquete de f\u00e1brica o paquete de marca personalizada<\/p>\n<p>Plazo de entrega: 10 d\u00edas para muestras y 25 d\u00edas para pedidos oficiales<\/p>","protected":false},"excerpt":{"rendered":"<p>Las extensiones de cabello 6D est\u00e1n dise\u00f1adas para imitar el cabello natural, proporcionando una mezcla perfecta con su propio cabello. Esta t\u00e9cnica ayuda a<\/p>","protected":false},"featured_media":10231,"template":"","meta":[],"product_cat":[20,133],"product_tag":[134,136,141,138,135,140,143,142,139,144],"class_list":{"0":"post-10230","1":"product","2":"type-product","3":"status-publish","4":"has-post-thumbnail","6":"product_cat-hair-extensions","7":"product_cat-6d-hair-series","8":"product_tag-6d-hair","9":"product_tag-6d-hair-extensions","10":"product_tag-fashion-hair","11":"product_tag-hair-extensions","12":"product_tag-human-hair","13":"product_tag-new-hair-extensions","14":"product_tag-raw-hair","15":"product_tag-remy-hair","16":"product_tag-russian-6d-hair","17":"product_tag-russian-hair","19":"first","20":"instock","21":"shipping-taxable","22":"purchasable","23":"product-type-simple"},"_links":{"self":[{"href":"https:\/\/www.everbeauting.com\/es\/wp-json\/wp\/v2\/product\/10230","targetHints":{"allow":["GET"]}}],"collection":[{"href":"https:\/\/www.everbeauting.com\/es\/wp-json\/wp\/v2\/product"}],"about":[{"href":"https:\/\/www.everbeauting.com\/es\/wp-json\/wp\/v2\/types\/product"}],"version-history":[{"count":1,"href":"https:\/\/www.everbeauting.com\/es\/wp-json\/wp\/v2\/product\/10230\/revisions"}],"predecessor-version":[{"id":10235,"href":"https:\/\/www.everbeauting.com\/es\/wp-json\/wp\/v2\/product\/10230\/revisions\/10235"}],"wp:featuredmedia":[{"embeddable":true,"href":"https:\/\/www.everbeauting.com\/es\/wp-json\/wp\/v2\/media\/10231"}],"wp:attachment":[{"href":"https:\/\/www.everbeauting.com\/es\/wp-json\/wp\/v2\/media?parent=10230"}],"wp:term":[{"taxonomy":"product_cat","embeddable":true,"href":"https:\/\/www.everbeauting.com\/es\/wp-json\/wp\/v2\/product_cat?post=10230"},{"taxonomy":"product_tag","embeddable":true,"href":"https:\/\/www.everbeauting.com\/es\/wp-json\/wp\/v2\/product_tag?post=10230"}],"curies":[{"name":"wp","href":"https:\/\/api.w.org\/{rel}","templated":true}]}}