{"id":10236,"date":"2023-10-27T15:27:30","date_gmt":"2023-10-27T07:27:30","guid":{"rendered":"https:\/\/www.everbeauting.com\/?post_type=product&#038;p=10236"},"modified":"2023-10-27T15:27:32","modified_gmt":"2023-10-27T07:27:32","slug":"top-quality-6d-hair-extensions","status":"publish","type":"product","link":"https:\/\/www.everbeauting.com\/es\/product\/extensiones-de-pelo-6d-de-calidad-superior","title":{"rendered":"Extensiones de pelo 6D de alta calidad"},"content":{"rendered":"<p><span style=\"font-size: 12pt;\"><strong>Las extensiones de cabello 6D est\u00e1n dise\u00f1adas para imitar el cabello natural, proporcionando una mezcla perfecta con su propio cabello. Estas extensiones ofrecen versatilidad en cuanto a peinados. Las extensiones 6D son una excelente opci\u00f3n si desea a\u00f1adir volumen o longitud a su cabello. Pueden ayudar a transformar el cabello fino o corto en un estilo m\u00e1s voluminoso y largo.<\/strong><\/span><\/p>\n<p>Nombre del producto\uff1a Remy Human Hair 2nd Generation 6D Hair Extensions<\/p>\n<p>Materias primas: cabello humano natural<\/p>\n<p>Longitud del pelo: de 14 a 28 pulgadas<\/p>\n<p>Color de pelo: casta\u00f1o medio 6#<\/p>\n<p>Peinado: liso u ondulado<\/p>\n<p>Peso del pelo: 5 g\/unidad y 25 g\/atado<\/p>\n<p>Caracter\u00edstica del pelo: no se enreda ni se desprende<\/p>\n<p>Vida del cabello: 12-15 meses con un mantenimiento adecuado<\/p>\n<p>Tipo de cabello: Cabello natural de primera calidad<\/p>\n<p>Proporci\u00f3n de pelo: Doble dibujado (30% pelo m\u00e1s largo de todo el haz)<\/p>\n<p>Embalaje:  Paquete de f\u00e1brica o paquete de marca personalizada<\/p>\n<p>Plazo de entrega: 10 d\u00edas para muestras y 25 d\u00edas para pedidos oficiales<\/p>","protected":false},"excerpt":{"rendered":"<p>Las extensiones de cabello 6D est\u00e1n dise\u00f1adas para imitar el cabello natural, proporcionando una mezcla perfecta con su propio cabello. Esta t\u00e9cnica ayuda a<\/p>","protected":false},"featured_media":10237,"template":"","meta":[],"product_cat":[20,133],"product_tag":[149,134,145,146,148,150,151,147,152],"class_list":{"0":"post-10236","1":"product","2":"type-product","3":"status-publish","4":"has-post-thumbnail","6":"product_cat-hair-extensions","7":"product_cat-6d-hair-series","8":"product_tag-20-inch-6d-hair","9":"product_tag-6d-hair","10":"product_tag-6d-hair-supplier","11":"product_tag-6d-hair-vendor","12":"product_tag-6d-hair-wholesale-price","13":"product_tag-black-color-6d-hair","14":"product_tag-brown-color-6d-hair","15":"product_tag-cheap-6d-hair","16":"product_tag-new-6d-hair","18":"first","19":"instock","20":"shipping-taxable","21":"purchasable","22":"product-type-simple"},"_links":{"self":[{"href":"https:\/\/www.everbeauting.com\/es\/wp-json\/wp\/v2\/product\/10236","targetHints":{"allow":["GET"]}}],"collection":[{"href":"https:\/\/www.everbeauting.com\/es\/wp-json\/wp\/v2\/product"}],"about":[{"href":"https:\/\/www.everbeauting.com\/es\/wp-json\/wp\/v2\/types\/product"}],"version-history":[{"count":1,"href":"https:\/\/www.everbeauting.com\/es\/wp-json\/wp\/v2\/product\/10236\/revisions"}],"predecessor-version":[{"id":10241,"href":"https:\/\/www.everbeauting.com\/es\/wp-json\/wp\/v2\/product\/10236\/revisions\/10241"}],"wp:featuredmedia":[{"embeddable":true,"href":"https:\/\/www.everbeauting.com\/es\/wp-json\/wp\/v2\/media\/10237"}],"wp:attachment":[{"href":"https:\/\/www.everbeauting.com\/es\/wp-json\/wp\/v2\/media?parent=10236"}],"wp:term":[{"taxonomy":"product_cat","embeddable":true,"href":"https:\/\/www.everbeauting.com\/es\/wp-json\/wp\/v2\/product_cat?post=10236"},{"taxonomy":"product_tag","embeddable":true,"href":"https:\/\/www.everbeauting.com\/es\/wp-json\/wp\/v2\/product_tag?post=10236"}],"curies":[{"name":"wp","href":"https:\/\/api.w.org\/{rel}","templated":true}]}}