{"id":10251,"date":"2023-11-04T15:01:38","date_gmt":"2023-11-04T07:01:38","guid":{"rendered":"https:\/\/www.everbeauting.com\/?post_type=product&#038;p=10251"},"modified":"2023-11-04T15:01:40","modified_gmt":"2023-11-04T07:01:40","slug":"human-hair-mono-hair-piece-topper","status":"publish","type":"product","link":"https:\/\/www.everbeauting.com\/es\/product\/pelo-humano-mono-pelo-pieza-topper","title":{"rendered":"Mono Hair Piece \/ Topper de Cabello Humano"},"content":{"rendered":"<p><b>Cabello Humano Mono Pieza \/ Toppers<\/b><\/p>\n<p><strong>En\u00a0<em class=\"t55VCb\">Mono<\/em>\u00a0Cabello\u00a0<em class=\"t55VCb\">Topper<\/em> presenta un material de malla ultrafina en el que los cabellos individuales est\u00e1n atados a mano, lo que da la ilusi\u00f3n de que el cabello crece desde el cuero cabelludo.  La caracter\u00edstica indetectable de la\u00a0<em class=\"t55VCb\">mono<\/em>\u00a0material te da la posibilidad de la parte donde quieras, y lucir los peinados m\u00e1s bellos.<\/strong><\/p>\n<p><span style=\"font-size: 14pt;\"><strong>Informaci\u00f3n sobre el producto<\/strong><\/span><\/p>\n<p><span style=\"font-family: 'times new roman', times, serif; font-size: 14pt;\">Nombre del producto\uff1aHuman Hair MONO Hair Toppers Highlight Colors.\u00a0<\/span><\/p>\n<p><span style=\"font-family: 'times new roman', times, serif; font-size: 14pt;\">N\u00ba de art\u00edculo: Magic-3<\/span><\/p>\n<p><span style=\"font-family: 'times new roman', times, serif; font-size: 14pt;\">Tama\u00f1o de la base: 5.5\u2033 * 6\u2033<\/span><\/p>\n<p><span style=\"font-family: 'times new roman', times, serif; font-size: 14pt;\">Material de base\uff1a MONO + per\u00edmetro de revestimiento Poly<\/span><\/p>\n<p><span style=\"font-family: 'times new roman', times, serif; font-size: 14pt;\">Material del cabello: cabello humano remy 100%<\/span><\/p>\n<p><span style=\"font-family: 'times new roman', times, serif; font-size: 14pt;\">Longitud del cabello: 16 pulgadas<\/span><\/p>\n<p><span style=\"font-family: 'times new roman', times, serif; font-size: 14pt;\">Densidad : Media 130%<\/span><\/p>\n<p><span style=\"font-family: 'times new roman', times, serif; font-size: 14pt;\">Peso : 100 g<\/span><\/p>\n<p><span style=\"font-family: 'times new roman', times, serif; font-size: 14pt;\">Color : color de realce 6B #<\/span><\/p>\n<p><span style=\"font-family: 'times new roman', times, serif; font-size: 14pt;\">Onda del cabello: Recto<\/span><\/p>\n<p><span style=\"font-family: 'times new roman', times, serif; font-size: 14pt;\">Estilo de pelo: Estilo libre<\/span><\/p>\n<p><span style=\"font-family: 'times new roman', times, serif; font-size: 14pt;\">MOQ: 5 piezas\/color\/longitud<\/span><\/p>\n<p>&nbsp;<\/p>\n<p><span style=\"font-size: 14pt;\"><strong>Caracter\u00edsticas especiales<\/strong><\/span><\/p>\n<ul>\n<li><span style=\"font-family: 'times new roman', times, serif; font-size: 14pt;\">Tama\u00f1o de base \u00fanico:  El tama\u00f1o de la base son probados y modificados m\u00e1s de 30 veces .  Es perfecto para a\u00f1adir plenitud, ocultando adelgazamiento, o cubrir el nuevo crecimiento entre los colores.<\/span><\/li>\n<\/ul>\n<ul>\n<li><span style=\"font-family: 'times new roman', times, serif; font-size: 14pt;\">Base de monofilamento : Este material da la apariencia de su propio cuero cabelludo natural<\/span><\/li>\n<\/ul>\n<ul>\n<li><span style=\"font-family: 'times new roman', times, serif; font-size: 14pt;\">Clips sensibles a la presi\u00f3n : Nuestros clips son f\u00e1ciles de aplicar, seguros, ligeros, no da\u00f1inos y no permanentes.<\/span><\/li>\n<\/ul>\n<ul>\n<li><span style=\"font-family: 'times new roman', times, serif; font-size: 14pt;\">Cabello humano Remy de alta calidad: Los toppers de pelo se pueden peinar de cualquier manera que desee, de larga duraci\u00f3n, se ve incre\u00edblemente natural<\/span><\/li>\n<\/ul>","protected":false},"excerpt":{"rendered":"<p>Human Hair Mono Hair Piece \/ Toppers El Mono Hair Topper cuenta con un material de malla ultra fina donde los pelos individuales son atados a mano, dando<\/p>","protected":false},"featured_media":10252,"template":"","meta":[],"product_cat":[53,80],"product_tag":[162,161,163,165,166,164],"class_list":{"0":"post-10251","1":"product","2":"type-product","3":"status-publish","4":"has-post-thumbnail","6":"product_cat-hair-toppers","7":"product_cat-mono-base-topper","8":"product_tag-hair-piece","9":"product_tag-hair-topper","10":"product_tag-mono-hair-topper","11":"product_tag-mono-top-hair-toppers","12":"product_tag-monofilament-hair-toppers","13":"product_tag-monofilament-topper","15":"first","16":"instock","17":"shipping-taxable","18":"purchasable","19":"product-type-simple"},"_links":{"self":[{"href":"https:\/\/www.everbeauting.com\/es\/wp-json\/wp\/v2\/product\/10251","targetHints":{"allow":["GET"]}}],"collection":[{"href":"https:\/\/www.everbeauting.com\/es\/wp-json\/wp\/v2\/product"}],"about":[{"href":"https:\/\/www.everbeauting.com\/es\/wp-json\/wp\/v2\/types\/product"}],"version-history":[{"count":1,"href":"https:\/\/www.everbeauting.com\/es\/wp-json\/wp\/v2\/product\/10251\/revisions"}],"predecessor-version":[{"id":10257,"href":"https:\/\/www.everbeauting.com\/es\/wp-json\/wp\/v2\/product\/10251\/revisions\/10257"}],"wp:featuredmedia":[{"embeddable":true,"href":"https:\/\/www.everbeauting.com\/es\/wp-json\/wp\/v2\/media\/10252"}],"wp:attachment":[{"href":"https:\/\/www.everbeauting.com\/es\/wp-json\/wp\/v2\/media?parent=10251"}],"wp:term":[{"taxonomy":"product_cat","embeddable":true,"href":"https:\/\/www.everbeauting.com\/es\/wp-json\/wp\/v2\/product_cat?post=10251"},{"taxonomy":"product_tag","embeddable":true,"href":"https:\/\/www.everbeauting.com\/es\/wp-json\/wp\/v2\/product_tag?post=10251"}],"curies":[{"name":"wp","href":"https:\/\/api.w.org\/{rel}","templated":true}]}}