{"id":10288,"date":"2023-11-04T16:48:09","date_gmt":"2023-11-04T08:48:09","guid":{"rendered":"https:\/\/www.everbeauting.com\/?post_type=product&#038;p=10288"},"modified":"2023-11-04T16:48:15","modified_gmt":"2023-11-04T08:48:15","slug":"fine-mono-toppers-for-women","status":"publish","type":"product","link":"https:\/\/www.everbeauting.com\/es\/product\/finos-mono-toppers-para-mujer","title":{"rendered":"Mono toppers finos para mujer"},"content":{"rendered":"<p><span style=\"font-family: times new roman, times, serif;\"><span style=\"font-size: 24px;\"><b>Toppers MONO finos para mujer<\/b><\/span><\/span><\/p>\n<p><span style=\"font-size: 14pt;\">Los toppers de monocabello son conocidos por su durabilidad y calidad duradera. La base de monofilamento proporciona resistencia y estabilidad, garantizando que el postizo mantenga su forma e integridad con el paso del tiempo.<\/span><\/p>\n<p><span style=\"font-size: 18pt;\"><strong>Informaci\u00f3n sobre el producto<\/strong><\/span><\/p>\n<p>Nombre del producto\uff1aHuman Hair MONO Hair Toppers Highlight Colors.<\/p>\n<p>N\u00ba de art\u00edculo: Magic-3<\/p>\n<p>Tama\u00f1o de la base: 5.5\u2033 * 6\u2033<\/p>\n<p>Material de base\uff1a MONO + per\u00edmetro de revestimiento Poly<\/p>\n<p>Material del cabello: cabello humano remy 100%<\/p>\n<p>Longitud del cabello: 16 pulgadas<\/p>\n<p>Densidad : Media 130%<\/p>\n<p>Peso : 100 g<\/p>\n<p>Color : color de realce 10\/8NB #<\/p>\n<p>Onda del cabello: Recto<\/p>\n<p>Estilo de pelo: Estilo libre<\/p>\n<p>MOQ: 5 piezas\/color\/longitud<\/p>\n<p>&nbsp;<\/p>\n<p><span style=\"font-size: 18pt;\"><strong>Caracter\u00edsticas especiales<\/strong><\/span><\/p>\n<ul>\n<li><strong>Aspecto natural y realista:<\/strong>\u00a0Los toppers monocabello se fabrican con una base de monofilamento que imita el aspecto del cuero cabelludo natural. Esto da la ilusi\u00f3n de que crece cabello real del cuero cabelludo, por lo que es dif\u00edcil detectar que llevas un postizo.<\/li>\n<\/ul>\n<ul>\n<li><strong>Transpirabilidad:<\/strong>\u00a0El material de monofilamento utilizado en los postizos mono permite una mejor circulaci\u00f3n del aire, manteniendo el cuero cabelludo fresco y c\u00f3modo. Esto es especialmente beneficioso para quienes experimentan molestias o sudoraci\u00f3n con otros tipos de postizos.<\/li>\n<\/ul>\n<ul>\n<li><strong>Clips sensibles a la presi\u00f3n :<\/strong>\u00a0Nuestros clips son f\u00e1ciles de colocar, seguros, ligeros, no da\u00f1an y no son permanentes.<\/li>\n<\/ul>\n<ul>\n<li><strong>Durabilidad:<\/strong> Los toppers de monocabello son conocidos por su durabilidad y calidad duradera. La base de monofilamento proporciona resistencia y estabilidad, garantizando que el postizo mantenga su forma e integridad con el paso del tiempo.<\/li>\n<\/ul>\n<ul>\n<li><strong>Protecci\u00f3n capilar<\/strong>: Llevar un monocepillo puede ayudar a proteger el cabello natural de los da\u00f1os causados por el peinado, el calor o los tratamientos qu\u00edmicos. Proporciona una barrera entre el cabello y los factores externos, reduciendo el riesgo de rotura y favoreciendo un crecimiento m\u00e1s sano.<\/li>\n<\/ul>\n<ul>\n<li><strong>F\u00e1cil integraci\u00f3n: <\/strong>Los toppers monocapa est\u00e1n dise\u00f1ados para combinarse a la perfecci\u00f3n con el cabello natural. Pueden fijarse con clips, cintas o tiras adhesivas, lo que permite una f\u00e1cil integraci\u00f3n con el cabello natural sin causar da\u00f1os ni molestias.<\/li>\n<\/ul>","protected":false},"excerpt":{"rendered":"<p>Toppers MONO finos para mujer Los toppers de pelo mono son conocidos por su durabilidad y calidad de larga duraci\u00f3n. La base de monofilamento proporciona<\/p>","protected":false},"featured_media":10289,"template":"","meta":[],"product_cat":[53,80],"product_tag":[185,181,182,178,184,183],"class_list":{"0":"post-10288","1":"product","2":"type-product","3":"status-publish","4":"has-post-thumbnail","6":"product_cat-hair-toppers","7":"product_cat-mono-base-topper","8":"product_tag-customized-order-mono-topper","9":"product_tag-fine-mono-topper","10":"product_tag-highlight-color-mono-toppers","11":"product_tag-human-hair-system","12":"product_tag-mono-topper-factory","13":"product_tag-mono-topper-manufacture","15":"first","16":"instock","17":"shipping-taxable","18":"purchasable","19":"product-type-simple"},"_links":{"self":[{"href":"https:\/\/www.everbeauting.com\/es\/wp-json\/wp\/v2\/product\/10288","targetHints":{"allow":["GET"]}}],"collection":[{"href":"https:\/\/www.everbeauting.com\/es\/wp-json\/wp\/v2\/product"}],"about":[{"href":"https:\/\/www.everbeauting.com\/es\/wp-json\/wp\/v2\/types\/product"}],"version-history":[{"count":1,"href":"https:\/\/www.everbeauting.com\/es\/wp-json\/wp\/v2\/product\/10288\/revisions"}],"predecessor-version":[{"id":10294,"href":"https:\/\/www.everbeauting.com\/es\/wp-json\/wp\/v2\/product\/10288\/revisions\/10294"}],"wp:featuredmedia":[{"embeddable":true,"href":"https:\/\/www.everbeauting.com\/es\/wp-json\/wp\/v2\/media\/10289"}],"wp:attachment":[{"href":"https:\/\/www.everbeauting.com\/es\/wp-json\/wp\/v2\/media?parent=10288"}],"wp:term":[{"taxonomy":"product_cat","embeddable":true,"href":"https:\/\/www.everbeauting.com\/es\/wp-json\/wp\/v2\/product_cat?post=10288"},{"taxonomy":"product_tag","embeddable":true,"href":"https:\/\/www.everbeauting.com\/es\/wp-json\/wp\/v2\/product_tag?post=10288"}],"curies":[{"name":"wp","href":"https:\/\/api.w.org\/{rel}","templated":true}]}}