{"id":10313,"date":"2023-11-27T16:53:42","date_gmt":"2023-11-27T08:53:42","guid":{"rendered":"https:\/\/www.everbeauting.com\/?post_type=product&#038;p=10313"},"modified":"2023-11-27T16:56:03","modified_gmt":"2023-11-27T08:56:03","slug":"remy-hair-u-part-topper","status":"publish","type":"product","link":"https:\/\/www.everbeauting.com\/es\/product\/remy-hair-u-part-topper","title":{"rendered":"Remy Hair U Part Topper"},"content":{"rendered":"<p><span style=\"font-size: 14pt;\"><strong><span style=\"font-family: 'times new roman', times, serif;\">El topper en U est\u00e1 dise\u00f1ado para fundirse a la perfecci\u00f3n con su cabello natural, proporcionando un aspecto m\u00e1s realista y natural en comparaci\u00f3n con las pelucas completas o las extensiones de cabello. Si tiene el cabello fino o zonas con p\u00e9rdida de cabello, la cofia en U puede proporcionarle volumen y cobertura adicionales precisamente donde los necesita. A\u00f1ade volumen y grosor instant\u00e1neos al cabello existente, ayudando a crear un aspecto m\u00e1s voluminoso.<\/span><\/strong><\/span><\/p>\n<p><span style=\"font-size: 14pt;\">Nombre del producto: Remy cabello humano U parte superior<\/span><\/p>\n<p><span style=\"font-size: 14pt;\">Tama\u00f1o \uff1a 2,5 * 16 cm\u00a0<\/span><\/p>\n<p><span style=\"font-size: 14pt;\">Longitud del pelo: 14 pulgadas a 28 pulgadas.   16 pulgadas el m\u00e1s popular<\/span><\/p>\n<p><span style=\"font-size: 14pt;\">Color de pelo: 20 colores naturales, 10 colores piano, 10 colores ombre y 10 colores balayage<\/span><\/p>\n<p><span style=\"font-size: 14pt;\">Peso del pelo: de 50 a 100 gramos<\/span><\/p>\n<p><span style=\"font-family: 'times new roman', times, serif; font-size: 14pt;\">Tecnolog\u00eda:   Trama de encaje + revestimiento inferior.\u00a0<\/span><\/p>\n<p><span style=\"font-size: 14pt;\">Textura del cabello: liso<\/span><\/p>\n<p><span style=\"font-size: 14pt;\">Funci\u00f3n:  A\u00f1adir longitud y volumen al cabello.<\/span><\/p>\n<p><span style=\"font-size: 14pt;\">Vida \u00fatil: 15 meses con un mantenimiento adecuado<\/span><\/p>\n<p>Caracter\u00edstica: Se puede planchar, rizar y te\u00f1ir.<\/p>\n<p>&nbsp;<\/p>","protected":false},"excerpt":{"rendered":"<p>La parte superior en U est\u00e1 dise\u00f1ada para fundirse a la perfecci\u00f3n con tu cabello natural, proporcionando un aspecto m\u00e1s realista y natural en comparaci\u00f3n con el resto del cabello.<\/p>","protected":false},"featured_media":10315,"template":"","meta":[],"product_cat":[53,195],"product_tag":[198,169,197,196],"class_list":{"0":"post-10313","1":"product","2":"type-product","3":"status-publish","4":"has-post-thumbnail","6":"product_cat-hair-toppers","7":"product_cat-u-part-topper","8":"product_tag-cheapr-topper","9":"product_tag-human-hair-topper","10":"product_tag-u-part-closure","11":"product_tag-u-part-topper","13":"first","14":"instock","15":"shipping-taxable","16":"purchasable","17":"product-type-simple"},"_links":{"self":[{"href":"https:\/\/www.everbeauting.com\/es\/wp-json\/wp\/v2\/product\/10313","targetHints":{"allow":["GET"]}}],"collection":[{"href":"https:\/\/www.everbeauting.com\/es\/wp-json\/wp\/v2\/product"}],"about":[{"href":"https:\/\/www.everbeauting.com\/es\/wp-json\/wp\/v2\/types\/product"}],"version-history":[{"count":1,"href":"https:\/\/www.everbeauting.com\/es\/wp-json\/wp\/v2\/product\/10313\/revisions"}],"predecessor-version":[{"id":10314,"href":"https:\/\/www.everbeauting.com\/es\/wp-json\/wp\/v2\/product\/10313\/revisions\/10314"}],"wp:featuredmedia":[{"embeddable":true,"href":"https:\/\/www.everbeauting.com\/es\/wp-json\/wp\/v2\/media\/10315"}],"wp:attachment":[{"href":"https:\/\/www.everbeauting.com\/es\/wp-json\/wp\/v2\/media?parent=10313"}],"wp:term":[{"taxonomy":"product_cat","embeddable":true,"href":"https:\/\/www.everbeauting.com\/es\/wp-json\/wp\/v2\/product_cat?post=10313"},{"taxonomy":"product_tag","embeddable":true,"href":"https:\/\/www.everbeauting.com\/es\/wp-json\/wp\/v2\/product_tag?post=10313"}],"curies":[{"name":"wp","href":"https:\/\/api.w.org\/{rel}","templated":true}]}}