{"id":10319,"date":"2023-11-27T17:12:47","date_gmt":"2023-11-27T09:12:47","guid":{"rendered":"https:\/\/www.everbeauting.com\/?post_type=product&#038;p=10319"},"modified":"2023-11-27T17:12:51","modified_gmt":"2023-11-27T09:12:51","slug":"u-part-topper-for-women","status":"publish","type":"product","link":"https:\/\/www.everbeauting.com\/es\/product\/u-part-topper-para-mujer","title":{"rendered":"U Part Topper Para Mujer"},"content":{"rendered":"<p><strong>La cofia en U est\u00e1 dise\u00f1ada para combinarse a la perfecci\u00f3n con su cabello natural, proporcionando un aspecto m\u00e1s realista y natural en comparaci\u00f3n con las pelucas completas o las extensiones. Con un topper en U, puede conseguir varios peinados dejando una parte de su propio pelo fuera, lo que permite una mejor integraci\u00f3n y opciones de peinado. Puede combinar f\u00e1cilmente el topper con su cabello natural, por lo que resulta adecuado para diferentes ocasiones y preferencias.<\/strong><\/p>\n<p>Nombre del producto:  U parte topper para las mujeres<\/p>\n<p>Tama\u00f1o \uff1a 2,5 * 16 cm<\/p>\n<p>Longitud del pelo: 14 pulgadas a 28 pulgadas.   16 pulgadas el m\u00e1s popular<\/p>\n<p>Color de pelo: Rubio 60# ( Hay 20 colores naturales, 10 colores piano, 10 colores ombre y 10 colores balayage en la carta de colores)<\/p>\n<p>Peso del pelo: de 50 a 100 gramos<\/p>\n<p>Tecnolog\u00eda:   Trama de encaje + revestimiento inferior.<\/p>\n<p>Textura del cabello:  Liso<\/p>\n<p>Funci\u00f3n:  A\u00f1adir longitud y volumen al cabello.<\/p>\n<p>Vida \u00fatil: 15 meses con un mantenimiento adecuado<\/p>\n<p>Caracter\u00edstica: Se puede planchar, rizar y te\u00f1ir.<\/p>","protected":false},"excerpt":{"rendered":"<p>La parte superior en U est\u00e1 dise\u00f1ada para fundirse a la perfecci\u00f3n con tu cabello natural, proporcionando un aspecto m\u00e1s realista y natural en comparaci\u00f3n con el resto del cabello.<\/p>","protected":false},"featured_media":10320,"template":"","meta":[],"product_cat":[53,195],"product_tag":[200,169,199],"class_list":{"0":"post-10319","1":"product","2":"type-product","3":"status-publish","4":"has-post-thumbnail","6":"product_cat-hair-toppers","7":"product_cat-u-part-topper","8":"product_tag-crown-toppers","9":"product_tag-human-hair-topper","10":"product_tag-natural-hair-topper","12":"first","13":"instock","14":"shipping-taxable","15":"purchasable","16":"product-type-simple"},"_links":{"self":[{"href":"https:\/\/www.everbeauting.com\/es\/wp-json\/wp\/v2\/product\/10319","targetHints":{"allow":["GET"]}}],"collection":[{"href":"https:\/\/www.everbeauting.com\/es\/wp-json\/wp\/v2\/product"}],"about":[{"href":"https:\/\/www.everbeauting.com\/es\/wp-json\/wp\/v2\/types\/product"}],"version-history":[{"count":1,"href":"https:\/\/www.everbeauting.com\/es\/wp-json\/wp\/v2\/product\/10319\/revisions"}],"predecessor-version":[{"id":10324,"href":"https:\/\/www.everbeauting.com\/es\/wp-json\/wp\/v2\/product\/10319\/revisions\/10324"}],"wp:featuredmedia":[{"embeddable":true,"href":"https:\/\/www.everbeauting.com\/es\/wp-json\/wp\/v2\/media\/10320"}],"wp:attachment":[{"href":"https:\/\/www.everbeauting.com\/es\/wp-json\/wp\/v2\/media?parent=10319"}],"wp:term":[{"taxonomy":"product_cat","embeddable":true,"href":"https:\/\/www.everbeauting.com\/es\/wp-json\/wp\/v2\/product_cat?post=10319"},{"taxonomy":"product_tag","embeddable":true,"href":"https:\/\/www.everbeauting.com\/es\/wp-json\/wp\/v2\/product_tag?post=10319"}],"curies":[{"name":"wp","href":"https:\/\/api.w.org\/{rel}","templated":true}]}}