{"id":10325,"date":"2023-11-27T17:23:07","date_gmt":"2023-11-27T09:23:07","guid":{"rendered":"https:\/\/www.everbeauting.com\/?post_type=product&#038;p=10325"},"modified":"2023-11-27T17:23:13","modified_gmt":"2023-11-27T09:23:13","slug":"highlight-crown-topper-for-women","status":"publish","type":"product","link":"https:\/\/www.everbeauting.com\/es\/product\/highlight-crown-topper-for-women","title":{"rendered":"Highlight Crown Topper Para Mujer"},"content":{"rendered":"<p><strong>El topper en U est\u00e1 dise\u00f1ado para fundirse a la perfecci\u00f3n con el cabello natural, proporcionando un aspecto m\u00e1s realista y natural que las pelucas completas o las extensiones. El uso de un topper en U puede ayudar a proteger su cabello natural del peinado con calor excesivo, los tratamientos qu\u00edmicos y los da\u00f1os causados por factores ambientales. Act\u00faa como una barrera protectora, permitiendo que su cabello natural crezca y mantenga su salud mientras disfruta del estilo deseado.<\/strong><\/p>\n<p>Nombre del producto:  Highlight Corona Topper para Mujer<\/p>\n<p>Tama\u00f1o \uff1a 2,5 * 16 cm<\/p>\n<p>Longitud del pelo: 14 pulgadas a 28 pulgadas.   16 pulgadas el m\u00e1s popular<\/p>\n<p>Color de pelo: HighLight Colors P 16\/613 # ( Hay 20 colores naturales, 10 colores piano, 10 colores ombre y 10 colores balayage en la carta de colores)<\/p>\n<p>Peso del pelo: de 50 a 100 gramos<\/p>\n<p>Tecnolog\u00eda:   Trama de encaje + revestimiento inferior.<\/p>\n<p>Textura del cabello:  Liso<\/p>\n<p>Funci\u00f3n:  A\u00f1adir longitud y volumen al cabello.<\/p>\n<p>Vida \u00fatil: 15 meses con un mantenimiento adecuado<\/p>\n<p>Caracter\u00edstica: Se puede planchar, rizar y te\u00f1ir.<\/p>","protected":false},"excerpt":{"rendered":"<p>La parte superior en U est\u00e1 dise\u00f1ada para fundirse a la perfecci\u00f3n con tu cabello natural, proporcionando un aspecto m\u00e1s realista y natural en comparaci\u00f3n con el resto del cabello.<\/p>","protected":false},"featured_media":10326,"template":"","meta":[],"product_cat":[53,195],"product_tag":[201,202,169,199],"class_list":{"0":"post-10325","1":"product","2":"type-product","3":"status-publish","4":"has-post-thumbnail","6":"product_cat-hair-toppers","7":"product_cat-u-part-topper","8":"product_tag-crown-topper","9":"product_tag-hair-topper-for-women","10":"product_tag-human-hair-topper","11":"product_tag-natural-hair-topper","13":"first","14":"instock","15":"shipping-taxable","16":"purchasable","17":"product-type-simple"},"_links":{"self":[{"href":"https:\/\/www.everbeauting.com\/es\/wp-json\/wp\/v2\/product\/10325","targetHints":{"allow":["GET"]}}],"collection":[{"href":"https:\/\/www.everbeauting.com\/es\/wp-json\/wp\/v2\/product"}],"about":[{"href":"https:\/\/www.everbeauting.com\/es\/wp-json\/wp\/v2\/types\/product"}],"version-history":[{"count":1,"href":"https:\/\/www.everbeauting.com\/es\/wp-json\/wp\/v2\/product\/10325\/revisions"}],"predecessor-version":[{"id":10330,"href":"https:\/\/www.everbeauting.com\/es\/wp-json\/wp\/v2\/product\/10325\/revisions\/10330"}],"wp:featuredmedia":[{"embeddable":true,"href":"https:\/\/www.everbeauting.com\/es\/wp-json\/wp\/v2\/media\/10326"}],"wp:attachment":[{"href":"https:\/\/www.everbeauting.com\/es\/wp-json\/wp\/v2\/media?parent=10325"}],"wp:term":[{"taxonomy":"product_cat","embeddable":true,"href":"https:\/\/www.everbeauting.com\/es\/wp-json\/wp\/v2\/product_cat?post=10325"},{"taxonomy":"product_tag","embeddable":true,"href":"https:\/\/www.everbeauting.com\/es\/wp-json\/wp\/v2\/product_tag?post=10325"}],"curies":[{"name":"wp","href":"https:\/\/api.w.org\/{rel}","templated":true}]}}