{"id":10454,"date":"2024-03-27T17:27:33","date_gmt":"2024-03-27T09:27:33","guid":{"rendered":"https:\/\/www.everbeauting.com\/?post_type=product&#038;p=10454"},"modified":"2024-08-07T12:21:45","modified_gmt":"2024-08-07T04:21:45","slug":"natural-color-mono-topper-for-women","status":"publish","type":"product","link":"https:\/\/www.everbeauting.com\/es\/product\/color-natural-mono-topper-para-mujer","title":{"rendered":"Mono Topper de color natural para mujer"},"content":{"rendered":"<p><strong>Topper MONO de color natural para mujeres, Topper MONO peque\u00f1o para mujeres, Topper de color de pelo natural<\/strong><\/p>\n<p>Nombre del producto\uff1a Pieza superior de base mono de color natural.<\/p>\n<p>N\u00ba de art\u00edculo: MN-HIDA23381<\/p>\n<p>Tama\u00f1o de la base : 5\u2033 * 5\u2033<\/p>\n<p>Material base: base MONO + per\u00edmetro de revestimiento de polietileno<\/p>\n<p>Material del cabello: cabello humano remy 100%<\/p>\n<p>Longitud del cabello: 16 pulgadas<\/p>\n<p>Densidad : media 110%<\/p>\n<p>Peso : 65 g<\/p>\n<p>Color : color natural<\/p>\n<p>Onda del cabello: liso natural<\/p>\n<p>Fature:  Los colores de pelo se pueden decolorar y te\u00f1ir.<\/p>\n<p>Estilo de pelo: estilo libre<\/p>\n<p>MOQ: 5 piezas\/color\/longitud<\/p>\n<p><span style=\"font-size: 14pt;\">\u00a0Nuestros toppers monopelo est\u00e1n dise\u00f1ados para combinarse a la perfecci\u00f3n con su cabello natural. Pueden fijarse con clips, cintas o tiras adhesivas, lo que permite una f\u00e1cil integraci\u00f3n con el cabello natural sin causar da\u00f1os ni molestias.<\/span><\/p>","protected":false},"excerpt":{"rendered":"<p>Natural\u00a0 Color MONO Toppers For Women,\u00a0 Small\u00a0 MONO Top Piece\u00a0 For\u00a0 Women, Natural Hair Color Topper Product Name\uff1a Natural color<\/p>","protected":false},"featured_media":10461,"template":"","meta":[],"product_cat":[53,80],"product_tag":[],"class_list":{"0":"post-10454","1":"product","2":"type-product","3":"status-publish","4":"has-post-thumbnail","6":"product_cat-hair-toppers","7":"product_cat-mono-base-topper","9":"first","10":"instock","11":"shipping-taxable","12":"purchasable","13":"product-type-simple"},"_links":{"self":[{"href":"https:\/\/www.everbeauting.com\/es\/wp-json\/wp\/v2\/product\/10454","targetHints":{"allow":["GET"]}}],"collection":[{"href":"https:\/\/www.everbeauting.com\/es\/wp-json\/wp\/v2\/product"}],"about":[{"href":"https:\/\/www.everbeauting.com\/es\/wp-json\/wp\/v2\/types\/product"}],"version-history":[{"count":2,"href":"https:\/\/www.everbeauting.com\/es\/wp-json\/wp\/v2\/product\/10454\/revisions"}],"predecessor-version":[{"id":10762,"href":"https:\/\/www.everbeauting.com\/es\/wp-json\/wp\/v2\/product\/10454\/revisions\/10762"}],"wp:featuredmedia":[{"embeddable":true,"href":"https:\/\/www.everbeauting.com\/es\/wp-json\/wp\/v2\/media\/10461"}],"wp:attachment":[{"href":"https:\/\/www.everbeauting.com\/es\/wp-json\/wp\/v2\/media?parent=10454"}],"wp:term":[{"taxonomy":"product_cat","embeddable":true,"href":"https:\/\/www.everbeauting.com\/es\/wp-json\/wp\/v2\/product_cat?post=10454"},{"taxonomy":"product_tag","embeddable":true,"href":"https:\/\/www.everbeauting.com\/es\/wp-json\/wp\/v2\/product_tag?post=10454"}],"curies":[{"name":"wp","href":"https:\/\/api.w.org\/{rel}","templated":true}]}}