{"id":10488,"date":"2024-04-17T18:23:11","date_gmt":"2024-04-17T10:23:11","guid":{"rendered":"https:\/\/www.everbeauting.com\/?post_type=product&#038;p=10488"},"modified":"2024-04-17T18:23:15","modified_gmt":"2024-04-17T10:23:15","slug":"balayage-color-brondmbre-tape-hair","status":"publish","type":"product","link":"https:\/\/www.everbeauting.com\/es\/product\/balayage-color-brondmbre-cinta-pelo","title":{"rendered":"Balayage Color BROND'MBRE Cinta Pelo"},"content":{"rendered":"<p><strong>Balayage Color Premium Remy Tape-In Extensiones de cabello<\/strong><\/p>\n<p><strong>Balayage Color Tape Hair Extensions, uno de los colores de pelo m\u00e1s populares<\/strong><\/p>\n<p><strong>Mismo efecto que el tinte Beautyworks Balayage - BROND'MBRE<\/strong><\/p>\n<p>Marca: Everbeauting<\/p>\n<p>Tama\u00f1o del paquete: 4 cm * 0,8 cm * 20 tiras<\/p>\n<p>Materias primas: trenzas de cabello humano remy 100%<\/p>\n<p>Grado del pelo: 15A grado de pelo humano natural remy, Longitud del pelo: 14 pulgadas a 28 pulgadas disponibles<\/p>\n<p>Color de pelo: Color de pelo Balayage-BROND'MBRE<\/p>\n<p>Peso del pelo: 40g \/paquete, 50g \/paquete, 60g \/paquete o personalizado<\/p>\n<p>Paquete: paquete de f\u00e1brica\/marca de los clientes<\/p>\n<p>MOQ: 20 paquetes\/color\/longitud<\/p>\n<p>Pago: Paypal\/Western Union\/TT<\/p>\n<p>Env\u00edo: Fedex\/DHL\/Aramex<\/p>\n<p>Es un nuevo m\u00e9todo de estilismo semipermanente. Nuestras cintas remy est\u00e1n dise\u00f1adas para todo tipo de cabellos y a\u00f1aden volumen y longitud de forma instant\u00e1nea y natural. Son discretos y c\u00f3modos gracias a su dise\u00f1o invisible sin costuras.<\/p>","protected":false},"excerpt":{"rendered":"<p>Balayage Color Premium Remy Tape-In Hair Extensiones Balayage Color Tape Hair Extensiones, uno de los colores de pelo m\u00e1s populares Mismo<\/p>","protected":false},"featured_media":10489,"template":"","meta":[],"product_cat":[20,73],"product_tag":[273,135,272],"class_list":{"0":"post-10488","1":"product","2":"type-product","3":"status-publish","4":"has-post-thumbnail","6":"product_cat-hair-extensions","7":"product_cat-tape-hair-series","8":"product_tag-balayage-color-tape-hair","9":"product_tag-human-hair","10":"product_tag-tape-hair","12":"first","13":"instock","14":"shipping-taxable","15":"purchasable","16":"product-type-simple"},"_links":{"self":[{"href":"https:\/\/www.everbeauting.com\/es\/wp-json\/wp\/v2\/product\/10488","targetHints":{"allow":["GET"]}}],"collection":[{"href":"https:\/\/www.everbeauting.com\/es\/wp-json\/wp\/v2\/product"}],"about":[{"href":"https:\/\/www.everbeauting.com\/es\/wp-json\/wp\/v2\/types\/product"}],"version-history":[{"count":1,"href":"https:\/\/www.everbeauting.com\/es\/wp-json\/wp\/v2\/product\/10488\/revisions"}],"predecessor-version":[{"id":10494,"href":"https:\/\/www.everbeauting.com\/es\/wp-json\/wp\/v2\/product\/10488\/revisions\/10494"}],"wp:featuredmedia":[{"embeddable":true,"href":"https:\/\/www.everbeauting.com\/es\/wp-json\/wp\/v2\/media\/10489"}],"wp:attachment":[{"href":"https:\/\/www.everbeauting.com\/es\/wp-json\/wp\/v2\/media?parent=10488"}],"wp:term":[{"taxonomy":"product_cat","embeddable":true,"href":"https:\/\/www.everbeauting.com\/es\/wp-json\/wp\/v2\/product_cat?post=10488"},{"taxonomy":"product_tag","embeddable":true,"href":"https:\/\/www.everbeauting.com\/es\/wp-json\/wp\/v2\/product_tag?post=10488"}],"curies":[{"name":"wp","href":"https:\/\/api.w.org\/{rel}","templated":true}]}}