{"id":10504,"date":"2024-04-26T10:58:28","date_gmt":"2024-04-26T02:58:28","guid":{"rendered":"https:\/\/www.everbeauting.com\/?post_type=product&#038;p=10504"},"modified":"2024-04-26T10:58:31","modified_gmt":"2024-04-26T02:58:31","slug":"balayage-color-pt1b-28-tape-in-hair","status":"publish","type":"product","link":"https:\/\/www.everbeauting.com\/es\/product\/balayage-color-pt1b-28-tape-in-hair","title":{"rendered":"Balayage Color PT1B\/28 Tape In Hair"},"content":{"rendered":"<p><strong>Balayage Color Premium Remy Tape-In Extensiones de cabello<\/strong><\/p>\n<p><strong>Nuestras extensiones adhesivas est\u00e1n hechas de cabello humano 100% de primera calidad que dura entre 12 y 15 meses si se cuida adecuadamente. Dise\u00f1adas para una instalaci\u00f3n s\u00faper r\u00e1pida, utilizando discretas y ligeras cintas adhesivas. Son f\u00e1ciles de quitar y sencillas de volver a poner.<\/strong><\/p>\n<p>Marca: Everbeauting<\/p>\n<p>Tama\u00f1o del paquete: 4 cm * 0,8 cm * 20 tiras<\/p>\n<p>Materias primas: trenzas de cabello humano remy 100%<\/p>\n<p>Calidad del cabello: Cabello natural de 15A<\/p>\n<p>Longitud del cabello: disponible de 14 a 28 pulgadas<\/p>\n<p>Color de pelo: Balayage hair Color-P1BT1B\/28<\/p>\n<p>Peso del pelo: 40g \/paquete, 50g \/paquete, 60g \/paquete o personalizado<\/p>\n<p>Paquete: paquete de f\u00e1brica\/marca de los clientes<\/p>\n<p>MOQ: 20 paquetes\/color\/longitud<\/p>\n<p>Pago: Paypal\/Western Union\/TT<\/p>\n<p>Servicios:  Distribuidor al por mayor de extensiones de cinta<\/p>\n<p>Env\u00edo: Fedex\/DHL\/Aramex<\/p>\n<p>Nuestras extensiones de pelo balayage con cinta adhesiva proporcionan el m\u00e9todo m\u00e1s eficaz y sin costuras de aplicar cabello semipermanente.  Puede darle un aspecto natural como si el cabello fuera suyo. Es completamente indetectable y aut\u00e9nticamente natural.<\/p>","protected":false},"excerpt":{"rendered":"<p>Extensiones Balayage Color Remy Tape In.<\/p>","protected":false},"featured_media":10505,"template":"","meta":[],"product_cat":[20,73],"product_tag":[278,279,280],"class_list":{"0":"post-10504","1":"product","2":"type-product","3":"status-publish","4":"has-post-thumbnail","6":"product_cat-hair-extensions","7":"product_cat-tape-hair-series","8":"product_tag-balayage-color-tape-in-hair-extension","9":"product_tag-tape-in-hair-extensions","10":"product_tag-wholesale-tape-in-hair-distributor","12":"first","13":"instock","14":"shipping-taxable","15":"purchasable","16":"product-type-simple"},"_links":{"self":[{"href":"https:\/\/www.everbeauting.com\/es\/wp-json\/wp\/v2\/product\/10504","targetHints":{"allow":["GET"]}}],"collection":[{"href":"https:\/\/www.everbeauting.com\/es\/wp-json\/wp\/v2\/product"}],"about":[{"href":"https:\/\/www.everbeauting.com\/es\/wp-json\/wp\/v2\/types\/product"}],"version-history":[{"count":1,"href":"https:\/\/www.everbeauting.com\/es\/wp-json\/wp\/v2\/product\/10504\/revisions"}],"predecessor-version":[{"id":10510,"href":"https:\/\/www.everbeauting.com\/es\/wp-json\/wp\/v2\/product\/10504\/revisions\/10510"}],"wp:featuredmedia":[{"embeddable":true,"href":"https:\/\/www.everbeauting.com\/es\/wp-json\/wp\/v2\/media\/10505"}],"wp:attachment":[{"href":"https:\/\/www.everbeauting.com\/es\/wp-json\/wp\/v2\/media?parent=10504"}],"wp:term":[{"taxonomy":"product_cat","embeddable":true,"href":"https:\/\/www.everbeauting.com\/es\/wp-json\/wp\/v2\/product_cat?post=10504"},{"taxonomy":"product_tag","embeddable":true,"href":"https:\/\/www.everbeauting.com\/es\/wp-json\/wp\/v2\/product_tag?post=10504"}],"curies":[{"name":"wp","href":"https:\/\/api.w.org\/{rel}","templated":true}]}}