{"id":10511,"date":"2024-04-26T11:51:21","date_gmt":"2024-04-26T03:51:21","guid":{"rendered":"https:\/\/www.everbeauting.com\/?post_type=product&#038;p=10511"},"modified":"2024-04-26T11:51:23","modified_gmt":"2024-04-26T03:51:23","slug":"balayage-color-melrose-tape-in-hair","status":"publish","type":"product","link":"https:\/\/www.everbeauting.com\/es\/product\/balayage-color-melrose-tape-en-pelo","title":{"rendered":"Balayage Color MELROSE Tape In Hair"},"content":{"rendered":"<p><span style=\"font-size: 12pt;\"><strong>Gran calidad,100% Human Remy Balayage Tape In Hair Extensions.<\/strong><\/span><\/p>\n<p><span style=\"font-size: 12pt;\"><strong>Nuestras extensiones de cinta son un metodo profesional de extension de cabello con un culto de seguidores. Nuestro sistema de cinta Everbeauting se integra en la l\u00ednea del cabello colocando la extensi\u00f3n directamente en la ra\u00edz del cabello mediante extensiones de cinta doble.  Este m\u00e9todo es ideal para a\u00f1adir r\u00e1pidamente volumen, longitud y color.<\/strong><\/span><\/p>\n<p><span style=\"font-size: 12pt;\">Marca: Everbeauting<\/span><\/p>\n<p><span style=\"font-size: 12pt;\">Tama\u00f1o del paquete: 4 cm * 0,8 cm * 20 tiras<\/span><\/p>\n<p><span style=\"font-size: 12pt;\">Materias primas:  100% remy naturales trenzas de cabello humano<\/span><\/p>\n<p><span style=\"font-size: 12pt;\">Calidad del cabello: Cabello natural de 15A<\/span><\/p>\n<p><span style=\"font-size: 12pt;\">Longitud del cabello: disponible de 14 a 28 pulgadas<\/span><\/p>\n<p><span style=\"font-size: 12pt;\">Color de pelo: Balayage Hair Color-MELROSE<\/span><\/p>\n<p><span style=\"font-size: 12pt;\">Peso del pelo: 40g \/paquete, 50g \/paquete, 60g \/paquete o personalizado<\/span><\/p>\n<p><span style=\"font-size: 12pt;\">Embalaje: embalaje de f\u00e1brica o marca del cliente<\/span><\/p>\n<p><span style=\"font-size: 12pt;\">MOQ: 20 paquetes\/color\/longitud<\/span><\/p>\n<p><span style=\"font-size: 12pt;\">Pago: Paypal\/Western Union\/TT<\/span><\/p>\n<p><span style=\"font-size: 12pt;\">Servicios:  Distribuidor al por mayor de extensiones de cinta<\/span><\/p>\n<p><span style=\"font-size: 12pt;\">Env\u00edo: Fedex\/DHL\/Aramex<\/span><\/p>\n<p><span style=\"font-size: 12pt;\">Nuestras extensiones balayage adhesivas proporcionan un aspecto ligero e imperceptible, dando la ilusi\u00f3n de que el cabello emerge naturalmente del cuero cabelludo. Su autenticidad y durabilidad garantizan un realce natural y duradero.<\/span><\/p>","protected":false},"excerpt":{"rendered":"<p><span style=\"font-size: 12pt;\"><strong>Gran calidad,100% Human Remy Balayage Tape In Hair Extensions.<\/strong><\/span><\/p>","protected":false},"featured_media":10512,"template":"","meta":[],"product_cat":[20,73],"product_tag":[135,281,279,282],"class_list":{"0":"post-10511","1":"product","2":"type-product","3":"status-publish","4":"has-post-thumbnail","6":"product_cat-hair-extensions","7":"product_cat-tape-hair-series","8":"product_tag-human-hair","9":"product_tag-tape-in-hair-extension","10":"product_tag-tape-in-hair-extensions","11":"product_tag-tape-in-hair-extensions-human-hair","13":"first","14":"instock","15":"shipping-taxable","16":"purchasable","17":"product-type-simple"},"_links":{"self":[{"href":"https:\/\/www.everbeauting.com\/es\/wp-json\/wp\/v2\/product\/10511","targetHints":{"allow":["GET"]}}],"collection":[{"href":"https:\/\/www.everbeauting.com\/es\/wp-json\/wp\/v2\/product"}],"about":[{"href":"https:\/\/www.everbeauting.com\/es\/wp-json\/wp\/v2\/types\/product"}],"version-history":[{"count":1,"href":"https:\/\/www.everbeauting.com\/es\/wp-json\/wp\/v2\/product\/10511\/revisions"}],"predecessor-version":[{"id":10518,"href":"https:\/\/www.everbeauting.com\/es\/wp-json\/wp\/v2\/product\/10511\/revisions\/10518"}],"wp:featuredmedia":[{"embeddable":true,"href":"https:\/\/www.everbeauting.com\/es\/wp-json\/wp\/v2\/media\/10512"}],"wp:attachment":[{"href":"https:\/\/www.everbeauting.com\/es\/wp-json\/wp\/v2\/media?parent=10511"}],"wp:term":[{"taxonomy":"product_cat","embeddable":true,"href":"https:\/\/www.everbeauting.com\/es\/wp-json\/wp\/v2\/product_cat?post=10511"},{"taxonomy":"product_tag","embeddable":true,"href":"https:\/\/www.everbeauting.com\/es\/wp-json\/wp\/v2\/product_tag?post=10511"}],"curies":[{"name":"wp","href":"https:\/\/api.w.org\/{rel}","templated":true}]}}