{"id":10519,"date":"2024-04-26T12:55:47","date_gmt":"2024-04-26T04:55:47","guid":{"rendered":"https:\/\/www.everbeauting.com\/?post_type=product&#038;p=10519"},"modified":"2024-04-26T12:55:49","modified_gmt":"2024-04-26T04:55:49","slug":"balayage-color-silver-blonde-tape-in-hair","status":"publish","type":"product","link":"https:\/\/www.everbeauting.com\/es\/product\/balayage-color-silver-blonde-tape-in-hair","title":{"rendered":"Balayage Color Rubio Plata Cinta En El Pelo"},"content":{"rendered":"<p><strong>Calidad superior,100% Human Hair Virgin Remy Balayage Tape In Hair Extensions.<\/strong><\/p>\n<p><strong>Con nuestras extensiones de cinta en cabello humano, puede conseguir cualquier estilo que desee, ya sea una elegante coleta o un recogido completo. Nuestras extensiones de pelo virgen son especialmente discretas y c\u00f3modas de llevar gracias a su dise\u00f1o ultrafino.<\/strong><\/p>\n<p>Marca: Everbeauting<\/p>\n<p>Tama\u00f1o del paquete: 4 cm * 0,8 cm * 20 tiras<\/p>\n<p>Materias primas:  100% remy naturales trenzas de cabello humano<\/p>\n<p>Calidad del cabello: Cabello natural de 15A<\/p>\n<p>Longitud del cabello: disponible de 14 a 28 pulgadas<\/p>\n<p>Color de pelo: Color de pelo Balayage-Rubio plateado<\/p>\n<p>Peso del pelo: 40g \/paquete, 50g \/paquete, 60g \/paquete o personalizado<\/p>\n<p>Embalaje: embalaje de f\u00e1brica o marca del cliente<\/p>\n<p>MOQ: 20 paquetes\/color\/longitud<\/p>\n<p>Pago: Paypal\/Western Union\/TT<\/p>\n<p>Servicios:  Distribuidor al por mayor de extensiones de cinta<\/p>\n<p>Env\u00edo: Fedex\/DHL\/Aramex<\/p>\n<p>Nuestras extensiones balayage son el tipo de extensiones semipermanentes menos da\u00f1inas. Proporcionan un aspecto ligero e imperceptible. Y es ideal para a\u00f1adir volumen, longitud y color r\u00e1pidamente.<\/p>","protected":false},"excerpt":{"rendered":"<p><strong>Calidad superior Balayage Tape In Hair Extensiones,100% Virgin Remy Human Hair .<\/strong><\/p>","protected":false},"featured_media":10524,"template":"","meta":[],"product_cat":[20,73],"product_tag":[283,284,135,285,279],"class_list":{"0":"post-10519","1":"product","2":"type-product","3":"status-publish","4":"has-post-thumbnail","6":"product_cat-hair-extensions","7":"product_cat-tape-hair-series","8":"product_tag-balayage-tape-in-hair-extensions","9":"product_tag-hair","10":"product_tag-human-hair","11":"product_tag-tape-in-extensions-human-hair","12":"product_tag-tape-in-hair-extensions","14":"first","15":"instock","16":"shipping-taxable","17":"purchasable","18":"product-type-simple"},"_links":{"self":[{"href":"https:\/\/www.everbeauting.com\/es\/wp-json\/wp\/v2\/product\/10519","targetHints":{"allow":["GET"]}}],"collection":[{"href":"https:\/\/www.everbeauting.com\/es\/wp-json\/wp\/v2\/product"}],"about":[{"href":"https:\/\/www.everbeauting.com\/es\/wp-json\/wp\/v2\/types\/product"}],"version-history":[{"count":1,"href":"https:\/\/www.everbeauting.com\/es\/wp-json\/wp\/v2\/product\/10519\/revisions"}],"predecessor-version":[{"id":10525,"href":"https:\/\/www.everbeauting.com\/es\/wp-json\/wp\/v2\/product\/10519\/revisions\/10525"}],"wp:featuredmedia":[{"embeddable":true,"href":"https:\/\/www.everbeauting.com\/es\/wp-json\/wp\/v2\/media\/10524"}],"wp:attachment":[{"href":"https:\/\/www.everbeauting.com\/es\/wp-json\/wp\/v2\/media?parent=10519"}],"wp:term":[{"taxonomy":"product_cat","embeddable":true,"href":"https:\/\/www.everbeauting.com\/es\/wp-json\/wp\/v2\/product_cat?post=10519"},{"taxonomy":"product_tag","embeddable":true,"href":"https:\/\/www.everbeauting.com\/es\/wp-json\/wp\/v2\/product_tag?post=10519"}],"curies":[{"name":"wp","href":"https:\/\/api.w.org\/{rel}","templated":true}]}}