{"id":10534,"date":"2024-04-28T12:26:25","date_gmt":"2024-04-28T04:26:25","guid":{"rendered":"https:\/\/www.everbeauting.com\/?post_type=product&#038;p=10534"},"modified":"2024-08-08T11:33:58","modified_gmt":"2024-08-08T03:33:58","slug":"hair-toppers-for-women","status":"publish","type":"product","link":"https:\/\/www.everbeauting.com\/es\/product\/pequenos-toppers-para-el-pelo-fino","title":{"rendered":"Peque\u00f1os toppers para el pelo fino"},"content":{"rendered":"<p><strong>Peque\u00f1os Toppers de pelo para el adelgazamiento del cabello, Real Topper pelo humano para el pelo corto, Mejor pelo humano para el pelo corto<\/strong><\/p>\n<p>Product Name\uff1a Peque\u00f1o Topper De Cabello Humano Para Momen<\/p>\n<p>N\u00ba de art\u00edculo: GH-23007<\/p>\n<p>Tama\u00f1o de la base : 3\u2033 * 6.5\u2033<\/p>\n<p>Material de base\uff1a Base de seda monofilamento + per\u00edmetro de revestimiento Poly.<\/p>\n<p>L\u00ednea de separaci\u00f3n : L\u00ednea de separaci\u00f3n libre<\/p>\n<p>Material del pelo:    100% pelo humano remy<\/p>\n<p>Longitud del pelo : 12 pulgadas y 16 pulgadas en stock<\/p>\n<p>Densidad : densidad media 130%<\/p>\n<p>Peso : 12 pulgadas-60g\uff0c 16 pulgadas-75g<\/p>\n<p>Color : Color de realce 6#\/T 12#\/T613#<\/p>\n<p>Onda del cabello: liso natural<\/p>\n<p>Fature:    Puro trabajo de anudado a mano.<\/p>\n<p>Vida \u00fatil: 24-36 meses con un mantenimiento adecuado<\/p>\n<p>Estilo de pelo: estilo libre<\/p>\n<p>MOQ: 1 unidad para existencias y 5 unidades para pedidos personalizados<\/p>\n<p>Nuestra colecci\u00f3n de toppers para cabello peque\u00f1o ofrece una gama de toppers dise\u00f1ados para mujeres con cortes de pelo corto que tambi\u00e9n pueden sufrir p\u00e9rdida de cabello.  El dise\u00f1o \u00fanico de los topper ofrece una soluci\u00f3n perfecta para cada edad. <em class=\"t55VCb\">pelo<\/em> p\u00e9rdida. Puede realzar su peinado con nuestros impresionantes toppers para el pelo a\u00f1adiendo volumen al instante.<\/p>","protected":false},"excerpt":{"rendered":"<p><strong>Pelo Peque\u00f1o Toppers Para Adelgazamiento del Cabello, Pelo Peque\u00f1o Toppers Para Mujeres, Pelo Humano Real Topper Para Pelo Corto, Mejor Pelo Humano Para Pelo Corto<\/strong><\/p>\n<p><strong>Postizos para mujeres<\/strong><\/p>","protected":false},"featured_media":10535,"template":"","meta":[],"product_cat":[53,80],"product_tag":[328,288,287],"class_list":{"0":"post-10534","1":"product","2":"type-product","3":"status-publish","4":"has-post-thumbnail","6":"product_cat-hair-toppers","7":"product_cat-mono-base-topper","8":"product_tag-hair-toppers-for-women","9":"product_tag-human-hair-topper-for-short-hair","10":"product_tag-small-hair-toppers-for-thinning-hair","12":"first","13":"instock","14":"shipping-taxable","15":"purchasable","16":"product-type-simple"},"_links":{"self":[{"href":"https:\/\/www.everbeauting.com\/es\/wp-json\/wp\/v2\/product\/10534","targetHints":{"allow":["GET"]}}],"collection":[{"href":"https:\/\/www.everbeauting.com\/es\/wp-json\/wp\/v2\/product"}],"about":[{"href":"https:\/\/www.everbeauting.com\/es\/wp-json\/wp\/v2\/types\/product"}],"version-history":[{"count":2,"href":"https:\/\/www.everbeauting.com\/es\/wp-json\/wp\/v2\/product\/10534\/revisions"}],"predecessor-version":[{"id":10768,"href":"https:\/\/www.everbeauting.com\/es\/wp-json\/wp\/v2\/product\/10534\/revisions\/10768"}],"wp:featuredmedia":[{"embeddable":true,"href":"https:\/\/www.everbeauting.com\/es\/wp-json\/wp\/v2\/media\/10535"}],"wp:attachment":[{"href":"https:\/\/www.everbeauting.com\/es\/wp-json\/wp\/v2\/media?parent=10534"}],"wp:term":[{"taxonomy":"product_cat","embeddable":true,"href":"https:\/\/www.everbeauting.com\/es\/wp-json\/wp\/v2\/product_cat?post=10534"},{"taxonomy":"product_tag","embeddable":true,"href":"https:\/\/www.everbeauting.com\/es\/wp-json\/wp\/v2\/product_tag?post=10534"}],"curies":[{"name":"wp","href":"https:\/\/api.w.org\/{rel}","templated":true}]}}