{"id":10633,"date":"2024-05-20T17:16:23","date_gmt":"2024-05-20T09:16:23","guid":{"rendered":"https:\/\/www.everbeauting.com\/?post_type=product&#038;p=10633"},"modified":"2024-05-20T17:16:24","modified_gmt":"2024-05-20T09:16:24","slug":"italian-glue-roll","status":"publish","type":"product","link":"https:\/\/www.everbeauting.com\/es\/product\/rollo-de-cola-italiana","title":{"rendered":"Rollo de cola italiana"},"content":{"rendered":"<p>Nuestro rollo de pegamento de queratina para extensiones de cabello de primera calidad es la soluci\u00f3n para conseguir unas extensiones de cabello seguras y sin costuras. Fabricado con un material de pegamento de queratina nanom\u00e9trico seguro, es suave y no irrita, lo que garantiza un proceso de aplicaci\u00f3n c\u00f3modo. Este pegamento tiene una fijaci\u00f3n firme durante m\u00e1s de seis meses. Y esta larga duraci\u00f3n le permite disfrutar de sus extensiones sin miedo a que se caigan.<\/p>\n<p>Rollo de pegamento de queratina de calidad superior para extensiones de cabello<\/p>\n<p>Marca: everbeauting<\/p>\n<p>Anchura de la cola: 0,9 cm<\/p>\n<p>Longitud de la cola: 3 m \/ rollo<\/p>\n<p>Peso de la cola: 27 g\/rollo<\/p>\n<p>Color del pegamento : Negro azabache, Marr\u00f3n oscuro, Marr\u00f3n, Transparente<\/p>\n<p>Existencias: s\u00ed<\/p>\n<p>Funci\u00f3n: Aplicaci\u00f3n para extensiones de cabello preencoladas<\/p>\n<p>Ventajas:<\/p>\n<p>1&gt; Cuatro colores est\u00e1n disponibles y es f\u00e1cil para que coincida con la extensi\u00f3n de cabello.<\/p>\n<p>2&gt; Al menos 6 polillas de larga duraci\u00f3n.<\/p>\n<p>3&gt; No da\u00f1a el cabello natural ni la escama.<\/p>\n<p>4&gt; Adecuado para todas las extensiones de cabello pre-bonded ( i tips, U tips, flat tips, Y tips, nano tips etc)<\/p>\n<p>El pegamento de alta calidad proporciona una uni\u00f3n m\u00e1s fuerte en comparaci\u00f3n con las opciones de pegamento normales. Este dise\u00f1o mejora la facilidad de uso y garantiza la comodidad durante todo el proceso de aplicaci\u00f3n. Permite una uni\u00f3n perfecta entre las extensiones y el cabello natural.<\/p>","protected":false},"excerpt":{"rendered":"<p>Nuestro rollo de pegamento de queratina de primera calidad para extensiones de cabello es la soluci\u00f3n para conseguir unas extensiones de cabello seguras y sin costuras. Fabricado con<\/p>","protected":false},"featured_media":10634,"template":"","meta":[],"product_cat":[42,91],"product_tag":[302,301],"class_list":{"0":"post-10633","1":"product","2":"type-product","3":"status-publish","4":"has-post-thumbnail","6":"product_cat-tools-accessories","7":"product_cat-prebond-hair-tools","8":"product_tag-hair-glue-roll","9":"product_tag-italian-glue-roll","11":"first","12":"instock","13":"shipping-taxable","14":"purchasable","15":"product-type-simple"},"_links":{"self":[{"href":"https:\/\/www.everbeauting.com\/es\/wp-json\/wp\/v2\/product\/10633","targetHints":{"allow":["GET"]}}],"collection":[{"href":"https:\/\/www.everbeauting.com\/es\/wp-json\/wp\/v2\/product"}],"about":[{"href":"https:\/\/www.everbeauting.com\/es\/wp-json\/wp\/v2\/types\/product"}],"version-history":[{"count":1,"href":"https:\/\/www.everbeauting.com\/es\/wp-json\/wp\/v2\/product\/10633\/revisions"}],"predecessor-version":[{"id":10638,"href":"https:\/\/www.everbeauting.com\/es\/wp-json\/wp\/v2\/product\/10633\/revisions\/10638"}],"wp:featuredmedia":[{"embeddable":true,"href":"https:\/\/www.everbeauting.com\/es\/wp-json\/wp\/v2\/media\/10634"}],"wp:attachment":[{"href":"https:\/\/www.everbeauting.com\/es\/wp-json\/wp\/v2\/media?parent=10633"}],"wp:term":[{"taxonomy":"product_cat","embeddable":true,"href":"https:\/\/www.everbeauting.com\/es\/wp-json\/wp\/v2\/product_cat?post=10633"},{"taxonomy":"product_tag","embeddable":true,"href":"https:\/\/www.everbeauting.com\/es\/wp-json\/wp\/v2\/product_tag?post=10633"}],"curies":[{"name":"wp","href":"https:\/\/api.w.org\/{rel}","templated":true}]}}