{"id":10650,"date":"2024-05-27T18:13:46","date_gmt":"2024-05-27T10:13:46","guid":{"rendered":"https:\/\/www.everbeauting.com\/?post_type=product&#038;p=10650"},"modified":"2024-05-27T18:13:47","modified_gmt":"2024-05-27T10:13:47","slug":"honey-blonde-bundles","status":"publish","type":"product","link":"https:\/\/www.everbeauting.com\/es\/product\/honey-blonde-bundles","title":{"rendered":"Paquetes Rubio Miel"},"content":{"rendered":"<p><strong><span style=\"font-family: 'times new roman', times, serif; font-size: 14pt;\">Los mechones rubio miel son una excelente soluci\u00f3n para quienes desean experimentar con diferentes looks, pero no quieren da\u00f1ar su cabello. Con los mechones rubios en el color #613, puedes evitar la decoloraci\u00f3n e ir directamente al color deseado. Y podr\u00e1s cambiar f\u00e1cilmente de look en distintas ocasiones.<\/span><\/strong><\/p>\n<p><span style=\"font-family: 'times new roman', times, serif; font-size: 14pt;\">Nombre del producto : Honey Blonde Bundles Remy Human Hair<\/span><\/p>\n<p><span style=\"font-family: 'times new roman', times, serif; font-size: 14pt;\">Materias primas: trenzas de cabello humano remy 100%<\/span><\/p>\n<p><span style=\"font-family: 'times new roman', times, serif; font-size: 14pt;\">Tipo de cabello: cabello humano natural de primera calidad<\/span><\/p>\n<p><span style=\"font-family: 'times new roman', times, serif; font-size: 14pt;\">Longitud del cabello: disponible de 14 a 28 pulgadas<\/span><\/p>\n<p><span style=\"font-family: 'times new roman', times, serif; font-size: 14pt;\">Color de pelo: 613#, 60#, 1001# etc color rubio\u00a0<\/span><\/p>\n<p>Grado del pelo: 15A<\/p>\n<p>Recursos capilares:  Pelo Ruso<\/p>\n<p><span style=\"font-family: 'times new roman', times, serif; font-size: 14pt;\">Peso del pelo: 100 g por paquete<\/span><\/p>\n<p><span style=\"font-family: 'times new roman', times, serif; font-size: 14pt;\">Hair Ratio:  Doble Dibujo<\/span><\/p>\n<p><span style=\"font-family: 'times new roman', times, serif; font-size: 14pt;\">Paquete: paquete de f\u00e1brica\/marca de los clientes<\/span><\/p>\n<p>Vida \u00fatil: 14-18 meses con un mantenimiento adecuado<\/p>\n<p><span style=\"font-family: 'times new roman', times, serif; font-size: 14pt;\">MOQ: 10 paquetes\/color\/longitud<\/span><\/p>","protected":false},"excerpt":{"rendered":"<p>Los mechones rubios miel ofrecen una excelente soluci\u00f3n a quienes desean experimentar con diferentes looks. Pero<\/p>","protected":false},"featured_media":10651,"template":"","meta":[],"product_cat":[20,79],"product_tag":[307,306,309,308],"class_list":{"0":"post-10650","1":"product","2":"type-product","3":"status-publish","4":"has-post-thumbnail","6":"product_cat-hair-extensions","7":"product_cat-hair-bundle-series","8":"product_tag-blonde-bundles-human-hair","9":"product_tag-honey-hair-bundles","10":"product_tag-platinum-blonde-bundles","11":"product_tag-platinum-blonde-human-hair-bundles","13":"first","14":"instock","15":"shipping-taxable","16":"purchasable","17":"product-type-simple"},"_links":{"self":[{"href":"https:\/\/www.everbeauting.com\/es\/wp-json\/wp\/v2\/product\/10650","targetHints":{"allow":["GET"]}}],"collection":[{"href":"https:\/\/www.everbeauting.com\/es\/wp-json\/wp\/v2\/product"}],"about":[{"href":"https:\/\/www.everbeauting.com\/es\/wp-json\/wp\/v2\/types\/product"}],"version-history":[{"count":1,"href":"https:\/\/www.everbeauting.com\/es\/wp-json\/wp\/v2\/product\/10650\/revisions"}],"predecessor-version":[{"id":10655,"href":"https:\/\/www.everbeauting.com\/es\/wp-json\/wp\/v2\/product\/10650\/revisions\/10655"}],"wp:featuredmedia":[{"embeddable":true,"href":"https:\/\/www.everbeauting.com\/es\/wp-json\/wp\/v2\/media\/10651"}],"wp:attachment":[{"href":"https:\/\/www.everbeauting.com\/es\/wp-json\/wp\/v2\/media?parent=10650"}],"wp:term":[{"taxonomy":"product_cat","embeddable":true,"href":"https:\/\/www.everbeauting.com\/es\/wp-json\/wp\/v2\/product_cat?post=10650"},{"taxonomy":"product_tag","embeddable":true,"href":"https:\/\/www.everbeauting.com\/es\/wp-json\/wp\/v2\/product_tag?post=10650"}],"curies":[{"name":"wp","href":"https:\/\/api.w.org\/{rel}","templated":true}]}}