{"id":10669,"date":"2024-06-13T16:30:14","date_gmt":"2024-06-13T08:30:14","guid":{"rendered":"https:\/\/www.everbeauting.com\/?post_type=product&#038;p=10669"},"modified":"2024-06-13T16:30:14","modified_gmt":"2024-06-13T08:30:14","slug":"hot-glue-melting-pot","status":"publish","type":"product","link":"https:\/\/www.everbeauting.com\/es\/product\/bote-de-pegamento-caliente","title":{"rendered":"Fusor de cola caliente"},"content":{"rendered":"<p>Tanque de pegamento, Tanque de pegamento caliente, Estufa de pegamento de fusi\u00f3n en caliente, Horno de pegamento caliente, Tanque de pegamento de queratina de fusi\u00f3n de proceso profesional, Bote de pegamento de queratina profesional, Bote de pegamento de fusi\u00f3n en caliente para extensiones de cabello<\/p>\n<p>Nombre del producto:  Crisol de pegamento caliente<\/p>\n<p>Marca: Everbeauting<\/p>\n<p>N\u00ba de art\u00edculo: Hotpot-230455<\/p>\n<p>Color : Azul \/ Amarillo<\/p>\n<p>Caracter\u00edstica:  Temperatura ajustable<\/p>\n<p>Funci\u00f3n: Fundir perlas de pegamento de queratina o rollo de pegamento<\/p>\n<p>Temperatura disponible:  140 \u2103 - 220 \u2103<\/p>\n<p>Potencia nominal: 100 W<\/p>\n<p>Frecuencia: 50-60HZ<\/p>\n<p>Tiempo de precalentamiento: 6-10 minutos<\/p>\n<p>Volumen: 150 ml<\/p>\n<p>Tensi\u00f3n: 100 V - 240 V<\/p>\n<p>Enchufe:  Enchufe USA , Enchufe EU, Enchufe UK, Enchufe AU<\/p>\n<p>Caja de paquete individual:  15cm * 12cm *8cm<\/p>\n<p>Peso bruto: 508 g<\/p>\n<p>Para derretir el pegamento en caliente, basta con poner una cierta cantidad de perlas\/rollo de queratina en el fuego y encenderlo. Despu\u00e9s de unos 8 minutos, el pegamento derretido aparecer\u00e1 en la olla.<\/p>\n<p>&nbsp;<\/p>","protected":false},"excerpt":{"rendered":"<p>Hot Glue Melting Pot, Hot Glue Melting Stove, Keratin Beads Melting Pot, Hot Pot For Keartin Hair Extensions<\/p>","protected":false},"featured_media":10670,"template":"","meta":[],"product_cat":[42,91],"product_tag":[314,315],"class_list":{"0":"post-10669","1":"product","2":"type-product","3":"status-publish","4":"has-post-thumbnail","6":"product_cat-tools-accessories","7":"product_cat-prebond-hair-tools","8":"product_tag-hot-glue-melting-pot","9":"product_tag-hot-glue-melting-stove","11":"first","12":"instock","13":"shipping-taxable","14":"purchasable","15":"product-type-simple"},"_links":{"self":[{"href":"https:\/\/www.everbeauting.com\/es\/wp-json\/wp\/v2\/product\/10669","targetHints":{"allow":["GET"]}}],"collection":[{"href":"https:\/\/www.everbeauting.com\/es\/wp-json\/wp\/v2\/product"}],"about":[{"href":"https:\/\/www.everbeauting.com\/es\/wp-json\/wp\/v2\/types\/product"}],"version-history":[{"count":1,"href":"https:\/\/www.everbeauting.com\/es\/wp-json\/wp\/v2\/product\/10669\/revisions"}],"predecessor-version":[{"id":10674,"href":"https:\/\/www.everbeauting.com\/es\/wp-json\/wp\/v2\/product\/10669\/revisions\/10674"}],"wp:featuredmedia":[{"embeddable":true,"href":"https:\/\/www.everbeauting.com\/es\/wp-json\/wp\/v2\/media\/10670"}],"wp:attachment":[{"href":"https:\/\/www.everbeauting.com\/es\/wp-json\/wp\/v2\/media?parent=10669"}],"wp:term":[{"taxonomy":"product_cat","embeddable":true,"href":"https:\/\/www.everbeauting.com\/es\/wp-json\/wp\/v2\/product_cat?post=10669"},{"taxonomy":"product_tag","embeddable":true,"href":"https:\/\/www.everbeauting.com\/es\/wp-json\/wp\/v2\/product_tag?post=10669"}],"curies":[{"name":"wp","href":"https:\/\/api.w.org\/{rel}","templated":true}]}}