{"id":10776,"date":"2024-08-30T17:56:42","date_gmt":"2024-08-30T09:56:42","guid":{"rendered":"https:\/\/www.everbeauting.com\/?post_type=product&#038;p=10776"},"modified":"2024-08-30T17:56:43","modified_gmt":"2024-08-30T09:56:43","slug":"front-lace-wig","status":"publish","type":"product","link":"https:\/\/www.everbeauting.com\/es\/product\/peluca-frontal","title":{"rendered":"Peluca de encaje frontal"},"content":{"rendered":"<p><strong><span style=\"font-size: 14pt;\">Peluca de Encaje de Lujo para Mujer<\/span><\/strong><\/p>\n<p><span style=\"font-size: 14pt;\">Una peluca de encaje es un postizo de cobertura total que oculta todo el cuero cabelludo y todo el cabello.  Y es la opci\u00f3n perfecta para las personas que buscan algo ligero y transpirable. Las pelucas de encaje Everbeauting son incre\u00edblemente realistas, simulando una l\u00ednea de cabello que parece completamente natural. El encaje se funde perfectamente con la piel, creando una transici\u00f3n natural.<\/span><\/p>\n<p><span style=\"font-size: 14pt;\">Everbeauting ofrecer la personalizaci\u00f3n en la longitud, el color del pelo, y el estilo con ambas tapas de seda francesa y las opciones de construcci\u00f3n de encaje superior en orden a granel.<\/span><\/p>\n<p>&nbsp;<\/p>\n<p><span style=\"font-size: 14pt;\">Nombre del Producto\uff1a Peluca de Encaje Frontal para Mujer<\/span><\/p>\n<p><span style=\"font-size: 14pt;\">Marca: Everbeauting\u00a0<\/span><\/p>\n<p><span style=\"font-size: 14pt;\">Modelo N\u00ba: FP-GH121318<\/span><\/p>\n<p><span style=\"font-size: 14pt;\">Tipo de cabello:  100% cabello humano remy\u00a0<\/span><\/p>\n<p><span style=\"font-size: 14pt;\">Cabello Grado: 12 A\u00a0<\/span><\/p>\n<p><span style=\"font-size: 14pt;\">Tama\u00f1o del top de encaje: 12*13 cm\u00a0<\/span><\/p>\n<p><span style=\"font-size: 14pt;\">Tipo de encaje delantero: Encaje Suizo<\/span><\/p>\n<p><span style=\"font-size: 14pt;\">Circunferencia del gorro:  56 cm y ajustable<\/span><\/p>\n<p><span style=\"font-size: 14pt;\">Longitud del pelo: 14 pulgadas 18 pulgadas o customzied longitud<\/span><\/p>\n<p><span style=\"font-size: 14pt;\">Tecnolog\u00eda: encaje superior atado a mano + tramas a m\u00e1quina\u00a0<\/span><\/p>\n<p><span style=\"font-size: 14pt;\">Color de pelo: 7#\/T20\/T613#<\/span><\/p>\n<p><span style=\"font-size: 14pt;\">Densidad: media 150%<\/span><\/p>\n<p><span style=\"font-size: 14pt;\">Entrega : 5 d\u00edas laborables para existencias; 8 semanas para pedidos a medida al por mayor\u00a0<\/span><\/p>\n<p><span style=\"font-size: 14pt;\">Embalaje: Caja de papel\u00a0<\/span><\/p>\n<p><span style=\"font-size: 14pt;\">Env\u00edos:  Fedex\/DHL<\/span><\/p>\n<p>&nbsp;<\/p>\n<p><strong><span style=\"font-size: 14pt;\">Y nuestras pelucas tienen algunas caracter\u00edsticas especiales:<\/span><\/strong><\/p>\n<ol>\n<li><span style=\"font-size: 14pt;\">nudos ligeramente decolorados con una l\u00ednea de cabello desplumado de aspecto extremadamente natural<\/span><\/li>\n<li><span style=\"font-size: 14pt;\">El cabello indio se seca ligeramente ondulado y tiene una textura muy fina y super suave .<\/span><\/li>\n<li><span style=\"font-size: 14pt;\">las pelucas pueden dividirse en cualquier direcci\u00f3n, igual que su propio cabello<\/span><\/li>\n<\/ol>\n<p>&nbsp;<\/p>\n<p>&nbsp;<\/p>\n<p>&nbsp;<\/p>","protected":false},"excerpt":{"rendered":"<p>Peluca de Encaje de Lujo para Mujer Una peluca de encaje es un postizo de cobertura total que oculta todo su cuero cabelludo y<\/p>","protected":false},"featured_media":10777,"template":"","meta":[],"product_cat":[330],"product_tag":[331],"class_list":{"0":"post-10776","1":"product","2":"type-product","3":"status-publish","4":"has-post-thumbnail","6":"product_cat-human-hair-wigs","7":"product_tag-lace-front-wigs","9":"first","10":"instock","11":"shipping-taxable","12":"purchasable","13":"product-type-simple"},"_links":{"self":[{"href":"https:\/\/www.everbeauting.com\/es\/wp-json\/wp\/v2\/product\/10776","targetHints":{"allow":["GET"]}}],"collection":[{"href":"https:\/\/www.everbeauting.com\/es\/wp-json\/wp\/v2\/product"}],"about":[{"href":"https:\/\/www.everbeauting.com\/es\/wp-json\/wp\/v2\/types\/product"}],"version-history":[{"count":1,"href":"https:\/\/www.everbeauting.com\/es\/wp-json\/wp\/v2\/product\/10776\/revisions"}],"predecessor-version":[{"id":10781,"href":"https:\/\/www.everbeauting.com\/es\/wp-json\/wp\/v2\/product\/10776\/revisions\/10781"}],"wp:featuredmedia":[{"embeddable":true,"href":"https:\/\/www.everbeauting.com\/es\/wp-json\/wp\/v2\/media\/10777"}],"wp:attachment":[{"href":"https:\/\/www.everbeauting.com\/es\/wp-json\/wp\/v2\/media?parent=10776"}],"wp:term":[{"taxonomy":"product_cat","embeddable":true,"href":"https:\/\/www.everbeauting.com\/es\/wp-json\/wp\/v2\/product_cat?post=10776"},{"taxonomy":"product_tag","embeddable":true,"href":"https:\/\/www.everbeauting.com\/es\/wp-json\/wp\/v2\/product_tag?post=10776"}],"curies":[{"name":"wp","href":"https:\/\/api.w.org\/{rel}","templated":true}]}}