{"id":10782,"date":"2024-08-31T18:09:51","date_gmt":"2024-08-31T10:09:51","guid":{"rendered":"https:\/\/www.everbeauting.com\/?post_type=product&#038;p=10782"},"modified":"2024-08-31T18:09:51","modified_gmt":"2024-08-31T10:09:51","slug":"kosher-wig","status":"publish","type":"product","link":"https:\/\/www.everbeauting.com\/es\/product\/peluca-kosher","title":{"rendered":"Peluca Kosher"},"content":{"rendered":"<p><span style=\"font-size: 14pt;\"><strong>\u00a0Peluca Jud\u00eda Peluca Kosher<\/strong><\/span><\/p>\n<p><span style=\"font-size: 14pt;\">Las pelucas jud\u00edas, a menudo conocidas como Sheitels o pelucas kosher, son pelucas de seda hechas de cabello virgen natural 100% procedente de una donante de ascendencia europea, mongola o brasile\u00f1a. Estas pelucas son, con diferencia, algunas de las pelucas de cabello de mujer de aspecto m\u00e1s natural y con m\u00e1s clase disponibles para su compra hoy en d\u00eda.<\/span><\/p>\n<p><span style=\"font-size: 14pt;\">Como fabricante profesional de pelucas jud\u00edas kosher al por mayor y proveedor de pelucas jud\u00edas, s\u00f3lo utilizamos cabello aut\u00e9ntico 100% de primera calidad para la producci\u00f3n de nuestras pelucas jud\u00edas. \u00a1Nos dirigimos a aquellos que buscan una soluci\u00f3n de muy alta gama para la p\u00e9rdida de cabello para las mujeres, as\u00ed como un aspecto elegante!<\/span><\/p>\n<p>&nbsp;<\/p>\n<p><span style=\"font-size: 14pt;\">Nombre del Producto\uff1a Peluca de Cabello Humano Premium de Seda Francesa Superior Kosher<\/span><\/p>\n<p><span style=\"font-size: 14pt;\">Marca: Everbeauting\u00a0<\/span><\/p>\n<p><span style=\"font-size: 14pt;\">N\u00ba de modelo: DJ-GH131318<\/span><\/p>\n<p><span style=\"font-size: 14pt;\">Tipo de cabello:   100% cabello humano remy\u00a0<\/span><\/p>\n<p><span style=\"font-size: 14pt;\">Cabello Grado: 12 A\u00a0<\/span><\/p>\n<p><span style=\"font-size: 14pt;\">Tama\u00f1o de la tapa de seda: 13*13 cm\u00a0<\/span><\/p>\n<p><span style=\"font-size: 14pt;\">Tecnolog\u00eda Silk Top:  Nudo franc\u00e9s\u00a0<\/span><\/p>\n<p><span style=\"font-size: 14pt;\">Circunferencia del gorro:  56 cm y ajustable<\/span><\/p>\n<p><span style=\"font-size: 14pt;\">Longitud del pelo: 18 pulgadas o customzied longitud<\/span><\/p>\n<p><span style=\"font-size: 14pt;\">Tecnolog\u00eda:  Top de seda de nudo franc\u00e9s + tramas a m\u00e1quina\u00a0<\/span><\/p>\n<p><span style=\"font-size: 14pt;\">Color de pelo: 4#<\/span><\/p>\n<p><span style=\"font-size: 14pt;\">Densidad: media 150%<\/span><\/p>\n<p><span style=\"font-size: 14pt;\">Entrega : 5 d\u00edas laborables para existencias; 8 semanas para pedidos a medida al por mayor\u00a0<\/span><\/p>\n<p><span style=\"font-size: 14pt;\">Embalaje: Caja de papel\u00a0<\/span><\/p>\n<p><span style=\"font-size: 14pt;\">Env\u00edos:  Fedex \/ DHL<\/span><\/p>\n<p><span style=\"font-size: 14pt;\">Las pelucas Everbeauting Kosher est\u00e1n hechas de cabello europeo virgen 100% con todas las cut\u00edculas intactas. El pelo crudo es de cabello virgen en trenzas, que se cortan directamente de los donantes individuales. Durante toda la producci\u00f3n, el cabello no ha sido procesado qu\u00edmicamente, lo que mantiene el cabello m\u00e1s fuerte y dura m\u00e1s tiempo.<\/span><\/p>","protected":false},"excerpt":{"rendered":"<p>\u00a0Jewish Wig\u00a0 Kosher Wig Jewish wigs, often referred to as Sheitels or kosher wigs, are silk top wigs made of<\/p>","protected":false},"featured_media":10783,"template":"","meta":[],"product_cat":[330],"product_tag":[332],"class_list":{"0":"post-10782","1":"product","2":"type-product","3":"status-publish","4":"has-post-thumbnail","6":"product_cat-human-hair-wigs","7":"product_tag-kosher-wig","9":"first","10":"instock","11":"shipping-taxable","12":"purchasable","13":"product-type-simple"},"_links":{"self":[{"href":"https:\/\/www.everbeauting.com\/es\/wp-json\/wp\/v2\/product\/10782","targetHints":{"allow":["GET"]}}],"collection":[{"href":"https:\/\/www.everbeauting.com\/es\/wp-json\/wp\/v2\/product"}],"about":[{"href":"https:\/\/www.everbeauting.com\/es\/wp-json\/wp\/v2\/types\/product"}],"version-history":[{"count":1,"href":"https:\/\/www.everbeauting.com\/es\/wp-json\/wp\/v2\/product\/10782\/revisions"}],"predecessor-version":[{"id":10787,"href":"https:\/\/www.everbeauting.com\/es\/wp-json\/wp\/v2\/product\/10782\/revisions\/10787"}],"wp:featuredmedia":[{"embeddable":true,"href":"https:\/\/www.everbeauting.com\/es\/wp-json\/wp\/v2\/media\/10783"}],"wp:attachment":[{"href":"https:\/\/www.everbeauting.com\/es\/wp-json\/wp\/v2\/media?parent=10782"}],"wp:term":[{"taxonomy":"product_cat","embeddable":true,"href":"https:\/\/www.everbeauting.com\/es\/wp-json\/wp\/v2\/product_cat?post=10782"},{"taxonomy":"product_tag","embeddable":true,"href":"https:\/\/www.everbeauting.com\/es\/wp-json\/wp\/v2\/product_tag?post=10782"}],"curies":[{"name":"wp","href":"https:\/\/api.w.org\/{rel}","templated":true}]}}