{"id":10802,"date":"2024-09-29T15:49:11","date_gmt":"2024-09-29T07:49:11","guid":{"rendered":"https:\/\/www.everbeauting.com\/?post_type=product&#038;p=10802"},"modified":"2024-09-29T15:57:08","modified_gmt":"2024-09-29T07:57:08","slug":"jet-black-flip-in-hair-extensions","status":"publish","type":"product","link":"https:\/\/www.everbeauting.com\/es\/product\/jet-black-flip-in-hair-extensions","title":{"rendered":"Extensiones Flip In Negro Azabache"},"content":{"rendered":"<p>Las Extensiones de Cabello Halo Everbeauting pueden instalarse en cuesti\u00f3n de segundos. Experimente el lujo de 100% Remy Hair en nuestras extensiones halo. Es facil y seguro de aplicar sin clips, perlas o pegamento. A\u00f1ade longitud, volumen y grosor en menos de 30 segundos. Fabricadas con cabello humano europeo de primera calidad, nuestras extensiones halo proporcionan unos resultados irresistiblemente suaves y naturales que se funden a la perfecci\u00f3n con su propio cabello. Tanto si desea peinarlo con herramientas calientes, oscurecer el color o simplemente disfrutar de su larga duraci\u00f3n, nuestras extensiones est\u00e1n dise\u00f1adas para superar sus expectativas.<\/p>\n<p>Nombre del producto: Extensiones de pelo Flip In \/ Extensiones de pelo Halo<\/p>\n<p>Materias primas: 100% cabello humano remy<\/p>\n<p>Tipo de cabello: cabello natural<\/p>\n<p>Longitud del pelo : 14 pulgadas a 28 pulgadas disponibles<\/p>\n<p>Ancho de trama: 11 pulgadas<\/p>\n<p>Color de pelo: m\u00e1s de 50 colores en el anillo de color, color personalizado es el apoyo<\/p>\n<p>Peso del pelo: 90g por pieza, 100g por pieza, 120g por pieza,150g por pieza, 180g por pieza<\/p>\n<p>Paquete: paquete de f\u00e1brica \/ marca del cliente<\/p>\n<p>Drop Shipping : S\u00ed<\/p>\n<p>Env\u00edos: Fedex \/ DHL<\/p>\n<p>Entrega: 7 d\u00edas para muestras y 20 d\u00edas para pedido oficial<\/p>\n<p>MOQ: 10 piezas por color y longitud<\/p>\n<p>&nbsp;<\/p>\n<p>Si la talla no te queda bien, aj\u00fastala apretando o aflojando el alambre. Consigue belleza y confianza en segundos, nuevo look instant\u00e1neo y nadie descubrir\u00e1 tu secreto.<\/p>","protected":false},"excerpt":{"rendered":"<p>Las extensiones Everbeauting Halo Hair pueden instalarse en cuesti\u00f3n de segundos. Experimente el lujo de 100% Remy Hair en<\/p>","protected":false},"featured_media":10809,"template":"","meta":[],"product_cat":[77],"product_tag":[334],"class_list":{"0":"post-10802","1":"product","2":"type-product","3":"status-publish","4":"has-post-thumbnail","6":"product_cat-flip-in-hair-series","7":"product_tag-flip-in-hair-extensions","9":"first","10":"instock","11":"shipping-taxable","12":"purchasable","13":"product-type-simple"},"_links":{"self":[{"href":"https:\/\/www.everbeauting.com\/es\/wp-json\/wp\/v2\/product\/10802","targetHints":{"allow":["GET"]}}],"collection":[{"href":"https:\/\/www.everbeauting.com\/es\/wp-json\/wp\/v2\/product"}],"about":[{"href":"https:\/\/www.everbeauting.com\/es\/wp-json\/wp\/v2\/types\/product"}],"version-history":[{"count":1,"href":"https:\/\/www.everbeauting.com\/es\/wp-json\/wp\/v2\/product\/10802\/revisions"}],"predecessor-version":[{"id":10808,"href":"https:\/\/www.everbeauting.com\/es\/wp-json\/wp\/v2\/product\/10802\/revisions\/10808"}],"wp:featuredmedia":[{"embeddable":true,"href":"https:\/\/www.everbeauting.com\/es\/wp-json\/wp\/v2\/media\/10809"}],"wp:attachment":[{"href":"https:\/\/www.everbeauting.com\/es\/wp-json\/wp\/v2\/media?parent=10802"}],"wp:term":[{"taxonomy":"product_cat","embeddable":true,"href":"https:\/\/www.everbeauting.com\/es\/wp-json\/wp\/v2\/product_cat?post=10802"},{"taxonomy":"product_tag","embeddable":true,"href":"https:\/\/www.everbeauting.com\/es\/wp-json\/wp\/v2\/product_tag?post=10802"}],"curies":[{"name":"wp","href":"https:\/\/api.w.org\/{rel}","templated":true}]}}