{"id":10810,"date":"2024-09-29T16:17:55","date_gmt":"2024-09-29T08:17:55","guid":{"rendered":"https:\/\/www.everbeauting.com\/?post_type=product&#038;p=10810"},"modified":"2024-09-29T16:17:55","modified_gmt":"2024-09-29T08:17:55","slug":"brown-color-wire-hair-extensions","status":"publish","type":"product","link":"https:\/\/www.everbeauting.com\/es\/product\/extensiones-de-pelo-de-alambre-de-color-marron","title":{"rendered":"Extensiones de cabello de alambre de color marr\u00f3n"},"content":{"rendered":"<p><span style=\"font-size: 14pt;\">Las extensiones de pelo de alambre son f\u00e1ciles y seguras de aplicar sin clips, perlas o pegamento. Se instalan en cuesti\u00f3n de segundos. Se apoyan suavemente en la cabeza y se sujetan con un alambre invisible y dos clips de silicona. El alambre se conecta a ambos lados de la trama y es tan fino que es pr\u00e1cticamente indetectable, lo que permite que la extensi\u00f3n Halo se integre perfectamente en su propio cabello. Esto le da un aspecto natural y con volumen.<\/span><\/p>\n<p>Nombre del producto: Extensiones de pelo de alambre<\/p>\n<p>Materias primas: 100% cabello humano remy<\/p>\n<p>Grado de cabello: cabello remy natural<\/p>\n<p>Longitud del pelo : 14 pulgadas a 28 pulgadas disponibles<\/p>\n<p>Ancho de trama: 11 pulgadas<\/p>\n<p>Color de pelo: color marr\u00f3n 4# (m\u00e1s de 50 colores en el anillo de color y color personalizado est\u00e1 disponible)<\/p>\n<p>Peso del pelo: 90g por pieza, 100g por pieza, 120g por pieza,150g por pieza, 180g por pieza<\/p>\n<p>Paquete: paquete de f\u00e1brica \/ marca del cliente<\/p>\n<p>Drop Shipping : S\u00ed<\/p>\n<p>Env\u00edos: Fedex \/ DHL<\/p>\n<p>Entrega: 7 d\u00edas para muestras y 20 d\u00edas para pedido oficial<\/p>\n<p>MOQ: 10 piezas por color y longitud<\/p>\n<p><span style=\"font-size: 14pt;\">Fabricadas con cabello humano Remy 100%, las extensiones de cabello de alambre Everbeauting pueden tratarse igual que su propio cabello y pueden te\u00f1irse, lavarse, peinarse, secarse con secador, plancharse y rizarse con herramientas calientes.<\/span><\/p>","protected":false},"excerpt":{"rendered":"<p>Las extensiones de alambre son f\u00e1ciles y seguras de colocar, sin clips, perlas ni pegamento. Se pueden instalar en<\/p>","protected":false},"featured_media":10811,"template":"","meta":[],"product_cat":[20,77],"product_tag":[335],"class_list":{"0":"post-10810","1":"product","2":"type-product","3":"status-publish","4":"has-post-thumbnail","6":"product_cat-hair-extensions","7":"product_cat-flip-in-hair-series","8":"product_tag-brown-color-wire-hair-extension","10":"first","11":"instock","12":"shipping-taxable","13":"purchasable","14":"product-type-simple"},"_links":{"self":[{"href":"https:\/\/www.everbeauting.com\/es\/wp-json\/wp\/v2\/product\/10810","targetHints":{"allow":["GET"]}}],"collection":[{"href":"https:\/\/www.everbeauting.com\/es\/wp-json\/wp\/v2\/product"}],"about":[{"href":"https:\/\/www.everbeauting.com\/es\/wp-json\/wp\/v2\/types\/product"}],"version-history":[{"count":1,"href":"https:\/\/www.everbeauting.com\/es\/wp-json\/wp\/v2\/product\/10810\/revisions"}],"predecessor-version":[{"id":10816,"href":"https:\/\/www.everbeauting.com\/es\/wp-json\/wp\/v2\/product\/10810\/revisions\/10816"}],"wp:featuredmedia":[{"embeddable":true,"href":"https:\/\/www.everbeauting.com\/es\/wp-json\/wp\/v2\/media\/10811"}],"wp:attachment":[{"href":"https:\/\/www.everbeauting.com\/es\/wp-json\/wp\/v2\/media?parent=10810"}],"wp:term":[{"taxonomy":"product_cat","embeddable":true,"href":"https:\/\/www.everbeauting.com\/es\/wp-json\/wp\/v2\/product_cat?post=10810"},{"taxonomy":"product_tag","embeddable":true,"href":"https:\/\/www.everbeauting.com\/es\/wp-json\/wp\/v2\/product_tag?post=10810"}],"curies":[{"name":"wp","href":"https:\/\/api.w.org\/{rel}","templated":true}]}}