{"id":9073,"date":"2023-05-16T13:58:59","date_gmt":"2023-05-16T05:58:59","guid":{"rendered":"https:\/\/www.everbeauting.com\/?post_type=product&#038;p=9073"},"modified":"2023-05-31T16:56:18","modified_gmt":"2023-05-31T08:56:18","slug":"tape-hair-extensions","status":"publish","type":"product","link":"https:\/\/www.everbeauting.com\/es\/product\/cinta-pelo-extensiones","title":{"rendered":"Extensiones de cabello con cinta"},"content":{"rendered":"<p><span style=\"font-size: 12pt;\"><strong><span style=\"font-family: 'times new roman', times, serif;\">Extensiones de cinta normal\u00a0<\/span><\/strong><\/span><\/p>\n<p><span style=\"font-size: 12pt;\"><strong><span style=\"font-family: 'times new roman', times, serif;\">Las extensiones de cabello m\u00e1s populares del mercado.<\/span><\/strong><\/span><\/p>\n<p><span style=\"font-size: 12pt;\"><strong><span style=\"font-family: 'times new roman', times, serif;\">La ligereza y la invisibilidad lo hacen <\/span><\/strong><\/span><span style=\"font-family: 'times new roman', times, serif;\"><span style=\"font-size: 12pt;\"><strong>\u00a0m\u00e1s c\u00f3modo y de aspecto natural en la cabeza.<\/strong><\/span><b><\/b><\/span><\/p>\n<p><span style=\"font-family: 'times new roman', times, serif; font-size: 12pt;\">Marca: Everbeauting<\/span><\/p>\n<p><span style=\"font-family: 'times new roman', times, serif; font-size: 12pt;\">Tama\u00f1o del paquete: 4 cm * 0,8 cm * 20 tiras<\/span><\/p>\n<p><span style=\"font-family: 'times new roman', times, serif; font-size: 12pt;\">Materias primas: trenzas de cabello humano remy 100%<\/span><\/p>\n<p><span style=\"font-family: 'times new roman', times, serif; font-size: 12pt;\">Grado de cabello: cabello remy natural\u00a0<\/span><\/p>\n<p><span style=\"font-family: 'times new roman', times, serif; font-size: 12pt;\">Longitud del cabello: disponible de 14 a 28 pulgadas\u00a0<\/span><\/p>\n<p><span style=\"font-family: 'times new roman', times, serif; font-size: 12pt;\">Color de pelo: 50 colores en el anillo de color.\u00a0<\/span><\/p>\n<p><span style=\"font-family: 'times new roman', times, serif; font-size: 12pt;\">Peso del pelo: 40g \/paquete, 50g \/paquete, o modificado para requisitos particulares<\/span><\/p>\n<p><span style=\"font-family: 'times new roman', times, serif; font-size: 12pt;\">Paquete: paquete de f\u00e1brica\/marca de los clientes\u00a0<\/span><\/p>\n<p><span style=\"font-family: 'times new roman', times, serif; font-size: 12pt;\">MOQ: 20 paquetes\/color\/longitud<\/span><\/p>\n<p><span style=\"font-family: 'times new roman', times, serif; font-size: 12pt;\">Pago: Paypal\/Western Union\/TT\u00a0<\/span><\/p>\n<p><span style=\"font-family: 'times new roman', times, serif; font-size: 12pt;\">Env\u00edo: Fedex\/DHL\/Aramex\u00a0<\/span><\/p>","protected":false},"excerpt":{"rendered":"<p>Extensiones de pelo de cinta normal Las extensiones de pelo m\u00e1s populares del mercado. Su ligereza e invisibilidad las hacen m\u00e1s c\u00f3modas<\/p>","protected":false},"featured_media":9593,"template":"","meta":[],"product_cat":[20,73],"product_tag":[],"class_list":{"0":"post-9073","1":"product","2":"type-product","3":"status-publish","4":"has-post-thumbnail","6":"product_cat-hair-extensions","7":"product_cat-tape-hair-series","9":"first","10":"instock","11":"shipping-taxable","12":"purchasable","13":"product-type-simple"},"_links":{"self":[{"href":"https:\/\/www.everbeauting.com\/es\/wp-json\/wp\/v2\/product\/9073","targetHints":{"allow":["GET"]}}],"collection":[{"href":"https:\/\/www.everbeauting.com\/es\/wp-json\/wp\/v2\/product"}],"about":[{"href":"https:\/\/www.everbeauting.com\/es\/wp-json\/wp\/v2\/types\/product"}],"version-history":[{"count":3,"href":"https:\/\/www.everbeauting.com\/es\/wp-json\/wp\/v2\/product\/9073\/revisions"}],"predecessor-version":[{"id":9080,"href":"https:\/\/www.everbeauting.com\/es\/wp-json\/wp\/v2\/product\/9073\/revisions\/9080"}],"wp:featuredmedia":[{"embeddable":true,"href":"https:\/\/www.everbeauting.com\/es\/wp-json\/wp\/v2\/media\/9593"}],"wp:attachment":[{"href":"https:\/\/www.everbeauting.com\/es\/wp-json\/wp\/v2\/media?parent=9073"}],"wp:term":[{"taxonomy":"product_cat","embeddable":true,"href":"https:\/\/www.everbeauting.com\/es\/wp-json\/wp\/v2\/product_cat?post=9073"},{"taxonomy":"product_tag","embeddable":true,"href":"https:\/\/www.everbeauting.com\/es\/wp-json\/wp\/v2\/product_tag?post=9073"}],"curies":[{"name":"wp","href":"https:\/\/api.w.org\/{rel}","templated":true}]}}