{"id":9112,"date":"2023-05-16T17:03:38","date_gmt":"2023-05-16T09:03:38","guid":{"rendered":"https:\/\/www.everbeauting.com\/?post_type=product&#038;p=9112"},"modified":"2023-06-07T22:36:16","modified_gmt":"2023-06-07T14:36:16","slug":"keratin-i-tip-hair-extensions","status":"publish","type":"product","link":"https:\/\/www.everbeauting.com\/es\/product\/queratina-i-tip-extensiones-de-pelo","title":{"rendered":"Keratina I Punta Cabello"},"content":{"rendered":"<p><strong>Extensiones de queratina pre-ligadas I Tip <\/strong><\/p>\n<p><strong>R\u00e1pido y flexible para a\u00f1adir volumen y longitud. Larga duraci\u00f3n pero sin desprendimiento.\u00a0<\/strong><\/p>\n<p><strong>Una soluci\u00f3n perfecta para el movimiento natural.<\/strong><\/p>\n<p>Marca: Everbeauting<\/p>\n<p>Tama\u00f1o del paquete: 50 hebras por paquete, 2 paquetes por paquete<\/p>\n<p>Materias primas: trenzas de cabello humano remy 100%<\/p>\n<p>Grado de cabello: cabello remy natural<\/p>\n<p>Longitud del cabello: disponible de 14 a 28 pulgadas<\/p>\n<p>Color de pelo: 50 colores en el anillo de color.<\/p>\n<p>Peso del cabello: 0,5 g por mech\u00f3n, 0,7 g por mech\u00f3n, 1 g por mech\u00f3n<\/p>\n<p>Paquete: paquete de f\u00e1brica\/marca de los clientes<\/p>\n<p>MOQ: 20 paquetes\/color\/longitud<\/p>\n<p>Pago: Paypal\/Western Union\/TT<\/p>\n<p>Env\u00edo: Fedex\/DHL\/Aramex<\/p>","protected":false},"excerpt":{"rendered":"<p>Extensiones de cabello pre-ligadas Keratin I Tip R\u00e1pidas y flexibles para a\u00f1adir volumen y longitud. Larga duraci\u00f3n sin desprendimiento.  A<\/p>","protected":false},"featured_media":9129,"template":"","meta":[],"product_cat":[20,75],"product_tag":[],"class_list":{"0":"post-9112","1":"product","2":"type-product","3":"status-publish","4":"has-post-thumbnail","6":"product_cat-hair-extensions","7":"product_cat-keratin-hair-extensions","9":"first","10":"instock","11":"shipping-taxable","12":"purchasable","13":"product-type-simple"},"_links":{"self":[{"href":"https:\/\/www.everbeauting.com\/es\/wp-json\/wp\/v2\/product\/9112","targetHints":{"allow":["GET"]}}],"collection":[{"href":"https:\/\/www.everbeauting.com\/es\/wp-json\/wp\/v2\/product"}],"about":[{"href":"https:\/\/www.everbeauting.com\/es\/wp-json\/wp\/v2\/types\/product"}],"version-history":[{"count":2,"href":"https:\/\/www.everbeauting.com\/es\/wp-json\/wp\/v2\/product\/9112\/revisions"}],"predecessor-version":[{"id":9937,"href":"https:\/\/www.everbeauting.com\/es\/wp-json\/wp\/v2\/product\/9112\/revisions\/9937"}],"wp:featuredmedia":[{"embeddable":true,"href":"https:\/\/www.everbeauting.com\/es\/wp-json\/wp\/v2\/media\/9129"}],"wp:attachment":[{"href":"https:\/\/www.everbeauting.com\/es\/wp-json\/wp\/v2\/media?parent=9112"}],"wp:term":[{"taxonomy":"product_cat","embeddable":true,"href":"https:\/\/www.everbeauting.com\/es\/wp-json\/wp\/v2\/product_cat?post=9112"},{"taxonomy":"product_tag","embeddable":true,"href":"https:\/\/www.everbeauting.com\/es\/wp-json\/wp\/v2\/product_tag?post=9112"}],"curies":[{"name":"wp","href":"https:\/\/api.w.org\/{rel}","templated":true}]}}