{"id":9118,"date":"2023-05-16T17:18:08","date_gmt":"2023-05-16T09:18:08","guid":{"rendered":"https:\/\/www.everbeauting.com\/?post_type=product&#038;p=9118"},"modified":"2023-06-02T16:32:00","modified_gmt":"2023-06-02T08:32:00","slug":"remy-human-hair-ponytails","status":"publish","type":"product","link":"https:\/\/www.everbeauting.com\/es\/product\/remy-human-hair-ponytails","title":{"rendered":"colas de caballo de cabello humano"},"content":{"rendered":"<p><strong>Coletas de cabello humano Remy de lujo<\/strong><\/p>\n<p><strong>Instant\u00e1neo para crear el estilo de cola de caballo requerido.<\/strong><\/p>\n<p><strong>F\u00e1cil de aplicar con el peine incorporado.\u00a0<\/strong><\/p>\n<p><strong>R\u00e1pido de instalar y quitar.\u00a0<\/strong><\/p>\n<p>Marca: Everbeauting<\/p>\n<p>Materias primas: trenzas de cabello humano remy 100%<\/p>\n<p>Grado de cabello: cabello remy natural<\/p>\n<p>Longitud del cabello: disponible de 14 a 28 pulgadas<\/p>\n<p>Color de pelo: 50 colores en el anillo de color.<\/p>\n<p>Peso del cabello: 90 g por pieza, 100 g por pieza, 110 g por pieza<\/p>\n<p>Paquete: paquete de f\u00e1brica\/marca de los clientes<\/p>\n<p>MOQ: 10 paquetes por color por longitud<\/p>\n<p>Pago: Paypal\/Western Union\/TT<\/p>\n<p>Env\u00edo: Fedex\/DHL\/Aramex<\/p>","protected":false},"excerpt":{"rendered":"<p>Colas de Pelo Humano Remy de Lujo Instant\u00e1neas para crear el estilo de cola de caballo deseado. F\u00e1cil de aplicar con el peine incorporado.  R\u00e1pido<\/p>","protected":false},"featured_media":9130,"template":"","meta":[],"product_cat":[20,78],"product_tag":[],"class_list":{"0":"post-9118","1":"product","2":"type-product","3":"status-publish","4":"has-post-thumbnail","6":"product_cat-hair-extensions","7":"product_cat-ponytail-series","9":"first","10":"instock","11":"shipping-taxable","12":"purchasable","13":"product-type-simple"},"_links":{"self":[{"href":"https:\/\/www.everbeauting.com\/es\/wp-json\/wp\/v2\/product\/9118","targetHints":{"allow":["GET"]}}],"collection":[{"href":"https:\/\/www.everbeauting.com\/es\/wp-json\/wp\/v2\/product"}],"about":[{"href":"https:\/\/www.everbeauting.com\/es\/wp-json\/wp\/v2\/types\/product"}],"version-history":[{"count":2,"href":"https:\/\/www.everbeauting.com\/es\/wp-json\/wp\/v2\/product\/9118\/revisions"}],"predecessor-version":[{"id":9695,"href":"https:\/\/www.everbeauting.com\/es\/wp-json\/wp\/v2\/product\/9118\/revisions\/9695"}],"wp:featuredmedia":[{"embeddable":true,"href":"https:\/\/www.everbeauting.com\/es\/wp-json\/wp\/v2\/media\/9130"}],"wp:attachment":[{"href":"https:\/\/www.everbeauting.com\/es\/wp-json\/wp\/v2\/media?parent=9118"}],"wp:term":[{"taxonomy":"product_cat","embeddable":true,"href":"https:\/\/www.everbeauting.com\/es\/wp-json\/wp\/v2\/product_cat?post=9118"},{"taxonomy":"product_tag","embeddable":true,"href":"https:\/\/www.everbeauting.com\/es\/wp-json\/wp\/v2\/product_tag?post=9118"}],"curies":[{"name":"wp","href":"https:\/\/api.w.org\/{rel}","templated":true}]}}