{"id":9290,"date":"2023-05-18T15:46:09","date_gmt":"2023-05-18T07:46:09","guid":{"rendered":"https:\/\/www.everbeauting.com\/?post_type=product&#038;p=9290"},"modified":"2023-06-05T18:07:55","modified_gmt":"2023-06-05T10:07:55","slug":"ombre-color-tape-hair-extensions","status":"publish","type":"product","link":"https:\/\/www.everbeauting.com\/es\/product\/extensiones-de-cinta-de-color-ombre","title":{"rendered":"Cabello con cinta de color ombre"},"content":{"rendered":"<p><strong>Extensiones de cabello con cinta de color Ombre\u00a0<\/strong><\/p>\n<p><strong>Las extensiones de cabello m\u00e1s populares del mercado.<\/strong><\/p>\n<p><strong>La ligereza y la invisibilidad lo hacen\u00a0<\/strong><strong>\u00a0m\u00e1s c\u00f3modo y de aspecto natural en la cabeza.<\/strong><b><\/b><\/p>\n<p>Marca: Everbeauting<\/p>\n<p>Tama\u00f1o del paquete: 4 cm * 0,8 cm * 20 tiras<\/p>\n<p>Materias primas: trenzas de cabello humano remy 100%<\/p>\n<p>Grado de cabello: cabello remy natural<\/p>\n<p>Longitud del cabello: disponible de 14 a 28 pulgadas<\/p>\n<p>Color de cabello: m\u00e1s de 10 colores ombre o color personalizado<\/p>\n<p>Peso del cabello: 40 g\/paquete, 50 g\/paquete o peso personalizado<\/p>\n<p>Tipo de cinta: cintas azules\/cintas blancas, cintas marrones<\/p>\n<p>Paquete: paquete de f\u00e1brica\/marca de los clientes<\/p>\n<p>MOQ: 20 paquetes por color por longitud<\/p>\n<p>Pago: Paypal\/Western Union\/TT<\/p>\n<p>Env\u00edo: Fedex\/DHL\/Aramex<\/p>","protected":false},"excerpt":{"rendered":"<p>Extensiones de cabello Ombre Color Tape Las extensiones de cabello m\u00e1s populares del mercado. Su ligereza e invisibilidad las hacen m\u00e1s c\u00f3modas<\/p>","protected":false},"featured_media":9769,"template":"","meta":[],"product_cat":[20,73],"product_tag":[],"class_list":{"0":"post-9290","1":"product","2":"type-product","3":"status-publish","4":"has-post-thumbnail","6":"product_cat-hair-extensions","7":"product_cat-tape-hair-series","9":"first","10":"instock","11":"shipping-taxable","12":"purchasable","13":"product-type-simple"},"_links":{"self":[{"href":"https:\/\/www.everbeauting.com\/es\/wp-json\/wp\/v2\/product\/9290","targetHints":{"allow":["GET"]}}],"collection":[{"href":"https:\/\/www.everbeauting.com\/es\/wp-json\/wp\/v2\/product"}],"about":[{"href":"https:\/\/www.everbeauting.com\/es\/wp-json\/wp\/v2\/types\/product"}],"version-history":[{"count":2,"href":"https:\/\/www.everbeauting.com\/es\/wp-json\/wp\/v2\/product\/9290\/revisions"}],"predecessor-version":[{"id":9653,"href":"https:\/\/www.everbeauting.com\/es\/wp-json\/wp\/v2\/product\/9290\/revisions\/9653"}],"wp:featuredmedia":[{"embeddable":true,"href":"https:\/\/www.everbeauting.com\/es\/wp-json\/wp\/v2\/media\/9769"}],"wp:attachment":[{"href":"https:\/\/www.everbeauting.com\/es\/wp-json\/wp\/v2\/media?parent=9290"}],"wp:term":[{"taxonomy":"product_cat","embeddable":true,"href":"https:\/\/www.everbeauting.com\/es\/wp-json\/wp\/v2\/product_cat?post=9290"},{"taxonomy":"product_tag","embeddable":true,"href":"https:\/\/www.everbeauting.com\/es\/wp-json\/wp\/v2\/product_tag?post=9290"}],"curies":[{"name":"wp","href":"https:\/\/api.w.org\/{rel}","templated":true}]}}