{"id":9299,"date":"2023-05-18T16:19:15","date_gmt":"2023-05-18T08:19:15","guid":{"rendered":"https:\/\/www.everbeauting.com\/?post_type=product&#038;p=9299"},"modified":"2023-06-07T10:07:58","modified_gmt":"2023-06-07T02:07:58","slug":"blonde-color-tape-hair-extensions","status":"publish","type":"product","link":"https:\/\/www.everbeauting.com\/es\/product\/rubio-color-cinta-pelo-extensiones","title":{"rendered":"Pelo de cinta virgen"},"content":{"rendered":"<p><strong>Extensiones de cabello con cinta de color rubio virgen\u00a0<\/strong><\/p>\n<p><strong>Las extensiones de cabello m\u00e1s populares del mercado.<\/strong><\/p>\n<p><strong>La ligereza y la invisibilidad lo hacen\u00a0<\/strong><strong> m\u00e1s c\u00f3modo y natural en la cabeza. La larga duraci\u00f3n puede ser de dos a\u00f1os.<\/strong><b><\/b><\/p>\n<p>Marca: Everbeauting<\/p>\n<p>Tama\u00f1o del paquete: 4 cm * 0,8 cm * 20 tiras<\/p>\n<p>Materias primas:  100% virgin remy trenzas de cabello humano<\/p>\n<p>Tipo de cabello: cabello natural virgen remy<\/p>\n<p>Longitud del cabello: disponible de 14 a 28 pulgadas<\/p>\n<p>Color de cabello: 60#, 60A#, 1001#, Rubio ceniza #<\/p>\n<p>Peso del cabello: 40 g\/paquete, 50 g\/paquete o peso personalizado<\/p>\n<p>Tipo de cinta: cintas azules\/cintas blancas, cintas marrones<\/p>\n<p>Paquete: paquete de f\u00e1brica\/marca de los clientes<\/p>\n<p>MOQ: 20 paquetes por color por longitud<\/p>\n<p>Pago: Paypal\/Western Union\/TT<\/p>\n<p>Env\u00edo: Fedex\/DHL\/Aramex<\/p>","protected":false},"excerpt":{"rendered":"<p>Extensiones de cabello en cinta de color rubio virgen Las extensiones de cabello m\u00e1s populares del mercado. Su ligereza e invisibilidad las hacen\u00a0<\/p>","protected":false},"featured_media":9837,"template":"","meta":[],"product_cat":[20,73],"product_tag":[],"class_list":{"0":"post-9299","1":"product","2":"type-product","3":"status-publish","4":"has-post-thumbnail","6":"product_cat-hair-extensions","7":"product_cat-tape-hair-series","9":"first","10":"instock","11":"shipping-taxable","12":"purchasable","13":"product-type-simple"},"_links":{"self":[{"href":"https:\/\/www.everbeauting.com\/es\/wp-json\/wp\/v2\/product\/9299","targetHints":{"allow":["GET"]}}],"collection":[{"href":"https:\/\/www.everbeauting.com\/es\/wp-json\/wp\/v2\/product"}],"about":[{"href":"https:\/\/www.everbeauting.com\/es\/wp-json\/wp\/v2\/types\/product"}],"version-history":[{"count":6,"href":"https:\/\/www.everbeauting.com\/es\/wp-json\/wp\/v2\/product\/9299\/revisions"}],"predecessor-version":[{"id":9846,"href":"https:\/\/www.everbeauting.com\/es\/wp-json\/wp\/v2\/product\/9299\/revisions\/9846"}],"wp:featuredmedia":[{"embeddable":true,"href":"https:\/\/www.everbeauting.com\/es\/wp-json\/wp\/v2\/media\/9837"}],"wp:attachment":[{"href":"https:\/\/www.everbeauting.com\/es\/wp-json\/wp\/v2\/media?parent=9299"}],"wp:term":[{"taxonomy":"product_cat","embeddable":true,"href":"https:\/\/www.everbeauting.com\/es\/wp-json\/wp\/v2\/product_cat?post=9299"},{"taxonomy":"product_tag","embeddable":true,"href":"https:\/\/www.everbeauting.com\/es\/wp-json\/wp\/v2\/product_tag?post=9299"}],"curies":[{"name":"wp","href":"https:\/\/api.w.org\/{rel}","templated":true}]}}