{"id":9344,"date":"2023-05-20T09:49:23","date_gmt":"2023-05-20T01:49:23","guid":{"rendered":"https:\/\/www.everbeauting.com\/?post_type=product&#038;p=9344"},"modified":"2023-05-20T10:03:18","modified_gmt":"2023-05-20T02:03:18","slug":"nano-rings","status":"publish","type":"product","link":"https:\/\/www.everbeauting.com\/es\/product\/nanorings","title":{"rendered":"Nano anillos"},"content":{"rendered":"<p>Extensiones de Cabello Nano Anillos<\/p>\n<p>Marca: everbeauting<\/p>\n<p>Material: nano anillos de silicona de cobre.<\/p>\n<p>Tama\u00f1o: 3,0*1,0*2,5mm (di\u00e1metro exterior*di\u00e1metro interior*longitud)<\/p>\n<p>Color: 1#, 3#, 5#, 6#, 8#, 11#, 13#<\/p>\n<p>Paquete: tarros de pl\u00e1stico\/paquete personalizado<\/p>\n<p>Cantidad: 1000 piezas \/ tarro<\/p>\n<p>MOQ: 5 frascos \/ color<\/p>\n<p>&nbsp;<\/p>","protected":false},"excerpt":{"rendered":"<p>Extensiones de pelo Nano Anillos Marca: everbeauting Material:  Cobre silicona nano anillos Tama\u00f1o : 3.0 * 1.0 * 2.5 mm (<\/p>","protected":false},"featured_media":9345,"template":"","meta":[],"product_cat":[42,91],"product_tag":[],"class_list":{"0":"post-9344","1":"product","2":"type-product","3":"status-publish","4":"has-post-thumbnail","6":"product_cat-tools-accessories","7":"product_cat-prebond-hair-tools","9":"first","10":"instock","11":"shipping-taxable","12":"purchasable","13":"product-type-simple"},"_links":{"self":[{"href":"https:\/\/www.everbeauting.com\/es\/wp-json\/wp\/v2\/product\/9344","targetHints":{"allow":["GET"]}}],"collection":[{"href":"https:\/\/www.everbeauting.com\/es\/wp-json\/wp\/v2\/product"}],"about":[{"href":"https:\/\/www.everbeauting.com\/es\/wp-json\/wp\/v2\/types\/product"}],"version-history":[{"count":1,"href":"https:\/\/www.everbeauting.com\/es\/wp-json\/wp\/v2\/product\/9344\/revisions"}],"predecessor-version":[{"id":9349,"href":"https:\/\/www.everbeauting.com\/es\/wp-json\/wp\/v2\/product\/9344\/revisions\/9349"}],"wp:featuredmedia":[{"embeddable":true,"href":"https:\/\/www.everbeauting.com\/es\/wp-json\/wp\/v2\/media\/9345"}],"wp:attachment":[{"href":"https:\/\/www.everbeauting.com\/es\/wp-json\/wp\/v2\/media?parent=9344"}],"wp:term":[{"taxonomy":"product_cat","embeddable":true,"href":"https:\/\/www.everbeauting.com\/es\/wp-json\/wp\/v2\/product_cat?post=9344"},{"taxonomy":"product_tag","embeddable":true,"href":"https:\/\/www.everbeauting.com\/es\/wp-json\/wp\/v2\/product_tag?post=9344"}],"curies":[{"name":"wp","href":"https:\/\/api.w.org\/{rel}","templated":true}]}}