{"id":9374,"date":"2023-05-21T16:16:42","date_gmt":"2023-05-21T08:16:42","guid":{"rendered":"https:\/\/www.everbeauting.com\/?post_type=product&#038;p=9374"},"modified":"2023-06-05T18:37:06","modified_gmt":"2023-06-05T10:37:06","slug":"ombre-color-u-tip-hair","status":"publish","type":"product","link":"https:\/\/www.everbeauting.com\/es\/product\/ombre-color-u-tip-hair","title":{"rendered":"Cabello Ombre U-tip"},"content":{"rendered":"<p><b>Extensiones de cabello con punta en U de color Ombre, extensiones de cabello con punta en U de queratina, extensiones de cabello con punta en U Fusion<\/b><\/p>\n<p><strong>Una soluci\u00f3n perfecta para el movimiento natural.<\/strong><\/p>\n<p>Marca: Everbeauting<\/p>\n<p>Forma de uni\u00f3n previa: punta en U<\/p>\n<p>Tama\u00f1o del paquete: 50 hebras por paquete, 2 paquetes por paquete<\/p>\n<p>Materias primas: trenzas de cabello humano remy 100%<\/p>\n<p>Grado de cabello: cabello remy natural<\/p>\n<p>Longitud del cabello: disponible de 14 a 28 pulgadas<\/p>\n<p>Color de pelo: 50 colores en el anillo de color.<\/p>\n<p>Peso del cabello: 0,5 g por mech\u00f3n, 0,7 g por mech\u00f3n, 1 g por mech\u00f3n<\/p>\n<p>Paquete: paquete de f\u00e1brica\/marca de los clientes<\/p>\n<p>MOQ: 20 paquetes\/color\/longitud<\/p>\n<p>Pago: Paypal\/Western Union\/TT<\/p>\n<p>Env\u00edo: Fedex\/DHL\/Aramex<\/p>","protected":false},"excerpt":{"rendered":"<p>Extensiones de Cabello Ombre Color U Tip, Extensiones de Cabello Keratin U Tip,Extensiones de Cabello Fusion U-tip Una soluci\u00f3n perfecta para un movimiento natural<\/p>","protected":false},"featured_media":9375,"template":"","meta":[],"product_cat":[20,75],"product_tag":[],"class_list":{"0":"post-9374","1":"product","2":"type-product","3":"status-publish","4":"has-post-thumbnail","6":"product_cat-hair-extensions","7":"product_cat-keratin-hair-extensions","9":"first","10":"instock","11":"shipping-taxable","12":"purchasable","13":"product-type-simple"},"_links":{"self":[{"href":"https:\/\/www.everbeauting.com\/es\/wp-json\/wp\/v2\/product\/9374","targetHints":{"allow":["GET"]}}],"collection":[{"href":"https:\/\/www.everbeauting.com\/es\/wp-json\/wp\/v2\/product"}],"about":[{"href":"https:\/\/www.everbeauting.com\/es\/wp-json\/wp\/v2\/types\/product"}],"version-history":[{"count":3,"href":"https:\/\/www.everbeauting.com\/es\/wp-json\/wp\/v2\/product\/9374\/revisions"}],"predecessor-version":[{"id":9788,"href":"https:\/\/www.everbeauting.com\/es\/wp-json\/wp\/v2\/product\/9374\/revisions\/9788"}],"wp:featuredmedia":[{"embeddable":true,"href":"https:\/\/www.everbeauting.com\/es\/wp-json\/wp\/v2\/media\/9375"}],"wp:attachment":[{"href":"https:\/\/www.everbeauting.com\/es\/wp-json\/wp\/v2\/media?parent=9374"}],"wp:term":[{"taxonomy":"product_cat","embeddable":true,"href":"https:\/\/www.everbeauting.com\/es\/wp-json\/wp\/v2\/product_cat?post=9374"},{"taxonomy":"product_tag","embeddable":true,"href":"https:\/\/www.everbeauting.com\/es\/wp-json\/wp\/v2\/product_tag?post=9374"}],"curies":[{"name":"wp","href":"https:\/\/api.w.org\/{rel}","templated":true}]}}