{"id":9380,"date":"2023-05-21T21:02:16","date_gmt":"2023-05-21T13:02:16","guid":{"rendered":"https:\/\/www.everbeauting.com\/?post_type=product&#038;p=9380"},"modified":"2023-05-21T21:33:52","modified_gmt":"2023-05-21T13:33:52","slug":"fusion-u-tip-hair-extensions","status":"publish","type":"product","link":"https:\/\/www.everbeauting.com\/es\/product\/fusion-u-tip-pelo-extensiones","title":{"rendered":"Extensiones de cabello Fusion U Tip"},"content":{"rendered":"<p><strong>Extensiones de cabello con punta en U, cabello con punta en U preadherido\u00a0<\/strong><\/p>\n<p>Delgado y c\u00f3modo<\/p>\n<p>Marca: Everbeauting<\/p>\n<p>Forma de uni\u00f3n previa: punta en U<\/p>\n<p>Tama\u00f1o del paquete: 50 hebras por paquete, 2 paquetes por paquete<\/p>\n<p>Materias primas: trenzas de cabello humano remy 100%<\/p>\n<p>Grado de cabello: cabello remy natural<\/p>\n<p>Longitud del cabello: disponible de 14 a 28 pulgadas<\/p>\n<p>Color de pelo: 50 colores en el anillo de color.<\/p>\n<p>Peso del cabello: 0,5 g por mech\u00f3n, 0,7 g por mech\u00f3n, 1 g por mech\u00f3n<\/p>\n<p>Paquete: paquete de f\u00e1brica\/marca de los clientes<\/p>\n<p>MOQ: 20 paquetes\/color\/longitud<\/p>\n<p>Pago: Paypal\/Western Union\/TT<\/p>\n<p>Env\u00edo: Fedex\/DHL\/Aramex<\/p>","protected":false},"excerpt":{"rendered":"<p>Extensiones de pelo U Tip , Pre-bonded U Tip Hair Delgado y comodo Marca:  Everbeauting Pre-bond Forma:  U-tip Tama\u00f1o del paquete\uff1a50 mechones<\/p>","protected":false},"featured_media":9386,"template":"","meta":[],"product_cat":[20,75],"product_tag":[],"class_list":{"0":"post-9380","1":"product","2":"type-product","3":"status-publish","4":"has-post-thumbnail","6":"product_cat-hair-extensions","7":"product_cat-keratin-hair-extensions","9":"first","10":"instock","11":"shipping-taxable","12":"purchasable","13":"product-type-simple"},"_links":{"self":[{"href":"https:\/\/www.everbeauting.com\/es\/wp-json\/wp\/v2\/product\/9380","targetHints":{"allow":["GET"]}}],"collection":[{"href":"https:\/\/www.everbeauting.com\/es\/wp-json\/wp\/v2\/product"}],"about":[{"href":"https:\/\/www.everbeauting.com\/es\/wp-json\/wp\/v2\/types\/product"}],"version-history":[{"count":1,"href":"https:\/\/www.everbeauting.com\/es\/wp-json\/wp\/v2\/product\/9380\/revisions"}],"predecessor-version":[{"id":9385,"href":"https:\/\/www.everbeauting.com\/es\/wp-json\/wp\/v2\/product\/9380\/revisions\/9385"}],"wp:featuredmedia":[{"embeddable":true,"href":"https:\/\/www.everbeauting.com\/es\/wp-json\/wp\/v2\/media\/9386"}],"wp:attachment":[{"href":"https:\/\/www.everbeauting.com\/es\/wp-json\/wp\/v2\/media?parent=9380"}],"wp:term":[{"taxonomy":"product_cat","embeddable":true,"href":"https:\/\/www.everbeauting.com\/es\/wp-json\/wp\/v2\/product_cat?post=9380"},{"taxonomy":"product_tag","embeddable":true,"href":"https:\/\/www.everbeauting.com\/es\/wp-json\/wp\/v2\/product_tag?post=9380"}],"curies":[{"name":"wp","href":"https:\/\/api.w.org\/{rel}","templated":true}]}}