{"id":9389,"date":"2023-05-21T21:50:58","date_gmt":"2023-05-21T13:50:58","guid":{"rendered":"https:\/\/www.everbeauting.com\/?post_type=product&#038;p=9389"},"modified":"2023-06-07T22:35:31","modified_gmt":"2023-06-07T14:35:31","slug":"fusion-i-tip-hair-extensions","status":"publish","type":"product","link":"https:\/\/www.everbeauting.com\/es\/product\/fusion-i-tip-pelo-extensiones","title":{"rendered":"Fusion I-tip Pelo"},"content":{"rendered":"<p><strong>Extensiones de cabello Fusion I Tip, Extensiones de cabello pregrabadas I Tip\u00a0<\/strong><\/p>\n<p><strong>Las extensiones de cabello I-tip son una forma lujosa de a\u00f1adir longitud y volumen a su cabello natural. Pueden instalarse con una aplicaci\u00f3n mech\u00f3n a mech\u00f3n, sin utilizar calor ni pegamento. Es una soluci\u00f3n especialmente adecuada para el movimiento.\u00a0<\/strong><\/p>\n<p>Marca: Everbeauting<\/p>\n<p>Tama\u00f1o del paquete: 50 hebras por paquete, 2 paquetes por paquete<\/p>\n<p>Materias primas: trenzas de cabello humano remy 100%<\/p>\n<p>Grado de cabello: cabello remy natural<\/p>\n<p>Longitud del cabello: disponible de 14 a 28 pulgadas<\/p>\n<p>Color de pelo: 50 colores en el anillo de color.<\/p>\n<p>Peso del cabello: 0,5 g por mech\u00f3n, 0,7 g por mech\u00f3n, 1 g por mech\u00f3n<\/p>\n<p>Paquete: paquete de f\u00e1brica\/marca de los clientes<\/p>\n<p>MOQ: 20 paquetes\/color\/longitud<\/p>\n<p>Pago: Paypal\/Western Union\/TT<\/p>\n<p>Env\u00edo: Fedex\/DHL\/Aramex<\/p>","protected":false},"excerpt":{"rendered":"<p>Extensiones de cabello Fusion I Tip, Extensiones de cabello pregrabadas I Tip Las extensiones de cabello I Tip son una forma lujosa de a\u00f1adir longitud<\/p>","protected":false},"featured_media":9392,"template":"","meta":[],"product_cat":[20,75],"product_tag":[],"class_list":{"0":"post-9389","1":"product","2":"type-product","3":"status-publish","4":"has-post-thumbnail","6":"product_cat-hair-extensions","7":"product_cat-keratin-hair-extensions","9":"first","10":"instock","11":"shipping-taxable","12":"purchasable","13":"product-type-simple"},"_links":{"self":[{"href":"https:\/\/www.everbeauting.com\/es\/wp-json\/wp\/v2\/product\/9389","targetHints":{"allow":["GET"]}}],"collection":[{"href":"https:\/\/www.everbeauting.com\/es\/wp-json\/wp\/v2\/product"}],"about":[{"href":"https:\/\/www.everbeauting.com\/es\/wp-json\/wp\/v2\/types\/product"}],"version-history":[{"count":2,"href":"https:\/\/www.everbeauting.com\/es\/wp-json\/wp\/v2\/product\/9389\/revisions"}],"predecessor-version":[{"id":9936,"href":"https:\/\/www.everbeauting.com\/es\/wp-json\/wp\/v2\/product\/9389\/revisions\/9936"}],"wp:featuredmedia":[{"embeddable":true,"href":"https:\/\/www.everbeauting.com\/es\/wp-json\/wp\/v2\/media\/9392"}],"wp:attachment":[{"href":"https:\/\/www.everbeauting.com\/es\/wp-json\/wp\/v2\/media?parent=9389"}],"wp:term":[{"taxonomy":"product_cat","embeddable":true,"href":"https:\/\/www.everbeauting.com\/es\/wp-json\/wp\/v2\/product_cat?post=9389"},{"taxonomy":"product_tag","embeddable":true,"href":"https:\/\/www.everbeauting.com\/es\/wp-json\/wp\/v2\/product_tag?post=9389"}],"curies":[{"name":"wp","href":"https:\/\/api.w.org\/{rel}","templated":true}]}}