{"id":9397,"date":"2023-05-21T22:23:26","date_gmt":"2023-05-21T14:23:26","guid":{"rendered":"https:\/\/www.everbeauting.com\/?post_type=product&#038;p=9397"},"modified":"2023-05-21T22:30:05","modified_gmt":"2023-05-21T14:30:05","slug":"ombre-color-flat-tip-hair-extensions","status":"publish","type":"product","link":"https:\/\/www.everbeauting.com\/es\/product\/extensiones-de-color-ombre-con-puntas-planas","title":{"rendered":"Extensiones de cabello de punta plana de color Ombre"},"content":{"rendered":"<p><strong>Extensiones de cabello con puntas planas de fusi\u00f3n, Extensiones de cabello con puntas planas preencoladas\u00a0<\/strong><\/p>\n<p><strong>Las extensiones de pelo con puntas planas son una alternativa vers\u00e1til y c\u00f3moda a algunos de los m\u00e9todos de extensiones m\u00e1s populares.<\/strong><\/p>\n<p>Marca: Everbeauting<\/p>\n<p>Forma preencolada: punta plana<\/p>\n<p>Tama\u00f1o del paquete: 50 hebras por paquete, 2 paquetes por paquete<\/p>\n<p>Materias primas: trenzas de cabello humano remy 100%<\/p>\n<p>Grado de cabello: cabello remy natural<\/p>\n<p>Longitud del cabello: disponible de 14 a 28 pulgadas<\/p>\n<p>Color de pelo: 50 colores en el anillo de color.<\/p>\n<p>Peso del cabello: 0,5 g por mech\u00f3n, 0,7 g por mech\u00f3n, 1 g por mech\u00f3n<\/p>\n<p>Paquete: paquete de f\u00e1brica\/marca de los clientes<\/p>\n<p>MOQ: 20 paquetes\/color\/longitud<\/p>\n<p>Pago: Paypal\/Western Union\/TT<\/p>\n<p>Env\u00edo: Fedex\/DHL\/Aramex<\/p>","protected":false},"excerpt":{"rendered":"<p>Extensiones de cabello con puntas planas Fusion, Extensiones de cabello con puntas planas pregrabadas Las extensiones de cabello con puntas planas son alternativas vers\u00e1tiles y c\u00f3modas a algunas de las<\/p>","protected":false},"featured_media":9398,"template":"","meta":[],"product_cat":[20,75],"product_tag":[],"class_list":{"0":"post-9397","1":"product","2":"type-product","3":"status-publish","4":"has-post-thumbnail","6":"product_cat-hair-extensions","7":"product_cat-keratin-hair-extensions","9":"first","10":"instock","11":"shipping-taxable","12":"purchasable","13":"product-type-simple"},"_links":{"self":[{"href":"https:\/\/www.everbeauting.com\/es\/wp-json\/wp\/v2\/product\/9397","targetHints":{"allow":["GET"]}}],"collection":[{"href":"https:\/\/www.everbeauting.com\/es\/wp-json\/wp\/v2\/product"}],"about":[{"href":"https:\/\/www.everbeauting.com\/es\/wp-json\/wp\/v2\/types\/product"}],"version-history":[{"count":1,"href":"https:\/\/www.everbeauting.com\/es\/wp-json\/wp\/v2\/product\/9397\/revisions"}],"predecessor-version":[{"id":9402,"href":"https:\/\/www.everbeauting.com\/es\/wp-json\/wp\/v2\/product\/9397\/revisions\/9402"}],"wp:featuredmedia":[{"embeddable":true,"href":"https:\/\/www.everbeauting.com\/es\/wp-json\/wp\/v2\/media\/9398"}],"wp:attachment":[{"href":"https:\/\/www.everbeauting.com\/es\/wp-json\/wp\/v2\/media?parent=9397"}],"wp:term":[{"taxonomy":"product_cat","embeddable":true,"href":"https:\/\/www.everbeauting.com\/es\/wp-json\/wp\/v2\/product_cat?post=9397"},{"taxonomy":"product_tag","embeddable":true,"href":"https:\/\/www.everbeauting.com\/es\/wp-json\/wp\/v2\/product_tag?post=9397"}],"curies":[{"name":"wp","href":"https:\/\/api.w.org\/{rel}","templated":true}]}}