{"id":9409,"date":"2023-05-22T10:36:40","date_gmt":"2023-05-22T02:36:40","guid":{"rendered":"https:\/\/www.everbeauting.com\/?post_type=product&#038;p=9409"},"modified":"2023-05-22T10:50:48","modified_gmt":"2023-05-22T02:50:48","slug":"invisible-genius-wefts-extensions","status":"publish","type":"product","link":"https:\/\/www.everbeauting.com\/es\/product\/invisible-genius-wefts-extensions","title":{"rendered":"Extensiones Invisible Genius Wefts"},"content":{"rendered":"<p><strong>Genius Wefts Extensiones, Genius Wefts Invisibles<\/strong><\/p>\n<p><strong>Las extensiones de cabello con trama Genius son una excelente alternativa a las tramas tradicionales atadas a mano. Adem\u00e1s, las tramas Genius combinan las mejores caracter\u00edsticas de las tramas atadas a mano, a m\u00e1quina y planas.<\/strong><\/p>\n<p><strong>\u00a0Las tramas Genius son incre\u00edblemente finas, planas y ligeras, lo que las convierte en las tramas m\u00e1s invisibles que existen.\u00a0<\/strong><\/p>\n<p>Tama\u00f1o del paquete\uff1a 31 inch \/pc, 2 pcs\/pack<\/p>\n<p>Materias primas: trenzas de cabello humano remy 100%<\/p>\n<p>Grado de cabello: cabello remy natural<\/p>\n<p>Longitud del cabello: disponible de 14 a 28 pulgadas<\/p>\n<p>Color de pelo: 50 colores en el anillo de color.<\/p>\n<p>Peso del cabello: 50 g por pieza y 100 g por paquete<\/p>\n<p>Caracter\u00edstica:   Superfino, suave y completamente invisible<\/p>\n<p>Paquete: paquete de f\u00e1brica\/marca de los clientes<\/p>\n<p>MOQ: 10 paquetes\/color\/longitud<\/p>\n<p>Pago: Paypal\/Western Union\/TT<\/p>\n<p>Env\u00edo: Fedex\/DHL\/Aramex<\/p>","protected":false},"excerpt":{"rendered":"<p>Genius Wefts Extensions, Invisible Genius Wefts Las extensiones de cabello Genius Weft son una excelente mejora de las tramas tradicionales atadas a mano. Y Genius<\/p>","protected":false},"featured_media":9410,"template":"","meta":[],"product_cat":[20,74],"product_tag":[],"class_list":{"0":"post-9409","1":"product","2":"type-product","3":"status-publish","4":"has-post-thumbnail","6":"product_cat-hair-extensions","7":"product_cat-hair-weft-series","9":"first","10":"instock","11":"shipping-taxable","12":"purchasable","13":"product-type-simple"},"_links":{"self":[{"href":"https:\/\/www.everbeauting.com\/es\/wp-json\/wp\/v2\/product\/9409","targetHints":{"allow":["GET"]}}],"collection":[{"href":"https:\/\/www.everbeauting.com\/es\/wp-json\/wp\/v2\/product"}],"about":[{"href":"https:\/\/www.everbeauting.com\/es\/wp-json\/wp\/v2\/types\/product"}],"version-history":[{"count":1,"href":"https:\/\/www.everbeauting.com\/es\/wp-json\/wp\/v2\/product\/9409\/revisions"}],"predecessor-version":[{"id":9414,"href":"https:\/\/www.everbeauting.com\/es\/wp-json\/wp\/v2\/product\/9409\/revisions\/9414"}],"wp:featuredmedia":[{"embeddable":true,"href":"https:\/\/www.everbeauting.com\/es\/wp-json\/wp\/v2\/media\/9410"}],"wp:attachment":[{"href":"https:\/\/www.everbeauting.com\/es\/wp-json\/wp\/v2\/media?parent=9409"}],"wp:term":[{"taxonomy":"product_cat","embeddable":true,"href":"https:\/\/www.everbeauting.com\/es\/wp-json\/wp\/v2\/product_cat?post=9409"},{"taxonomy":"product_tag","embeddable":true,"href":"https:\/\/www.everbeauting.com\/es\/wp-json\/wp\/v2\/product_tag?post=9409"}],"curies":[{"name":"wp","href":"https:\/\/api.w.org\/{rel}","templated":true}]}}