{"id":9434,"date":"2023-05-22T17:28:07","date_gmt":"2023-05-22T09:28:07","guid":{"rendered":"https:\/\/www.everbeauting.com\/?post_type=product&#038;p=9434"},"modified":"2023-06-06T18:44:43","modified_gmt":"2023-06-06T10:44:43","slug":"piano-color-invisible-tape-hair-extensions","status":"publish","type":"product","link":"https:\/\/www.everbeauting.com\/es\/product\/piano-color-invisible-tape-hair-extensions","title":{"rendered":"Extensiones de cabello con cinta invisible color piano"},"content":{"rendered":"<p><strong>Piano Color Cinta Invisible Cabello, Cinta Invisible Ins\u00a0<\/strong><\/p>\n<p><strong>Las extensiones invisibles son extensiones ligeras y de aspecto natural para a\u00f1adir m\u00e1s volumen e incluso color a su look de belleza actual. Es un producto perfecto para conseguir un look m\u00e1s voluminoso y sin costuras.<\/strong><\/p>\n<p>Nombre del producto:  Piano Color cinta invisible extensiones de cabello<\/p>\n<p>Tama\u00f1o del paquete: 4 cm * 0,8 cm * 20 tiras<\/p>\n<p>Materias primas: trenzas de cabello humano remy 100%<\/p>\n<p>Grado de cabello: cabello remy natural<\/p>\n<p>Hair Ratio : doble dibujado<\/p>\n<p>Longitud del cabello: disponible de 14 a 28 pulgadas<\/p>\n<p>Color de cabello: m\u00e1s de 10 colores ombre o color personalizado<\/p>\n<p>Peso del cabello: 40 g\/paquete, 50 g\/paquete o peso personalizado<\/p>\n<p>Tipo de cinta: cintas azules\/cintas blancas, cintas marrones<\/p>\n<p>Tecnolog\u00eda: obra de arte de inyecci\u00f3n<\/p>\n<p>Caracter\u00edstica: completamente invisible, dise\u00f1ado para imitar el pelo que crece en el cuero cabelludo<\/p>\n<p>Paquete: paquete de f\u00e1brica\/marca de los clientes<\/p>\n<p>MOQ: 20 paquetes por color y longitud<\/p>\n<p>Pago: Paypal\/Western Union\/TT<\/p>\n<p>Plazo de entrega: 15 d\u00edas para muestras y 30 d\u00edas para pedidos<\/p>\n<p>Env\u00edo: Fedex\/DHL\/Aramex<\/p>","protected":false},"excerpt":{"rendered":"<p>Piano Color Invisible Tape Hair, Invisible Tape Ins Invisible cinta en extensiones de cabello son de aspecto natural, extensiones de peso ligero para a\u00f1adir m\u00e1s<\/p>","protected":false},"featured_media":9842,"template":"","meta":[],"product_cat":[20,73],"product_tag":[],"class_list":{"0":"post-9434","1":"product","2":"type-product","3":"status-publish","4":"has-post-thumbnail","6":"product_cat-hair-extensions","7":"product_cat-tape-hair-series","9":"first","10":"instock","11":"shipping-taxable","12":"purchasable","13":"product-type-simple"},"_links":{"self":[{"href":"https:\/\/www.everbeauting.com\/es\/wp-json\/wp\/v2\/product\/9434","targetHints":{"allow":["GET"]}}],"collection":[{"href":"https:\/\/www.everbeauting.com\/es\/wp-json\/wp\/v2\/product"}],"about":[{"href":"https:\/\/www.everbeauting.com\/es\/wp-json\/wp\/v2\/types\/product"}],"version-history":[{"count":2,"href":"https:\/\/www.everbeauting.com\/es\/wp-json\/wp\/v2\/product\/9434\/revisions"}],"predecessor-version":[{"id":9442,"href":"https:\/\/www.everbeauting.com\/es\/wp-json\/wp\/v2\/product\/9434\/revisions\/9442"}],"wp:featuredmedia":[{"embeddable":true,"href":"https:\/\/www.everbeauting.com\/es\/wp-json\/wp\/v2\/media\/9842"}],"wp:attachment":[{"href":"https:\/\/www.everbeauting.com\/es\/wp-json\/wp\/v2\/media?parent=9434"}],"wp:term":[{"taxonomy":"product_cat","embeddable":true,"href":"https:\/\/www.everbeauting.com\/es\/wp-json\/wp\/v2\/product_cat?post=9434"},{"taxonomy":"product_tag","embeddable":true,"href":"https:\/\/www.everbeauting.com\/es\/wp-json\/wp\/v2\/product_tag?post=9434"}],"curies":[{"name":"wp","href":"https:\/\/api.w.org\/{rel}","templated":true}]}}