{"id":9449,"date":"2023-05-22T19:38:36","date_gmt":"2023-05-22T11:38:36","guid":{"rendered":"https:\/\/www.everbeauting.com\/?post_type=product&#038;p=9449"},"modified":"2023-05-22T19:53:59","modified_gmt":"2023-05-22T11:53:59","slug":"flower-virgin-injection-tape-hair-extensions","status":"publish","type":"product","link":"https:\/\/www.everbeauting.com\/es\/product\/flor-virgen-inyeccion-cinta-pelo-extensiones","title":{"rendered":"Extensiones de cabello con cinta de inyecci\u00f3n virgen de flores"},"content":{"rendered":"<p><strong>\u00a0Extensiones de cabello con cinta de inyecci\u00f3n virgen de flores\u00a0\u00a0<\/strong><\/p>\n<p><strong>La Cinta de Inyecci\u00f3n Floral Virgen se selecciona del cabello natural de la cola de caballo, el cabello virgen es el mejor producto de todas las extensiones de cabello, es m\u00e1s precioso y caro. La cut\u00edcula permanece intacta y todo el cabello corre en la misma direcci\u00f3n desde la ra\u00edz hasta la parte superior. El dise\u00f1o de la flor reduce la zona de interfaz y reduce la sensaci\u00f3n de ca\u00edda, por lo que es una extensi\u00f3n de cabello semipermanente c\u00f3moda, invisible y r\u00e1pida.<\/strong><\/p>\n<p>Nombre del producto:  Extensiones de Cabello Virgen con Cinta de Inyecci\u00f3n<\/p>\n<p>Tama\u00f1o del paquete\uff1a 8cm*0.8cm*10 tiras<\/p>\n<p>Materias primas: trenzas de cabello humano remy 100%<\/p>\n<p>Grado de cabello: cabello remy natural<\/p>\n<p>Hair Ratio : doble dibujado<\/p>\n<p>Longitud del cabello: disponible de 14 a 28 pulgadas<\/p>\n<p>Color de cabello: m\u00e1s de 10 colores ombre o color personalizado<\/p>\n<p>Peso del cabello: 40 g\/paquete, 50 g\/paquete o peso personalizado<\/p>\n<p>Tipo de cinta: cintas azules\/cintas blancas, cintas marrones<\/p>\n<p>Tecnolog\u00eda: obra de arte de inyecci\u00f3n<\/p>\n<p>Caracter\u00edstica: completamente invisible, dise\u00f1ado para imitar el pelo que crece en el cuero cabelludo<\/p>\n<p>Paquete: paquete de f\u00e1brica\/marca de los clientes<\/p>\n<p>MOQ: 20 paquetes por color y longitud<\/p>\n<p>Pago: Paypal\/Western Union\/TT<\/p>\n<p>Plazo de entrega: 15 d\u00edas para muestras y 30 d\u00edas para pedidos<\/p>\n<p>Env\u00edo: Fedex\/DHL\/Aramex<\/p>","protected":false},"excerpt":{"rendered":"<p>\u00a0Flor de la Virgen de inyecci\u00f3n de cinta extensiones de cabello Flor de la Virgen de inyecci\u00f3n de cinta se selecciona a partir de pelo natural cola de caballo, el pelo virgen es el<\/p>","protected":false},"featured_media":9453,"template":"","meta":[],"product_cat":[20,73],"product_tag":[],"class_list":{"0":"post-9449","1":"product","2":"type-product","3":"status-publish","4":"has-post-thumbnail","6":"product_cat-hair-extensions","7":"product_cat-tape-hair-series","9":"first","10":"instock","11":"shipping-taxable","12":"purchasable","13":"product-type-simple"},"_links":{"self":[{"href":"https:\/\/www.everbeauting.com\/es\/wp-json\/wp\/v2\/product\/9449","targetHints":{"allow":["GET"]}}],"collection":[{"href":"https:\/\/www.everbeauting.com\/es\/wp-json\/wp\/v2\/product"}],"about":[{"href":"https:\/\/www.everbeauting.com\/es\/wp-json\/wp\/v2\/types\/product"}],"version-history":[{"count":1,"href":"https:\/\/www.everbeauting.com\/es\/wp-json\/wp\/v2\/product\/9449\/revisions"}],"predecessor-version":[{"id":9454,"href":"https:\/\/www.everbeauting.com\/es\/wp-json\/wp\/v2\/product\/9449\/revisions\/9454"}],"wp:featuredmedia":[{"embeddable":true,"href":"https:\/\/www.everbeauting.com\/es\/wp-json\/wp\/v2\/media\/9453"}],"wp:attachment":[{"href":"https:\/\/www.everbeauting.com\/es\/wp-json\/wp\/v2\/media?parent=9449"}],"wp:term":[{"taxonomy":"product_cat","embeddable":true,"href":"https:\/\/www.everbeauting.com\/es\/wp-json\/wp\/v2\/product_cat?post=9449"},{"taxonomy":"product_tag","embeddable":true,"href":"https:\/\/www.everbeauting.com\/es\/wp-json\/wp\/v2\/product_tag?post=9449"}],"curies":[{"name":"wp","href":"https:\/\/api.w.org\/{rel}","templated":true}]}}