{"id":9541,"date":"2023-05-30T18:29:15","date_gmt":"2023-05-30T10:29:15","guid":{"rendered":"https:\/\/www.everbeauting.com\/?post_type=product&#038;p=9541"},"modified":"2023-05-30T18:40:10","modified_gmt":"2023-05-30T10:40:10","slug":"glue-tape-in-extensions-remover","status":"publish","type":"product","link":"https:\/\/www.everbeauting.com\/es\/product\/glue-tape-in-extensions-remover","title":{"rendered":"Removedor de extensiones de pegamento y cinta adhesiva"},"content":{"rendered":"<p><strong>Removedor de pegamento Removedor de cinta adhesiva para extensiones<br \/>\nRemovedor de Extensiones de Cabello de Acci\u00f3n R\u00e1pida Removedor de Pegamento para Pelucas, Removedor de Adhesivo para Extensiones de Cabello con Cinta, Remueve Pegamento para Cabello, Removedor de Cinta para Pelucas<\/strong><br \/>\nEl removedor a base de aceite ayuda a que las tiras de cinta para extensiones se deslicen suavemente, sin da\u00f1ar el cabello. S\u00f3lo se necesita una peque\u00f1a cantidad para cada alargador. As\u00ed que un frasco dura mucho tiempo.<\/p>\n<p>Nombre del producto: Depilador de cinta adhesiva<br \/>\nVolumen: 30 ml<br \/>\nColor : Transparente<br \/>\nFunci\u00f3n: Removedor de cinta en, pelucas de encaje, cintas<\/p>","protected":false},"excerpt":{"rendered":"<p>Removedor de Pegamento Removedor de Adhesivo para Extensiones de Accion Rapida Removedor de Pegamento para Pelucas, Removedor de Adhesivo para Extensiones de Cinta en el Cabello,<\/p>","protected":false},"featured_media":9542,"template":"","meta":[],"product_cat":[42,89],"product_tag":[],"class_list":{"0":"post-9541","1":"product","2":"type-product","3":"status-publish","4":"has-post-thumbnail","6":"product_cat-tools-accessories","7":"product_cat-tape-hair-tools","9":"first","10":"instock","11":"shipping-taxable","12":"purchasable","13":"product-type-simple"},"_links":{"self":[{"href":"https:\/\/www.everbeauting.com\/es\/wp-json\/wp\/v2\/product\/9541","targetHints":{"allow":["GET"]}}],"collection":[{"href":"https:\/\/www.everbeauting.com\/es\/wp-json\/wp\/v2\/product"}],"about":[{"href":"https:\/\/www.everbeauting.com\/es\/wp-json\/wp\/v2\/types\/product"}],"version-history":[{"count":1,"href":"https:\/\/www.everbeauting.com\/es\/wp-json\/wp\/v2\/product\/9541\/revisions"}],"predecessor-version":[{"id":9546,"href":"https:\/\/www.everbeauting.com\/es\/wp-json\/wp\/v2\/product\/9541\/revisions\/9546"}],"wp:featuredmedia":[{"embeddable":true,"href":"https:\/\/www.everbeauting.com\/es\/wp-json\/wp\/v2\/media\/9542"}],"wp:attachment":[{"href":"https:\/\/www.everbeauting.com\/es\/wp-json\/wp\/v2\/media?parent=9541"}],"wp:term":[{"taxonomy":"product_cat","embeddable":true,"href":"https:\/\/www.everbeauting.com\/es\/wp-json\/wp\/v2\/product_cat?post=9541"},{"taxonomy":"product_tag","embeddable":true,"href":"https:\/\/www.everbeauting.com\/es\/wp-json\/wp\/v2\/product_tag?post=9541"}],"curies":[{"name":"wp","href":"https:\/\/api.w.org\/{rel}","templated":true}]}}