{"id":9634,"date":"2023-06-01T18:30:07","date_gmt":"2023-06-01T10:30:07","guid":{"rendered":"https:\/\/www.everbeauting.com\/?post_type=product&#038;p=9634"},"modified":"2023-06-01T18:32:42","modified_gmt":"2023-06-01T10:32:42","slug":"blonde-color-injection-base-topper","status":"publish","type":"product","link":"https:\/\/www.everbeauting.com\/es\/product\/rubio-color-inyeccion-base-topper","title":{"rendered":"Topper de base de inyecci\u00f3n de color rubio"},"content":{"rendered":"<p><strong>Base de seda de color rubio Top Piece,Inyecci\u00f3n de encaje de poli Toppers pelo para las mujeres, la base de seda Sistema de Sustituci\u00f3n,Pieza de pelo de seda<\/strong><\/p>\n<p>Una pieza superior de base de seda es la base superior m\u00e1s realista entre los toppers. \u00a1Con una base de seda, no necesita ocultar o camuflar los nudos cuando hace la despedida!<\/p>\n<p>Nombre del producto: Base de seda para el cabello.<\/p>\n<p>N\u00ba de art\u00edculo: FN-RT23035<\/p>\n<p>Tama\u00f1o de la base: 7\u2033 * 8\u2033<\/p>\n<p>Material base: encaje de poli\u00e9ster inyectado en el cuerpo, revestimiento de poli\u00e9ster de 1\/4\u2033 y encaje doblado de 1\/8\u2033 en el frente, tejido en los costados y en la parte posterior<\/p>\n<p>Material del cabello: cabello humano remy 100%<\/p>\n<p>Longitud del cabello: 16 pulgadas<\/p>\n<p>Densidad : media 130%<\/p>\n<p>Peso : 105g<\/p>\n<p>Color : 613 #<\/p>\n<p>Onda del cabello: liso natural<\/p>\n<p>Peinado: corona central<\/p>\n<p>MOQ: 5 piezas\/color\/longitud<\/p>","protected":false},"excerpt":{"rendered":"<p>Base de seda de color rubio Top Piece,Inyecci\u00f3n de poli encaje de pelo Toppers para las mujeres, la base de seda Sistema de Sustituci\u00f3n,Pieza de pelo de seda A la seda<\/p>","protected":false},"featured_media":9635,"template":"","meta":[],"product_cat":[53,83],"product_tag":[],"class_list":{"0":"post-9634","1":"product","2":"type-product","3":"status-publish","4":"has-post-thumbnail","6":"product_cat-hair-toppers","7":"product_cat-silk-base-topper","9":"first","10":"instock","11":"shipping-taxable","12":"purchasable","13":"product-type-simple"},"_links":{"self":[{"href":"https:\/\/www.everbeauting.com\/es\/wp-json\/wp\/v2\/product\/9634","targetHints":{"allow":["GET"]}}],"collection":[{"href":"https:\/\/www.everbeauting.com\/es\/wp-json\/wp\/v2\/product"}],"about":[{"href":"https:\/\/www.everbeauting.com\/es\/wp-json\/wp\/v2\/types\/product"}],"version-history":[{"count":1,"href":"https:\/\/www.everbeauting.com\/es\/wp-json\/wp\/v2\/product\/9634\/revisions"}],"predecessor-version":[{"id":9639,"href":"https:\/\/www.everbeauting.com\/es\/wp-json\/wp\/v2\/product\/9634\/revisions\/9639"}],"wp:featuredmedia":[{"embeddable":true,"href":"https:\/\/www.everbeauting.com\/es\/wp-json\/wp\/v2\/media\/9635"}],"wp:attachment":[{"href":"https:\/\/www.everbeauting.com\/es\/wp-json\/wp\/v2\/media?parent=9634"}],"wp:term":[{"taxonomy":"product_cat","embeddable":true,"href":"https:\/\/www.everbeauting.com\/es\/wp-json\/wp\/v2\/product_cat?post=9634"},{"taxonomy":"product_tag","embeddable":true,"href":"https:\/\/www.everbeauting.com\/es\/wp-json\/wp\/v2\/product_tag?post=9634"}],"curies":[{"name":"wp","href":"https:\/\/api.w.org\/{rel}","templated":true}]}}