{"id":9662,"date":"2023-06-02T11:55:24","date_gmt":"2023-06-02T03:55:24","guid":{"rendered":"https:\/\/www.everbeauting.com\/?post_type=product&#038;p=9662"},"modified":"2023-06-02T12:20:51","modified_gmt":"2023-06-02T04:20:51","slug":"french-lace-top-piece","status":"publish","type":"product","link":"https:\/\/www.everbeauting.com\/es\/product\/french-lace-top-piece","title":{"rendered":"Pieza superior de encaje franc\u00e9s"},"content":{"rendered":"<p><b>French Lace Human Hair Toppers pieza superior de encaje de base pieza superior de encaje franc\u00e9s para las mujeres<\/b><\/p>\n<p>Topper de encaje franc\u00e9s atado a mano que se hace con el pelo humano m\u00e1s fino para el volumen magn\u00edfico en la corona delgada y le da una mirada natural.<\/p>\n<p>Nombre del producto\uff1a Pieza superior de encaje franc\u00e9s<\/p>\n<p>N.\u00ba de art\u00edculo: FN-RT23606<\/p>\n<p>Tama\u00f1o de la base: 7\u2033 * 9\u2033<\/p>\n<p>Material de la base: encaje franc\u00e9s en la parte delantera + PU en la sien, los lados y la espalda.<\/p>\n<p>Material del cabello: cabello humano remy 100%<\/p>\n<p>Longitud del cabello: 16 pulgadas<\/p>\n<p>Densidad : media 130%<\/p>\n<p>Color : color natural<\/p>\n<p>Caracter\u00edstica : Nudos blanqueados delante<\/p>\n<p>Onda del cabello: liso natural<\/p>\n<p>Estilo de pelo: estilo libre<\/p>\n<p>MOQ: 5 piezas\/color\/longitud<\/p>","protected":false},"excerpt":{"rendered":"<p>French Lace Human Hair Toppers pieza superior de encaje de base pieza superior de encaje franc\u00e9s para las mujeres Topper de encaje de pelo franc\u00e9s atado a mano que se hace<\/p>","protected":false},"featured_media":9663,"template":"","meta":[],"product_cat":[53,81],"product_tag":[],"class_list":{"0":"post-9662","1":"product","2":"type-product","3":"status-publish","4":"has-post-thumbnail","6":"product_cat-hair-toppers","7":"product_cat-lace-base-topper","9":"first","10":"instock","11":"shipping-taxable","12":"purchasable","13":"product-type-simple"},"_links":{"self":[{"href":"https:\/\/www.everbeauting.com\/es\/wp-json\/wp\/v2\/product\/9662","targetHints":{"allow":["GET"]}}],"collection":[{"href":"https:\/\/www.everbeauting.com\/es\/wp-json\/wp\/v2\/product"}],"about":[{"href":"https:\/\/www.everbeauting.com\/es\/wp-json\/wp\/v2\/types\/product"}],"version-history":[{"count":2,"href":"https:\/\/www.everbeauting.com\/es\/wp-json\/wp\/v2\/product\/9662\/revisions"}],"predecessor-version":[{"id":9668,"href":"https:\/\/www.everbeauting.com\/es\/wp-json\/wp\/v2\/product\/9662\/revisions\/9668"}],"wp:featuredmedia":[{"embeddable":true,"href":"https:\/\/www.everbeauting.com\/es\/wp-json\/wp\/v2\/media\/9663"}],"wp:attachment":[{"href":"https:\/\/www.everbeauting.com\/es\/wp-json\/wp\/v2\/media?parent=9662"}],"wp:term":[{"taxonomy":"product_cat","embeddable":true,"href":"https:\/\/www.everbeauting.com\/es\/wp-json\/wp\/v2\/product_cat?post=9662"},{"taxonomy":"product_tag","embeddable":true,"href":"https:\/\/www.everbeauting.com\/es\/wp-json\/wp\/v2\/product_tag?post=9662"}],"curies":[{"name":"wp","href":"https:\/\/api.w.org\/{rel}","templated":true}]}}