{"id":9705,"date":"2023-06-02T17:51:39","date_gmt":"2023-06-02T09:51:39","guid":{"rendered":"https:\/\/www.everbeauting.com\/?post_type=product&#038;p=9705"},"modified":"2023-06-02T17:59:07","modified_gmt":"2023-06-02T09:59:07","slug":"lace-clip-in-hair","status":"publish","type":"product","link":"https:\/\/www.everbeauting.com\/es\/product\/lace-clip-in-hair","title":{"rendered":"Clip de encaje en el cabello"},"content":{"rendered":"<p><strong>Extensiones de encaje con clip Color Piano Extensiones con clip\u00a0<\/strong><\/p>\n<p>Consiga mayor longitud, grosor y volumen al instante con las extensiones de clip. Las extensiones de clip transforman tu look sin introducir productos qu\u00edmicos da\u00f1inos ni calor en tu cabello. Todas nuestras extensiones de clip est\u00e1n hechas de cabello humano Remy 100%, para un acabado suave, natural y duradero que resulta tan bonito como su aspecto.<\/p>\n<p>Nombre del producto:  Extensiones de encaje<\/p>\n<p>Materias primas: trenzas de cabello humano remy 100%<\/p>\n<p>Grado de cabello: cabello remy natural<\/p>\n<p>Longitud del cabello: disponible de 14 a 28 pulgadas<\/p>\n<p>Color de pelo: 50 colores en el anillo de color.<\/p>\n<p>Peso del pelo: 100 g por pieza, 120 g por pieza, 150 g por pieza, 180 g por pieza<\/p>\n<p>Combinaci\u00f3n: 3 piezas por juego, 5 piezas por juego, 7 piezas por juego, 8 piezas por juego, 9 piezas por juego<\/p>\n<p>Paquete: paquete de f\u00e1brica\/marca de los clientes<\/p>\n<p>MOQ: 10 paquetes por color por longitud<\/p>\n<p>3 unidades por juego ( 10\u2033 con 4 clips 2 unidades, 7\u2033 con 4 clips 1 unidad)<\/p>\n<p>5 unidades por juego ( 8 \" con 4 clips 1 unidad, 7\u2033 con 4 clips 1 unidad, 6\u2033 con 3 clips 1 unidad , 3\u2033 con 2 clips 2 unidades)<\/p>\n<p>7 unidades por juego ( 8 \" con 4 clips 1 unidad, 6\u2033 con 3 clips 2 unidades, 4\u2033 con 2 clips 2 unidades, 2\u2033 con 1 clip 2 unidades)<\/p>\n<p>8 unidades por juego (8 \" con 4 clips 1 unidad, 7\u2033 con 4 clips 1 unidad, 6\u2033 con 3 clips 2 unidades, 4\u2033 con 2 clips 2 unidades, 2\u2033 con 1 clip 2 unidades).<\/p>\n<p>9 unidades por juego (10\u2033 con 4 clips 1 unidad, 8 \" con 4 clips 1 unidad, 7\u2033 con 4 clips 1 unidad, 6\u2033 con 3 clips 2 unidades, 4\u2033 con 2 clips 2 unidades, 2\u2033 con 1 clip 2 unidades).<\/p>","protected":false},"excerpt":{"rendered":"<p>Extensiones de encaje Clip in Color Piano Extensiones Clip in Consigue mayor longitud, grosor y volumen al instante con las extensiones Clip in<\/p>","protected":false},"featured_media":9706,"template":"","meta":[],"product_cat":[20,76],"product_tag":[],"class_list":{"0":"post-9705","1":"product","2":"type-product","3":"status-publish","4":"has-post-thumbnail","6":"product_cat-hair-extensions","7":"product_cat-clip-in-hair-series","9":"first","10":"instock","11":"shipping-taxable","12":"purchasable","13":"product-type-simple"},"_links":{"self":[{"href":"https:\/\/www.everbeauting.com\/es\/wp-json\/wp\/v2\/product\/9705","targetHints":{"allow":["GET"]}}],"collection":[{"href":"https:\/\/www.everbeauting.com\/es\/wp-json\/wp\/v2\/product"}],"about":[{"href":"https:\/\/www.everbeauting.com\/es\/wp-json\/wp\/v2\/types\/product"}],"version-history":[{"count":1,"href":"https:\/\/www.everbeauting.com\/es\/wp-json\/wp\/v2\/product\/9705\/revisions"}],"predecessor-version":[{"id":9710,"href":"https:\/\/www.everbeauting.com\/es\/wp-json\/wp\/v2\/product\/9705\/revisions\/9710"}],"wp:featuredmedia":[{"embeddable":true,"href":"https:\/\/www.everbeauting.com\/es\/wp-json\/wp\/v2\/media\/9706"}],"wp:attachment":[{"href":"https:\/\/www.everbeauting.com\/es\/wp-json\/wp\/v2\/media?parent=9705"}],"wp:term":[{"taxonomy":"product_cat","embeddable":true,"href":"https:\/\/www.everbeauting.com\/es\/wp-json\/wp\/v2\/product_cat?post=9705"},{"taxonomy":"product_tag","embeddable":true,"href":"https:\/\/www.everbeauting.com\/es\/wp-json\/wp\/v2\/product_tag?post=9705"}],"curies":[{"name":"wp","href":"https:\/\/api.w.org\/{rel}","templated":true}]}}