{"id":9750,"date":"2023-06-05T16:45:57","date_gmt":"2023-06-05T08:45:57","guid":{"rendered":"https:\/\/www.everbeauting.com\/?post_type=product&#038;p=9750"},"modified":"2023-06-05T16:57:27","modified_gmt":"2023-06-05T08:57:27","slug":"halo-hair-extension","status":"publish","type":"product","link":"https:\/\/www.everbeauting.com\/es\/product\/halo-pelo-extension","title":{"rendered":"Extensi\u00f3n de pelo de aureola"},"content":{"rendered":"<p><strong>Extensiones de cabello Halo Extensiones de cabello abatibles\u00a0<\/strong><\/p>\n<p><strong>Las extensiones de cabello Halo usan un cable invisible para agregar longitud y grosor sin pegamento, cinta o clips para una aplicaci\u00f3n f\u00e1cil de poner y quitar sin da\u00f1os en menos de un minuto.\u00a0<\/strong><\/p>\n<p>Nombre del producto: extensiones de cabello Flip In o extensiones de cabello Halo<\/p>\n<p>Materias primas: trenzas de cabello humano remy 100%<\/p>\n<p>Grado de cabello: cabello remy natural<\/p>\n<p>Longitud del cabello: disponible de 14 a 28 pulgadas<\/p>\n<p>Ancho de trama: 11 pulgadas<\/p>\n<p>Color de pelo: 50 colores en el anillo de color.<\/p>\n<p>Peso del cabello: 90 g por pieza, 100 g por pieza, 120 g por pieza<\/p>\n<p>Paquete: paquete de f\u00e1brica\/marca de los clientes<\/p>\n<p>MOQ: 10 piezas por color por longitud<\/p>","protected":false},"excerpt":{"rendered":"<p>Extensiones de cabello Halo Extensiones de cabello Flip-In Las extensiones de cabello Halo utilizan un alambre invisible para a\u00f1adir longitud y grosor sin pegamento,<\/p>","protected":false},"featured_media":9751,"template":"","meta":[],"product_cat":[20,77],"product_tag":[],"class_list":{"0":"post-9750","1":"product","2":"type-product","3":"status-publish","4":"has-post-thumbnail","6":"product_cat-hair-extensions","7":"product_cat-flip-in-hair-series","9":"first","10":"instock","11":"shipping-taxable","12":"purchasable","13":"product-type-simple"},"_links":{"self":[{"href":"https:\/\/www.everbeauting.com\/es\/wp-json\/wp\/v2\/product\/9750","targetHints":{"allow":["GET"]}}],"collection":[{"href":"https:\/\/www.everbeauting.com\/es\/wp-json\/wp\/v2\/product"}],"about":[{"href":"https:\/\/www.everbeauting.com\/es\/wp-json\/wp\/v2\/types\/product"}],"version-history":[{"count":2,"href":"https:\/\/www.everbeauting.com\/es\/wp-json\/wp\/v2\/product\/9750\/revisions"}],"predecessor-version":[{"id":9757,"href":"https:\/\/www.everbeauting.com\/es\/wp-json\/wp\/v2\/product\/9750\/revisions\/9757"}],"wp:featuredmedia":[{"embeddable":true,"href":"https:\/\/www.everbeauting.com\/es\/wp-json\/wp\/v2\/media\/9751"}],"wp:attachment":[{"href":"https:\/\/www.everbeauting.com\/es\/wp-json\/wp\/v2\/media?parent=9750"}],"wp:term":[{"taxonomy":"product_cat","embeddable":true,"href":"https:\/\/www.everbeauting.com\/es\/wp-json\/wp\/v2\/product_cat?post=9750"},{"taxonomy":"product_tag","embeddable":true,"href":"https:\/\/www.everbeauting.com\/es\/wp-json\/wp\/v2\/product_tag?post=9750"}],"curies":[{"name":"wp","href":"https:\/\/api.w.org\/{rel}","templated":true}]}}