{"id":9756,"date":"2023-06-05T17:13:11","date_gmt":"2023-06-05T09:13:11","guid":{"rendered":"https:\/\/www.everbeauting.com\/?post_type=product&#038;p=9756"},"modified":"2023-06-05T17:16:47","modified_gmt":"2023-06-05T09:16:47","slug":"highlight-flip-in-hair","status":"publish","type":"product","link":"https:\/\/www.everbeauting.com\/es\/product\/highlight-flip-in-hair","title":{"rendered":"Resalte el tir\u00f3n en el cabello"},"content":{"rendered":"<p><strong>Extensiones de cabello Piano Color Halo Extensiones de cabello Piano Color Flip-In\u00a0<\/strong><\/p>\n<p><strong>Las extensiones de cabello Halo usan un cable invisible para agregar longitud y grosor sin pegamento, cinta o clips para una aplicaci\u00f3n f\u00e1cil de poner y quitar sin da\u00f1os en menos de un minuto.\u00a0<\/strong><\/p>\n<p>Nombre del producto:  Extensiones de Pelo de Color Piano Flip In o Highlight Halo<\/p>\n<p>Materias primas: trenzas de cabello humano remy 100%<\/p>\n<p>Grado de cabello: cabello remy natural<\/p>\n<p>Longitud del cabello: disponible de 14 a 28 pulgadas<\/p>\n<p>Ancho de trama: 11 pulgadas<\/p>\n<p>Color de pelo: 50 colores en el anillo de color.<\/p>\n<p>Peso del cabello: 90 g por pieza, 100 g por pieza, 120 g por pieza<\/p>\n<p>Paquete: paquete de f\u00e1brica\/marca de los clientes<\/p>\n<p>MOQ: 10 piezas por color por longitud<\/p>","protected":false},"excerpt":{"rendered":"<p>Extensiones de cabello Piano Color Halo Extensiones de cabello Piano Color Flip-In Las extensiones de cabello Halo utilizan un alambre invisible para a\u00f1adir longitud<\/p>","protected":false},"featured_media":9758,"template":"","meta":[],"product_cat":[20,77],"product_tag":[],"class_list":{"0":"post-9756","1":"product","2":"type-product","3":"status-publish","4":"has-post-thumbnail","6":"product_cat-hair-extensions","7":"product_cat-flip-in-hair-series","9":"first","10":"instock","11":"shipping-taxable","12":"purchasable","13":"product-type-simple"},"_links":{"self":[{"href":"https:\/\/www.everbeauting.com\/es\/wp-json\/wp\/v2\/product\/9756","targetHints":{"allow":["GET"]}}],"collection":[{"href":"https:\/\/www.everbeauting.com\/es\/wp-json\/wp\/v2\/product"}],"about":[{"href":"https:\/\/www.everbeauting.com\/es\/wp-json\/wp\/v2\/types\/product"}],"version-history":[{"count":2,"href":"https:\/\/www.everbeauting.com\/es\/wp-json\/wp\/v2\/product\/9756\/revisions"}],"predecessor-version":[{"id":9764,"href":"https:\/\/www.everbeauting.com\/es\/wp-json\/wp\/v2\/product\/9756\/revisions\/9764"}],"wp:featuredmedia":[{"embeddable":true,"href":"https:\/\/www.everbeauting.com\/es\/wp-json\/wp\/v2\/media\/9758"}],"wp:attachment":[{"href":"https:\/\/www.everbeauting.com\/es\/wp-json\/wp\/v2\/media?parent=9756"}],"wp:term":[{"taxonomy":"product_cat","embeddable":true,"href":"https:\/\/www.everbeauting.com\/es\/wp-json\/wp\/v2\/product_cat?post=9756"},{"taxonomy":"product_tag","embeddable":true,"href":"https:\/\/www.everbeauting.com\/es\/wp-json\/wp\/v2\/product_tag?post=9756"}],"curies":[{"name":"wp","href":"https:\/\/api.w.org\/{rel}","templated":true}]}}