{"id":9822,"date":"2023-06-06T17:33:18","date_gmt":"2023-06-06T09:33:18","guid":{"rendered":"https:\/\/www.everbeauting.com\/?post_type=product&#038;p=9822"},"modified":"2023-06-06T17:40:07","modified_gmt":"2023-06-06T09:40:07","slug":"blonde-color-slim-tape-hair","status":"publish","type":"product","link":"https:\/\/www.everbeauting.com\/es\/product\/rubio-color-delgado-pelo-cinta","title":{"rendered":"Cabello rubio con cinta delgada"},"content":{"rendered":"<p><strong>Extensiones de pelo de cinta delgada de color rubio, cinta doble de color rubio en el pelo, super delgado PU cinta extensiones de cabello\u00a0<\/strong><\/p>\n<p><strong>Para medianas y gruesas\u00a0<em class=\"TNT2l t55VCb\">pelo<\/em>, a\u00f1adir c\u00f3modo de llevar, de larga duraci\u00f3n\u00a0<em class=\"TNT2l t55VCb\">cinta<\/em>-ins para la longitud m\u00e1xima.\u00a0<em class=\"TNT2l t55VCb\">Cinta<\/em>-ins a\u00f1aden longitud y volumen r\u00e1pidamente a cualquier\u00a0<em class=\"TNT2l t55VCb\">pelo<\/em>. Instalaci\u00f3n y desinstalaci\u00f3n r\u00e1pidas\u3002<\/strong><\/p>\n<p>Nombre del producto: extensiones de pelo de cinta delgada de color rubio<\/p>\n<p>Tama\u00f1o del paquete: 4 cm * 0,8 cm * 20 tiras<\/p>\n<p>Materias primas: trenzas de cabello humano remy 100%<\/p>\n<p>PU Tama\u00f1o \uff1a 4cm *0.8cm*0.4cm<\/p>\n<p>Grado de cabello: cabello remy natural<\/p>\n<p>Longitud del cabello: disponible de 14 a 28 pulgadas<\/p>\n<p>Color de pelo: 50 colores en el anillo de color.<\/p>\n<p>Proporci\u00f3n de pelo:  Doble dibujado ( alrededor de 30% del pelo m\u00e1s largo)<\/p>\n<p>Peso del pelo: 40g por paquete, 50g por paquete, o personalizado<\/p>\n<p>Paquete: paquete de f\u00e1brica\/marca de los clientes<\/p>\n<p>MOQ: 20 paquetes por color por longitud<\/p>","protected":false},"excerpt":{"rendered":"<p>Extensiones de pelo de cinta delgada de color rubio, cinta doble de color rubio en el pelo, super delgado PU cinta extensiones de cabello para<\/p>","protected":false},"featured_media":9824,"template":"","meta":[],"product_cat":[20,73],"product_tag":[],"class_list":{"0":"post-9822","1":"product","2":"type-product","3":"status-publish","4":"has-post-thumbnail","6":"product_cat-hair-extensions","7":"product_cat-tape-hair-series","9":"first","10":"instock","11":"shipping-taxable","12":"purchasable","13":"product-type-simple"},"_links":{"self":[{"href":"https:\/\/www.everbeauting.com\/es\/wp-json\/wp\/v2\/product\/9822","targetHints":{"allow":["GET"]}}],"collection":[{"href":"https:\/\/www.everbeauting.com\/es\/wp-json\/wp\/v2\/product"}],"about":[{"href":"https:\/\/www.everbeauting.com\/es\/wp-json\/wp\/v2\/types\/product"}],"version-history":[{"count":2,"href":"https:\/\/www.everbeauting.com\/es\/wp-json\/wp\/v2\/product\/9822\/revisions"}],"predecessor-version":[{"id":9829,"href":"https:\/\/www.everbeauting.com\/es\/wp-json\/wp\/v2\/product\/9822\/revisions\/9829"}],"wp:featuredmedia":[{"embeddable":true,"href":"https:\/\/www.everbeauting.com\/es\/wp-json\/wp\/v2\/media\/9824"}],"wp:attachment":[{"href":"https:\/\/www.everbeauting.com\/es\/wp-json\/wp\/v2\/media?parent=9822"}],"wp:term":[{"taxonomy":"product_cat","embeddable":true,"href":"https:\/\/www.everbeauting.com\/es\/wp-json\/wp\/v2\/product_cat?post=9822"},{"taxonomy":"product_tag","embeddable":true,"href":"https:\/\/www.everbeauting.com\/es\/wp-json\/wp\/v2\/product_tag?post=9822"}],"curies":[{"name":"wp","href":"https:\/\/api.w.org\/{rel}","templated":true}]}}