{"id":9830,"date":"2023-06-06T18:02:02","date_gmt":"2023-06-06T10:02:02","guid":{"rendered":"https:\/\/www.everbeauting.com\/?post_type=product&#038;p=9830"},"modified":"2023-06-06T18:13:46","modified_gmt":"2023-06-06T10:13:46","slug":"mini-tape-hair-extension","status":"publish","type":"product","link":"https:\/\/www.everbeauting.com\/es\/product\/mini-tape-pelo-extension","title":{"rendered":"Extensi\u00f3n de pelo MINI Tape"},"content":{"rendered":"<p><strong>MINI Tape Extensiones de pelo , MINI Flower Tape In Hair<\/strong><\/p>\n<p><strong>Extensiones de pelo Mini Tape R\u00e1pidas y F\u00e1ciles para darle un pelo m\u00e1s largo y grueso en un instante, se puede aplicar en zonas donde otras extensiones no se pueden aplicar.<\/strong><\/p>\n<p>Nombre del producto:  MINI cinta extensiones de cabello<\/p>\n<p>Tama\u00f1o del paquete\uff1a 4cm*0,8cm*20 tiras o 4cm * 1cm * 20 tiras.<\/p>\n<p>Materias primas: trenzas de cabello humano remy 100%<\/p>\n<p>Grado de cabello: cabello remy natural<\/p>\n<p>Longitud del cabello: disponible de 14 a 28 pulgadas<\/p>\n<p>Color de pelo: 50 colores en el anillo de color.<\/p>\n<p>Proporci\u00f3n de pelo:  Doble dibujado ( alrededor de 30% del pelo m\u00e1s largo)<\/p>\n<p>Peso del pelo: 40g por paquete, 50g por paquete, o personalizado<\/p>\n<p>Paquete: paquete de f\u00e1brica\/marca de los clientes<\/p>\n<p>MOQ: 20 paquetes por color por longitud<\/p>","protected":false},"excerpt":{"rendered":"<p>MINI Tape Hair Extensions , MINI Flower Tape In Hair Mini Tape Hair Extensions R\u00e1pido y f\u00e1cil para darle<\/p>","protected":false},"featured_media":9831,"template":"","meta":[],"product_cat":[20,73],"product_tag":[],"class_list":{"0":"post-9830","1":"product","2":"type-product","3":"status-publish","4":"has-post-thumbnail","6":"product_cat-hair-extensions","7":"product_cat-tape-hair-series","9":"first","10":"instock","11":"shipping-taxable","12":"purchasable","13":"product-type-simple"},"_links":{"self":[{"href":"https:\/\/www.everbeauting.com\/es\/wp-json\/wp\/v2\/product\/9830","targetHints":{"allow":["GET"]}}],"collection":[{"href":"https:\/\/www.everbeauting.com\/es\/wp-json\/wp\/v2\/product"}],"about":[{"href":"https:\/\/www.everbeauting.com\/es\/wp-json\/wp\/v2\/types\/product"}],"version-history":[{"count":1,"href":"https:\/\/www.everbeauting.com\/es\/wp-json\/wp\/v2\/product\/9830\/revisions"}],"predecessor-version":[{"id":9836,"href":"https:\/\/www.everbeauting.com\/es\/wp-json\/wp\/v2\/product\/9830\/revisions\/9836"}],"wp:featuredmedia":[{"embeddable":true,"href":"https:\/\/www.everbeauting.com\/es\/wp-json\/wp\/v2\/media\/9831"}],"wp:attachment":[{"href":"https:\/\/www.everbeauting.com\/es\/wp-json\/wp\/v2\/media?parent=9830"}],"wp:term":[{"taxonomy":"product_cat","embeddable":true,"href":"https:\/\/www.everbeauting.com\/es\/wp-json\/wp\/v2\/product_cat?post=9830"},{"taxonomy":"product_tag","embeddable":true,"href":"https:\/\/www.everbeauting.com\/es\/wp-json\/wp\/v2\/product_tag?post=9830"}],"curies":[{"name":"wp","href":"https:\/\/api.w.org\/{rel}","templated":true}]}}