{"id":9847,"date":"2023-06-07T10:24:13","date_gmt":"2023-06-07T02:24:13","guid":{"rendered":"https:\/\/www.everbeauting.com\/?post_type=product&#038;p=9847"},"modified":"2023-06-07T10:31:54","modified_gmt":"2023-06-07T02:31:54","slug":"classic-double-drawn-weft","status":"publish","type":"product","link":"https:\/\/www.everbeauting.com\/es\/product\/trama-doble-clasica","title":{"rendered":"Trama doble cl\u00e1sica"},"content":{"rendered":"<p><strong>Tramas a m\u00e1quina de doble estirado, tramas cosidas a m\u00e1quina, trama de cabello humano remy<\/strong><\/p>\n<p><strong>Tramas\u00a0<em class=\"t55VCb\">extensiones de cabello<\/em>\u00a0son ideales para cabellos gruesos, rizados o m\u00e1s gruesos. No se necesita cinta adhesiva, pegamento ni calor para este look que aumenta el volumen.<\/strong><\/p>\n<p>Nombre del producto : Tramas cl\u00e1sicas de cabello humano doble estirado<\/p>\n<p>Materias primas: trenzas de cabello humano remy 100%<\/p>\n<p>Tipo de cabello: cabello natural<\/p>\n<p>Longitud del cabello: disponible de 14 a 28 pulgadas<\/p>\n<p>Color de pelo: 50 colores en el anillo de color.<\/p>\n<p>Peso del cabello: 50 g por pieza y 100 g por paquete<\/p>\n<p>Hair Ratio:  Doble Dibujo<\/p>\n<p>Caracter\u00edstica: trama cl\u00e1sica cosida a m\u00e1quina<\/p>\n<p>Paquete: paquete de f\u00e1brica\/marca de los clientes<\/p>\n<p>MOQ: 10 paquetes\/color\/longitud<\/p>","protected":false},"excerpt":{"rendered":"<p>Tramas a maquina de doble estirado, tramas cosidas a maquina, tramas de cabello humano remy Las extensiones de cabello con tramas son ideales para cabellos gruesos, rizados o gruesos.<\/p>","protected":false},"featured_media":9848,"template":"","meta":[],"product_cat":[20,74],"product_tag":[],"class_list":{"0":"post-9847","1":"product","2":"type-product","3":"status-publish","4":"has-post-thumbnail","6":"product_cat-hair-extensions","7":"product_cat-hair-weft-series","9":"first","10":"instock","11":"shipping-taxable","12":"purchasable","13":"product-type-simple"},"_links":{"self":[{"href":"https:\/\/www.everbeauting.com\/es\/wp-json\/wp\/v2\/product\/9847","targetHints":{"allow":["GET"]}}],"collection":[{"href":"https:\/\/www.everbeauting.com\/es\/wp-json\/wp\/v2\/product"}],"about":[{"href":"https:\/\/www.everbeauting.com\/es\/wp-json\/wp\/v2\/types\/product"}],"version-history":[{"count":1,"href":"https:\/\/www.everbeauting.com\/es\/wp-json\/wp\/v2\/product\/9847\/revisions"}],"predecessor-version":[{"id":9851,"href":"https:\/\/www.everbeauting.com\/es\/wp-json\/wp\/v2\/product\/9847\/revisions\/9851"}],"wp:featuredmedia":[{"embeddable":true,"href":"https:\/\/www.everbeauting.com\/es\/wp-json\/wp\/v2\/media\/9848"}],"wp:attachment":[{"href":"https:\/\/www.everbeauting.com\/es\/wp-json\/wp\/v2\/media?parent=9847"}],"wp:term":[{"taxonomy":"product_cat","embeddable":true,"href":"https:\/\/www.everbeauting.com\/es\/wp-json\/wp\/v2\/product_cat?post=9847"},{"taxonomy":"product_tag","embeddable":true,"href":"https:\/\/www.everbeauting.com\/es\/wp-json\/wp\/v2\/product_tag?post=9847"}],"curies":[{"name":"wp","href":"https:\/\/api.w.org\/{rel}","templated":true}]}}