{"id":9858,"date":"2023-06-07T10:50:11","date_gmt":"2023-06-07T02:50:11","guid":{"rendered":"https:\/\/www.everbeauting.com\/?post_type=product&#038;p=9858"},"modified":"2023-06-07T11:37:21","modified_gmt":"2023-06-07T03:37:21","slug":"ombre-color-machine-weft","status":"publish","type":"product","link":"https:\/\/www.everbeauting.com\/es\/product\/ombre-color-maquina-tejer","title":{"rendered":"Trama a m\u00e1quina Ombre"},"content":{"rendered":"<p><strong>ombre color m\u00e1quina de trama, ombre cl\u00e1sico color tramas, remy trama de cabello humano<\/strong><\/p>\n<p><strong>Las tramas de cabello humano tienen muchos m\u00e9todos de aplicaci\u00f3n diferentes - Las tramas de cabello de remezcla pueden peinarse como su cabello natural\u00a0<\/strong><\/p>\n<p>Nombre del producto : Tramas cl\u00e1sicas de cabello humano doble estirado<\/p>\n<p>Materias primas: trenzas de cabello humano remy 100%<\/p>\n<p>Tipo de cabello: cabello natural<\/p>\n<p>Longitud del cabello: disponible de 14 a 28 pulgadas<\/p>\n<p>Color de pelo: 50 colores en el anillo de color.<\/p>\n<p>Peso del pelo: 100 g por paquete<\/p>\n<p>Hair Ratio:  Doble Dibujo<\/p>\n<p>Caracter\u00edstica: trama cl\u00e1sica cosida a m\u00e1quina<\/p>\n<p>Paquete: paquete de f\u00e1brica\/marca de los clientes<\/p>\n<p>MOQ: 10 paquetes\/color\/longitud<\/p>","protected":false},"excerpt":{"rendered":"<p>ombre m\u00e1quina de trama de color, cl\u00e1sico ombre tramas de color, pelo humano remy trama Tramas de cabello humano tienen muchos m\u00e9todos diferentes de aplicaci\u00f3n - Remy Hair<\/p>","protected":false},"featured_media":9876,"template":"","meta":[],"product_cat":[20,74],"product_tag":[],"class_list":{"0":"post-9858","1":"product","2":"type-product","3":"status-publish","4":"has-post-thumbnail","6":"product_cat-hair-extensions","7":"product_cat-hair-weft-series","9":"first","10":"instock","11":"shipping-taxable","12":"purchasable","13":"product-type-simple"},"_links":{"self":[{"href":"https:\/\/www.everbeauting.com\/es\/wp-json\/wp\/v2\/product\/9858","targetHints":{"allow":["GET"]}}],"collection":[{"href":"https:\/\/www.everbeauting.com\/es\/wp-json\/wp\/v2\/product"}],"about":[{"href":"https:\/\/www.everbeauting.com\/es\/wp-json\/wp\/v2\/types\/product"}],"version-history":[{"count":3,"href":"https:\/\/www.everbeauting.com\/es\/wp-json\/wp\/v2\/product\/9858\/revisions"}],"predecessor-version":[{"id":9879,"href":"https:\/\/www.everbeauting.com\/es\/wp-json\/wp\/v2\/product\/9858\/revisions\/9879"}],"wp:featuredmedia":[{"embeddable":true,"href":"https:\/\/www.everbeauting.com\/es\/wp-json\/wp\/v2\/media\/9876"}],"wp:attachment":[{"href":"https:\/\/www.everbeauting.com\/es\/wp-json\/wp\/v2\/media?parent=9858"}],"wp:term":[{"taxonomy":"product_cat","embeddable":true,"href":"https:\/\/www.everbeauting.com\/es\/wp-json\/wp\/v2\/product_cat?post=9858"},{"taxonomy":"product_tag","embeddable":true,"href":"https:\/\/www.everbeauting.com\/es\/wp-json\/wp\/v2\/product_tag?post=9858"}],"curies":[{"name":"wp","href":"https:\/\/api.w.org\/{rel}","templated":true}]}}